{"id":148926,"date":"2021-01-15T10:58:29","date_gmt":"2021-01-15T10:58:29","guid":{"rendered":"https:\/\/codengine3.ch\/?product=import-placeholder-for-202085"},"modified":"2021-01-15T12:33:13","modified_gmt":"2021-01-15T12:33:13","slug":"la-meije-reine-de-l-oisans","status":"publish","type":"product","link":"https:\/\/pizbube.ch\/en\/shop\/la-meije-reine-de-l-oisans\/","title":{"rendered":"La Meije; Reine de l&#8216; Oisans"},"content":{"rendered":"<p>l&#8216; auteur retrace l&#8216; histoire de la Meije: nombreux documents in\u00e9dits, la<br \/>\nbataille de sa conqu\u00eate, la dynastie des guides, l&#8216; ouverture de voies<br \/>\nnouvelles et les enjeux actuels.<\/p>\n<p>Sommet-roi du Dauphin\u00e9, la Meije d\u00e9ploie sa majestueuse silhouette aux confins<br \/>\nde l&#8217;Is\u00e8re et des Hautes-Alpes, au c\u0153ur de l&#8217;Oisans. Son nom et son image sont<br \/>\nintimement li\u00e9s \u00e0 la vie de La Grave, haut-lieu touristique de la Romanche<br \/>\nentre le plateau d&#8217;Emparis, paradis estival de la randonn\u00e9e, et les Vallons de<br \/>\nla Meije, domaine mondialement r\u00e9put\u00e9 de ski hors-piste. Elle poss\u00e8de aussi<br \/>\nson versant du soleil, sur le territoire de Saint- Christophe-en-Oisans &#8211;<br \/>\nc&#8217;est l\u00e0 que se place La B\u00e9rarde, la &#187; Mecque de l&#8217;alpinisme &#171;, au centre du<br \/>\nparc national des \u00c9crins.<\/p>\n<p>En quarante ans d&#8217;alpinisme, Pierre Chapoutot est devenu l&#8217;un des meilleurs<br \/>\nconnaisseurs de la Meije, dont il a parcouru la plupart des itin\u00e9raires. D&#8217;une<br \/>\nplume passionn\u00e9e et \u00e9rudite, s&#8217;appuyant sur de nombreux documents souvent<br \/>\nin\u00e9dits, il retrace l&#8217;histoire de celle qui resta longtemps la &#187; Grande<br \/>\nDifficile &#171;, o\u00f9 se sont \u00e9crites quelques-unes des plus belles pages de<br \/>\nl&#8217;alpinisme : la longue bataille de sa conqu\u00eate, l&#8217;\u00e9tonnante dynastie des<br \/>\nguides-paysans, les vaines tentatives et les drames, l&#8217;ouverture de voies<br \/>\nnouvelles et les enjeux actuels&#8230;<\/p>","protected":false},"excerpt":{"rendered":"<p>l&#8216; auteur retrace l&#8216; histoire de la Meije: nombreux documents in\u00e9dits, la bataille de sa conqu\u00eate, la dynastie des guides, l&#8216; ouverture de voies nouvelles et les enjeux actuels. Sommet-roi du Dauphin\u00e9, la Meije d\u00e9ploie sa majestueuse silhouette aux confins de l&#8217;Is\u00e8re et des Hautes-Alpes, au c\u0153ur de l&#8217;Oisans. Son nom et son image sont [&#8230;]\n","protected":false},"featured_media":33154,"template":"","meta":[],"product_brand":[],"product_cat":[21542],"product_tag":[],"class_list":{"0":"post-148926","1":"product","2":"type-product","3":"status-publish","4":"has-post-thumbnail","6":"product_cat-sachbuecher-dokumentationen","7":"pa_autor-chapoutot-chevaillot","8":"pa_erscheinungsjahr-21750","9":"pa_region-frankreich","10":"pa_sprache-fr","12":"first","13":"instock","14":"taxable","15":"shipping-taxable","16":"purchasable","17":"product-type-simple"},"_links":{"self":[{"href":"https:\/\/pizbube.ch\/en\/wp-json\/wp\/v2\/product\/148926","targetHints":{"allow":["GET"]}}],"collection":[{"href":"https:\/\/pizbube.ch\/en\/wp-json\/wp\/v2\/product"}],"about":[{"href":"https:\/\/pizbube.ch\/en\/wp-json\/wp\/v2\/types\/product"}],"wp:featuredmedia":[{"embeddable":true,"href":"https:\/\/pizbube.ch\/en\/wp-json\/wp\/v2\/media\/33154"}],"wp:attachment":[{"href":"https:\/\/pizbube.ch\/en\/wp-json\/wp\/v2\/media?parent=148926"}],"wp:term":[{"taxonomy":"product_brand","embeddable":true,"href":"https:\/\/pizbube.ch\/en\/wp-json\/wp\/v2\/product_brand?post=148926"},{"taxonomy":"product_cat","embeddable":true,"href":"https:\/\/pizbube.ch\/en\/wp-json\/wp\/v2\/product_cat?post=148926"},{"taxonomy":"product_tag","embeddable":true,"href":"https:\/\/pizbube.ch\/en\/wp-json\/wp\/v2\/product_tag?post=148926"}],"curies":[{"name":"wp","href":"https:\/\/api.w.org\/{rel}","templated":true}]}}