{"id":148928,"date":"2021-01-15T10:58:29","date_gmt":"2021-01-15T10:58:29","guid":{"rendered":"https:\/\/codengine3.ch\/?product=import-placeholder-for-200557"},"modified":"2021-01-15T10:58:46","modified_gmt":"2021-01-15T10:58:46","slug":"escalade-au-pays-de-la-meije","status":"publish","type":"product","link":"https:\/\/pizbube.ch\/en\/shop\/escalade-au-pays-de-la-meije\/","title":{"rendered":"Escalade au pays de la Meije"},"content":{"rendered":"<p>Le bureau des guides de la Grave vous propose un tout nouveau topo regroupant<br \/>\nles descriptifs de<br \/>\n&#171;falaises \u00e9coles&#187;, &#171;grandes voies&#187;, &#171;blocs&#187; et &#171;dry cooling&#187;.  <\/p>\n<p>Dans ce nouveau topo vous retrouverez:<br \/>\n&#8211; 250 couennes<br \/>\n&#8211; 15 grandes voies<br \/>\n&#8211; 2 sites de blocs<br \/>\n&#8211; 2 sites de dry tooling  <\/p>\n<p>Sont \u00e9galement pr\u00e9sent\u00e9s des secteurs exclusives que l&#8217;on ne retrouve pas dans<br \/>\nles topos de l&#8217;is\u00e8re ou du brian\u00e7onnais<br \/>\n63 p.<\/p>","protected":false},"excerpt":{"rendered":"<p>Le bureau des guides de la Grave vous propose un tout nouveau topo regroupant les descriptifs de &#171;falaises \u00e9coles&#187;, &#171;grandes voies&#187;, &#171;blocs&#187; et &#171;dry cooling&#187;. Dans ce nouveau topo vous retrouverez: &#8211; 250 couennes &#8211; 15 grandes voies &#8211; 2 sites de blocs &#8211; 2 sites de dry tooling Sont \u00e9galement pr\u00e9sent\u00e9s des secteurs exclusives [&#8230;]\n","protected":false},"featured_media":27293,"template":"","meta":[],"product_brand":[],"product_cat":[21539],"product_tag":[],"class_list":{"0":"post-148928","1":"product","2":"type-product","3":"status-publish","4":"has-post-thumbnail","6":"product_cat-fuehrerliteratur-sportklettern-bouldern","7":"pa_autor-guides-de-la-grave","8":"pa_erscheinungsjahr-21597","9":"pa_region-frankreich","10":"pa_sprache-fr","12":"first","13":"instock","14":"taxable","15":"shipping-taxable","16":"purchasable","17":"product-type-simple"},"_links":{"self":[{"href":"https:\/\/pizbube.ch\/en\/wp-json\/wp\/v2\/product\/148928","targetHints":{"allow":["GET"]}}],"collection":[{"href":"https:\/\/pizbube.ch\/en\/wp-json\/wp\/v2\/product"}],"about":[{"href":"https:\/\/pizbube.ch\/en\/wp-json\/wp\/v2\/types\/product"}],"wp:featuredmedia":[{"embeddable":true,"href":"https:\/\/pizbube.ch\/en\/wp-json\/wp\/v2\/media\/27293"}],"wp:attachment":[{"href":"https:\/\/pizbube.ch\/en\/wp-json\/wp\/v2\/media?parent=148928"}],"wp:term":[{"taxonomy":"product_brand","embeddable":true,"href":"https:\/\/pizbube.ch\/en\/wp-json\/wp\/v2\/product_brand?post=148928"},{"taxonomy":"product_cat","embeddable":true,"href":"https:\/\/pizbube.ch\/en\/wp-json\/wp\/v2\/product_cat?post=148928"},{"taxonomy":"product_tag","embeddable":true,"href":"https:\/\/pizbube.ch\/en\/wp-json\/wp\/v2\/product_tag?post=148928"}],"curies":[{"name":"wp","href":"https:\/\/api.w.org\/{rel}","templated":true}]}}