{"id":148929,"date":"2021-01-15T10:58:29","date_gmt":"2021-01-15T10:58:29","guid":{"rendered":"https:\/\/codengine3.ch\/?product=import-placeholder-for-200534"},"modified":"2021-01-15T10:58:34","modified_gmt":"2021-01-15T10:58:34","slug":"mythos-berg-lexikon-der-weltweit-bedeutendsten-berge","status":"publish","type":"product","link":"https:\/\/pizbube.ch\/en\/shop\/mythos-berg-lexikon-der-weltweit-bedeutendsten-berge\/","title":{"rendered":"Mythos Berg &#8211; Lexikon der weltweit bedeutendsten Berge"},"content":{"rendered":"<p>Mythos Berg ist ein Nachschlagewerk zu den weltweit bedeutendsten Bergen und<br \/>\nGebirgen aus religions- und kulturgeschichtlicher Sicht. Es ist das erste<br \/>\nLexikon, das ausschlie\u00dflich den Bergen gewidmet ist und dem Bergsteiger wie<br \/>\ndem Trekkingtouristen bei der Planung von Touren behilflich sein will. Es soll<br \/>\nVerst\u00e4ndnis wecken f\u00fcr die vielf\u00e4ltigen Kulturen und Religionen, f\u00fcr fremde<br \/>\nSprachen und Traditionen.<\/p>\n<p>Der Gro\u00dfteil der in diesem Lexikon aufgef\u00fchrten Berge hat eine Geschichte, die<br \/>\nmeisten spielen in den Mythen der umwohnenden Menschen seit alters her eine<br \/>\ngro\u00dfe Rolle, sind Landmarken, Orientierungspunkte und Wetteranzeiger. Viele<br \/>\nsind auch Wohnorte der G\u00f6tter und D\u00e4monen, sind Sitz numinoser Kr\u00e4fte oder<br \/>\nwerden zur Mitte der sichtbaren Welt.<\/p>\n<p>Manchmal sind sie auch Wohnorte der Toten, oder die Menschen stellen sich dort<br \/>\ndas Paradies vor. Helden werden in die Berge entr\u00fcckt. Den Bergen wird<br \/>\ngeopfert, um die Fruchtbarkeit von Weiden und \u00c4ckern zu sichern. Manchmal sind<br \/>\nsie auch Orte, die verteufelt werden, wenn auf ihnen die Hexen tanzen.<\/p>\n<p>2. verbesserte und vermehrte Auflage 2017; 605 Seiten, gebunden.  <\/p>","protected":false},"excerpt":{"rendered":"<p>Mythos Berg ist ein Nachschlagewerk zu den weltweit bedeutendsten Bergen und Gebirgen aus religions- und kulturgeschichtlicher Sicht. Es ist das erste Lexikon, das ausschlie\u00dflich den Bergen gewidmet ist und dem Bergsteiger wie dem Trekkingtouristen bei der Planung von Touren behilflich sein will. Es soll Verst\u00e4ndnis wecken f\u00fcr die vielf\u00e4ltigen Kulturen und Religionen, f\u00fcr fremde Sprachen [&#8230;]\n","protected":false},"featured_media":27206,"template":"","meta":[],"product_brand":[],"product_cat":[21542],"product_tag":[],"class_list":{"0":"post-148929","1":"product","2":"type-product","3":"status-publish","4":"has-post-thumbnail","6":"product_cat-sachbuecher-dokumentationen","7":"pa_autor-gratzl","8":"pa_erscheinungsjahr-21574","9":"pa_region-oesterreich","10":"pa_sprache-de","12":"first","13":"instock","14":"taxable","15":"shipping-taxable","16":"purchasable","17":"product-type-simple"},"_links":{"self":[{"href":"https:\/\/pizbube.ch\/en\/wp-json\/wp\/v2\/product\/148929","targetHints":{"allow":["GET"]}}],"collection":[{"href":"https:\/\/pizbube.ch\/en\/wp-json\/wp\/v2\/product"}],"about":[{"href":"https:\/\/pizbube.ch\/en\/wp-json\/wp\/v2\/types\/product"}],"wp:featuredmedia":[{"embeddable":true,"href":"https:\/\/pizbube.ch\/en\/wp-json\/wp\/v2\/media\/27206"}],"wp:attachment":[{"href":"https:\/\/pizbube.ch\/en\/wp-json\/wp\/v2\/media?parent=148929"}],"wp:term":[{"taxonomy":"product_brand","embeddable":true,"href":"https:\/\/pizbube.ch\/en\/wp-json\/wp\/v2\/product_brand?post=148929"},{"taxonomy":"product_cat","embeddable":true,"href":"https:\/\/pizbube.ch\/en\/wp-json\/wp\/v2\/product_cat?post=148929"},{"taxonomy":"product_tag","embeddable":true,"href":"https:\/\/pizbube.ch\/en\/wp-json\/wp\/v2\/product_tag?post=148929"}],"curies":[{"name":"wp","href":"https:\/\/api.w.org\/{rel}","templated":true}]}}