{"id":148938,"date":"2021-01-15T10:58:29","date_gmt":"2021-01-15T10:58:29","guid":{"rendered":"https:\/\/codengine3.ch\/?product=import-placeholder-for-207472"},"modified":"2021-01-15T16:03:37","modified_gmt":"2021-01-15T16:03:37","slug":"tagebuch-fuer-gipfelstuermer","status":"publish","type":"product","link":"https:\/\/pizbube.ch\/en\/shop\/tagebuch-fuer-gipfelstuermer\/","title":{"rendered":"Tagebuch f\u00fcr Gipfelst\u00fcrmer"},"content":{"rendered":"<p>Tolle Aussichtspunkte, neu entdeckte H\u00fctten, kleine Skizzen, pers\u00f6nliche<br \/>\nGedanken und Erinnerungen: Das Tourentagebuch bietet viel Freiraum zum<br \/>\nFesthalten der sch\u00f6nsten Bergerlebnisse.  <\/p>\n<p>Es ist sorgf\u00e4ltig gestaltet mit Leseb\u00e4ndchen, Stifthalter und praktischer<br \/>\nEinstecktasche und passt dank seines handlichen Formats in jeden Rucksack.<br \/>\nMit wichtigen Internetadressen und Telefonnummern f\u00fcr Wanderer. Ideal auch als<br \/>\noriginelles Geschenk.<\/p>","protected":false},"excerpt":{"rendered":"<p>Tolle Aussichtspunkte, neu entdeckte H\u00fctten, kleine Skizzen, pers\u00f6nliche Gedanken und Erinnerungen: Das Tourentagebuch bietet viel Freiraum zum Festhalten der sch\u00f6nsten Bergerlebnisse. Es ist sorgf\u00e4ltig gestaltet mit Leseb\u00e4ndchen, Stifthalter und praktischer Einstecktasche und passt dank seines handlichen Formats in jeden Rucksack. Mit wichtigen Internetadressen und Telefonnummern f\u00fcr Wanderer. Ideal auch als originelles Geschenk.<\/p>","protected":false},"featured_media":37565,"template":"","meta":[],"product_brand":[],"product_cat":[21836],"product_tag":[],"class_list":{"0":"post-148938","1":"product","2":"type-product","3":"status-publish","4":"has-post-thumbnail","6":"product_cat-geschenkideen","7":"pa_autor-bruckmann-vlg","8":"pa_erscheinungsjahr-21568","9":"pa_region-schweiz","10":"pa_sprache-de","12":"first","13":"instock","14":"taxable","15":"shipping-taxable","16":"purchasable","17":"product-type-simple"},"_links":{"self":[{"href":"https:\/\/pizbube.ch\/en\/wp-json\/wp\/v2\/product\/148938","targetHints":{"allow":["GET"]}}],"collection":[{"href":"https:\/\/pizbube.ch\/en\/wp-json\/wp\/v2\/product"}],"about":[{"href":"https:\/\/pizbube.ch\/en\/wp-json\/wp\/v2\/types\/product"}],"wp:featuredmedia":[{"embeddable":true,"href":"https:\/\/pizbube.ch\/en\/wp-json\/wp\/v2\/media\/37565"}],"wp:attachment":[{"href":"https:\/\/pizbube.ch\/en\/wp-json\/wp\/v2\/media?parent=148938"}],"wp:term":[{"taxonomy":"product_brand","embeddable":true,"href":"https:\/\/pizbube.ch\/en\/wp-json\/wp\/v2\/product_brand?post=148938"},{"taxonomy":"product_cat","embeddable":true,"href":"https:\/\/pizbube.ch\/en\/wp-json\/wp\/v2\/product_cat?post=148938"},{"taxonomy":"product_tag","embeddable":true,"href":"https:\/\/pizbube.ch\/en\/wp-json\/wp\/v2\/product_tag?post=148938"}],"curies":[{"name":"wp","href":"https:\/\/api.w.org\/{rel}","templated":true}]}}