{"id":148939,"date":"2021-01-15T10:58:29","date_gmt":"2021-01-15T10:58:29","guid":{"rendered":"https:\/\/codengine3.ch\/?product=import-placeholder-for-201235"},"modified":"2021-01-15T11:59:46","modified_gmt":"2021-01-15T11:59:46","slug":"101-dinge-die-ein-laeufer-wissen-muss","status":"publish","type":"product","link":"https:\/\/pizbube.ch\/en\/shop\/101-dinge-die-ein-laeufer-wissen-muss\/","title":{"rendered":"101 Dinge die ein L\u00e4ufer wissen muss"},"content":{"rendered":"<p>Mit diesem Buch wird Laufen f\u00fcr Einsteiger zum Klacks. Das kompakte Wissen zu<br \/>\nLauftraining, Lauftechnik und allem, was sonst noch dazugeh\u00f6rt, erkl\u00e4rt die<br \/>\n101 Dinge, die L\u00e4ufer wissen m\u00fcssen. Auf dieser Grundlage werden Einsteiger<br \/>\nund so manche alten Hasen ihr Lauftraining gezielt verbessern \u0096 und richtig<br \/>\ndurchstarten, ohne dass die Puste ausgeht. Mit zahlreichen Tipps speziell f\u00fcr<br \/>\nEinsteiger.<\/p>\n<p>192 Seiten, ca. 100 Abbildungen, Format 12,0 x 18,5 cm, Flexcover<\/p>","protected":false},"excerpt":{"rendered":"<p>Mit diesem Buch wird Laufen f\u00fcr Einsteiger zum Klacks. Das kompakte Wissen zu Lauftraining, Lauftechnik und allem, was sonst noch dazugeh\u00f6rt, erkl\u00e4rt die 101 Dinge, die L\u00e4ufer wissen m\u00fcssen. Auf dieser Grundlage werden Einsteiger und so manche alten Hasen ihr Lauftraining gezielt verbessern \u0096 und richtig durchstarten, ohne dass die Puste ausgeht. Mit zahlreichen Tipps [&#8230;]\n","protected":false},"featured_media":32506,"template":"","meta":[],"product_brand":[],"product_cat":[21542],"product_tag":[],"class_list":{"0":"post-148939","1":"product","2":"type-product","3":"status-publish","4":"has-post-thumbnail","6":"product_cat-sachbuecher-dokumentationen","7":"pa_autor-opel","8":"pa_erscheinungsjahr-21571","9":"pa_region-deutschland","10":"pa_sprache-d","12":"first","13":"instock","14":"taxable","15":"shipping-taxable","16":"purchasable","17":"product-type-simple"},"_links":{"self":[{"href":"https:\/\/pizbube.ch\/en\/wp-json\/wp\/v2\/product\/148939","targetHints":{"allow":["GET"]}}],"collection":[{"href":"https:\/\/pizbube.ch\/en\/wp-json\/wp\/v2\/product"}],"about":[{"href":"https:\/\/pizbube.ch\/en\/wp-json\/wp\/v2\/types\/product"}],"wp:featuredmedia":[{"embeddable":true,"href":"https:\/\/pizbube.ch\/en\/wp-json\/wp\/v2\/media\/32506"}],"wp:attachment":[{"href":"https:\/\/pizbube.ch\/en\/wp-json\/wp\/v2\/media?parent=148939"}],"wp:term":[{"taxonomy":"product_brand","embeddable":true,"href":"https:\/\/pizbube.ch\/en\/wp-json\/wp\/v2\/product_brand?post=148939"},{"taxonomy":"product_cat","embeddable":true,"href":"https:\/\/pizbube.ch\/en\/wp-json\/wp\/v2\/product_cat?post=148939"},{"taxonomy":"product_tag","embeddable":true,"href":"https:\/\/pizbube.ch\/en\/wp-json\/wp\/v2\/product_tag?post=148939"}],"curies":[{"name":"wp","href":"https:\/\/api.w.org\/{rel}","templated":true}]}}