{"id":148940,"date":"2021-01-15T10:58:29","date_gmt":"2021-01-15T10:58:29","guid":{"rendered":"https:\/\/codengine3.ch\/?product=import-placeholder-for-204611"},"modified":"2024-03-20T10:38:11","modified_gmt":"2024-03-20T09:38:11","slug":"101-dinge-die-ein-skitourengeher-wissen-muss","status":"publish","type":"product","link":"https:\/\/pizbube.ch\/en\/shop\/101-dinge-die-ein-skitourengeher-wissen-muss\/","title":{"rendered":"101 Dinge, die ein Skitourengeher wissen muss"},"content":{"rendered":"<p>Informativ und unterhaltsam &#8211; Einfach Bretter unterschnallen und los?<br \/>\nBesser nicht. Dieses A-bis Z-Lesebuch bietet Skitourenwissen Neulinge ebenso<br \/>\nwie f\u00fcr Routiniers.<\/p>\n<p>Schritt f\u00fcr Schritt nach oben und dann in frischem Pulverschnee die H\u00e4nge<br \/>\nhinab: Skitourengehern geht das Herz auf, wenn sie daran denken. Endlich gibt<br \/>\nes ein Buch, das Wissensl\u00fccken von alten Hasen stopft und Anf\u00e4ngern<br \/>\nLawinenarten und Gel\u00e4ndefallen erkl\u00e4rt.<\/p>\n<p>Kompaktes Wissen zum Skibergsteigen, informativ und am\u00fcsant, leicht bek\u00f6mmlich<br \/>\nund mit allem, was man wissen muss \u0096 von A wie Abfahren \u00fcber Z wie Zumachen<br \/>\nder Bindung<\/p>\n<p>168 Seiten, Format 12,0 x 18,5 cm, Klappenbroschur mit Fadenheftung<\/p>","protected":false},"excerpt":{"rendered":"<p>Informativ und unterhaltsam &#8211; Einfach Bretter unterschnallen und los? Besser nicht. Dieses A-bis Z-Lesebuch bietet Skitourenwissen Neulinge ebenso wie f\u00fcr Routiniers. Schritt f\u00fcr Schritt nach oben und dann in frischem Pulverschnee die H\u00e4nge hinab: Skitourengehern geht das Herz auf, wenn sie daran denken. Endlich gibt es ein Buch, das Wissensl\u00fccken von alten Hasen stopft und [&#8230;]\n","protected":false},"featured_media":172121,"template":"","meta":[],"product_brand":[],"product_cat":[21542],"product_tag":[],"class_list":{"0":"post-148940","1":"product","2":"type-product","3":"status-publish","4":"has-post-thumbnail","6":"product_cat-sachbuecher-dokumentationen","7":"pa_autor-thiele","8":"pa_erscheinungsjahr-21546","9":"pa_region-deutschland","10":"pa_sprache-de","12":"first","13":"instock","14":"taxable","15":"shipping-taxable","16":"purchasable","17":"product-type-simple"},"_links":{"self":[{"href":"https:\/\/pizbube.ch\/en\/wp-json\/wp\/v2\/product\/148940","targetHints":{"allow":["GET"]}}],"collection":[{"href":"https:\/\/pizbube.ch\/en\/wp-json\/wp\/v2\/product"}],"about":[{"href":"https:\/\/pizbube.ch\/en\/wp-json\/wp\/v2\/types\/product"}],"wp:featuredmedia":[{"embeddable":true,"href":"https:\/\/pizbube.ch\/en\/wp-json\/wp\/v2\/media\/172121"}],"wp:attachment":[{"href":"https:\/\/pizbube.ch\/en\/wp-json\/wp\/v2\/media?parent=148940"}],"wp:term":[{"taxonomy":"product_brand","embeddable":true,"href":"https:\/\/pizbube.ch\/en\/wp-json\/wp\/v2\/product_brand?post=148940"},{"taxonomy":"product_cat","embeddable":true,"href":"https:\/\/pizbube.ch\/en\/wp-json\/wp\/v2\/product_cat?post=148940"},{"taxonomy":"product_tag","embeddable":true,"href":"https:\/\/pizbube.ch\/en\/wp-json\/wp\/v2\/product_tag?post=148940"}],"curies":[{"name":"wp","href":"https:\/\/api.w.org\/{rel}","templated":true}]}}