{"id":148946,"date":"2021-01-15T10:58:30","date_gmt":"2021-01-15T10:58:30","guid":{"rendered":"https:\/\/codengine3.ch\/?product=import-placeholder-for-205622"},"modified":"2021-05-04T17:31:35","modified_gmt":"2021-05-04T15:31:35","slug":"yosemite-in-the-sixties","status":"publish","type":"product","link":"https:\/\/pizbube.ch\/en\/shop\/yosemite-in-the-sixties\/","title":{"rendered":"Yosemite in the Sixties"},"content":{"rendered":"<p>Das Buch von Glen Denny zeigt eine Sammlung seltener Schwarzwei\u00dffotos aus dem<br \/>\nYosemite Valley, darunter Portr\u00e4ts der Bigwall-Pioniere aus den sp\u00e4ten<br \/>\nF\u00fcnfziger- und fr\u00fchen Sechzigerjahren (nur in englischer Sprache erh\u00e4ltlich).<\/p>\n<p>A collection of rare black-and-white photographs of the Yosemite Valley,<br \/>\nincluding intimate portraits of its big-wall pioneers during the late fifties<br \/>\nand early sixties.<\/p>\n<p>Originally inspired by the work of Ansel Adams, Denny quickly mastered the<br \/>\neffects of light on rock but his special gift is for these portraits of<br \/>\nclimbers in their element, for revealing the climber&#8217;s face in the<br \/>\nunselfconscious moment of obsession on a route, of pleasure in camp, of awe to<br \/>\nbe in such a place. He conveys the culture of Camp 4 in the sixties as well as<br \/>\nthe spirit of the big-wall climbs. Many of these photographs have never before<br \/>\nbeen published.<\/p>\n<p>If you\u2019ve ever been to Yosemite, ever plan to go, or have any interest in its<br \/>\nrich climbing history this superb book of classic images from Yosemite\u2019s<br \/>\ngolden age is an absolute must. Glen Denny was at the heart of this climbing<br \/>\nrevolution and his stunning collections of Black-and-white photographs are<br \/>\nbeautifully reproduced here giving a visual record of the time. The book<br \/>\nincludes a forward by Yvon Chouinard, one of the main protagonists of the<br \/>\ntime, and an introduction by Rick Ridgeway, of whom, Rolling Stone magazine<br \/>\ncalled &#8218;the real Indiana Jones&#8216;.<\/p>","protected":false},"excerpt":{"rendered":"<p>Das Buch von Glen Denny zeigt eine Sammlung seltener Schwarzwei\u00dffotos aus dem Yosemite Valley, darunter Portr\u00e4ts der Bigwall-Pioniere aus den sp\u00e4ten F\u00fcnfziger- und fr\u00fchen Sechzigerjahren (nur in englischer Sprache erh\u00e4ltlich). A collection of rare black-and-white photographs of the Yosemite Valley, including intimate portraits of its big-wall pioneers during the late fifties and early sixties. Originally [&#8230;]\n","protected":false},"featured_media":157169,"template":"","meta":[],"product_brand":[],"product_cat":[21542],"product_tag":[],"class_list":{"0":"post-148946","1":"product","2":"type-product","3":"status-publish","4":"has-post-thumbnail","6":"product_cat-sachbuecher-dokumentationen","7":"pa_autor-denny","8":"pa_erscheinungsjahr-21842","9":"pa_region-amerika-nord","10":"pa_sprache-en","12":"first","13":"instock","14":"taxable","15":"shipping-taxable","16":"purchasable","17":"product-type-simple"},"_links":{"self":[{"href":"https:\/\/pizbube.ch\/en\/wp-json\/wp\/v2\/product\/148946","targetHints":{"allow":["GET"]}}],"collection":[{"href":"https:\/\/pizbube.ch\/en\/wp-json\/wp\/v2\/product"}],"about":[{"href":"https:\/\/pizbube.ch\/en\/wp-json\/wp\/v2\/types\/product"}],"wp:featuredmedia":[{"embeddable":true,"href":"https:\/\/pizbube.ch\/en\/wp-json\/wp\/v2\/media\/157169"}],"wp:attachment":[{"href":"https:\/\/pizbube.ch\/en\/wp-json\/wp\/v2\/media?parent=148946"}],"wp:term":[{"taxonomy":"product_brand","embeddable":true,"href":"https:\/\/pizbube.ch\/en\/wp-json\/wp\/v2\/product_brand?post=148946"},{"taxonomy":"product_cat","embeddable":true,"href":"https:\/\/pizbube.ch\/en\/wp-json\/wp\/v2\/product_cat?post=148946"},{"taxonomy":"product_tag","embeddable":true,"href":"https:\/\/pizbube.ch\/en\/wp-json\/wp\/v2\/product_tag?post=148946"}],"curies":[{"name":"wp","href":"https:\/\/api.w.org\/{rel}","templated":true}]}}