{"id":148956,"date":"2021-01-15T10:58:30","date_gmt":"2021-01-15T10:58:30","guid":{"rendered":"https:\/\/codengine3.ch\/?product=import-placeholder-for-204894"},"modified":"2021-01-15T14:37:04","modified_gmt":"2021-01-15T14:37:04","slug":"der-blindgaenger","status":"publish","type":"product","link":"https:\/\/pizbube.ch\/en\/shop\/der-blindgaenger\/","title":{"rendered":"Der Blindg\u00e4nger"},"content":{"rendered":"<p>Das gewagte Leben des Steven Mack  <\/p>\n<p>Als Jugendlicher verbringt Steven Mack (25) jede freie Minute drau\u00dfen in der<br \/>\nNatur. Nur wenn er Wind und Wetter ausgesetzt ist, an Felsw\u00e4nden und \u00fcber<br \/>\nAbgr\u00fcnden h\u00e4ngt und unter freiem Himmel schl\u00e4ft, f\u00fchlt er sich lebendig.<br \/>\nSteven klettert auf Gipfel, springt an Seilen von B\u00e4umen und Br\u00fccken, taucht<br \/>\nin vereisten Seen, lebt im Wald und \u00fcbernachtet im Schnee. Auf seiner Suche<br \/>\nnach Freiheit findet er fast den Tod. Bei einem Pendelsprung von der<br \/>\nGanterbr\u00fccke im Wallis rei\u00dfen die Seile. Steven st\u00fcrzt 150 Meter in die Tiefe.<br \/>\nEin Baum rettet ihm das Leben. Stevens Kopf ist schwer verletzt, sein \u00fcbriger<br \/>\nK\u00f6rper \u00fcbersteht den Aufprall auf wundersame Weise fast unverletzt. Als Steven<br \/>\nMack langsam aus dem Koma erwacht, ist er blind. Und &#8211; entdeckt eine neue<br \/>\nWelt. &#8218;In den Bergen sah ich immer die Sonne. Auch bei Wolken und Nebel, auch<br \/>\nwenn es schneite und st\u00fcrmte. Immer schien die Sonne f\u00fcr mich. Das kann ich<br \/>\nerst jetzt sehen.&#8216; Steven Mack, zwei Jahre nach seinem Unfall.  <\/p>","protected":false},"excerpt":{"rendered":"<p>Das gewagte Leben des Steven Mack Als Jugendlicher verbringt Steven Mack (25) jede freie Minute drau\u00dfen in der Natur. Nur wenn er Wind und Wetter ausgesetzt ist, an Felsw\u00e4nden und \u00fcber Abgr\u00fcnden h\u00e4ngt und unter freiem Himmel schl\u00e4ft, f\u00fchlt er sich lebendig. Steven klettert auf Gipfel, springt an Seilen von B\u00e4umen und Br\u00fccken, taucht in [&#8230;]\n","protected":false},"featured_media":33435,"template":"","meta":[],"product_brand":[],"product_cat":[21542],"product_tag":[],"class_list":{"0":"post-148956","1":"product","2":"type-product","3":"status-publish","4":"has-post-thumbnail","6":"product_cat-sachbuecher-dokumentationen","7":"pa_autor-walter","8":"pa_erscheinungsjahr-21610","9":"pa_region-schweiz","10":"pa_sprache-de","12":"first","13":"instock","14":"taxable","15":"shipping-taxable","16":"purchasable","17":"product-type-simple"},"_links":{"self":[{"href":"https:\/\/pizbube.ch\/en\/wp-json\/wp\/v2\/product\/148956","targetHints":{"allow":["GET"]}}],"collection":[{"href":"https:\/\/pizbube.ch\/en\/wp-json\/wp\/v2\/product"}],"about":[{"href":"https:\/\/pizbube.ch\/en\/wp-json\/wp\/v2\/types\/product"}],"wp:featuredmedia":[{"embeddable":true,"href":"https:\/\/pizbube.ch\/en\/wp-json\/wp\/v2\/media\/33435"}],"wp:attachment":[{"href":"https:\/\/pizbube.ch\/en\/wp-json\/wp\/v2\/media?parent=148956"}],"wp:term":[{"taxonomy":"product_brand","embeddable":true,"href":"https:\/\/pizbube.ch\/en\/wp-json\/wp\/v2\/product_brand?post=148956"},{"taxonomy":"product_cat","embeddable":true,"href":"https:\/\/pizbube.ch\/en\/wp-json\/wp\/v2\/product_cat?post=148956"},{"taxonomy":"product_tag","embeddable":true,"href":"https:\/\/pizbube.ch\/en\/wp-json\/wp\/v2\/product_tag?post=148956"}],"curies":[{"name":"wp","href":"https:\/\/api.w.org\/{rel}","templated":true}]}}