{"id":148960,"date":"2021-01-15T10:58:30","date_gmt":"2021-01-15T10:58:30","guid":{"rendered":"https:\/\/codengine3.ch\/?product=import-placeholder-for-208402"},"modified":"2024-10-23T14:50:59","modified_gmt":"2024-10-23T12:50:59","slug":"alles-ist-moeglich","status":"publish","type":"product","link":"https:\/\/pizbube.ch\/en\/shop\/alles-ist-moeglich\/","title":{"rendered":"Alles ist m\u00f6glich"},"content":{"rendered":"<p>Der beste Moment ist jetzt<\/p>\n<p>Zweimal in einer Woche auf den Mount Everest \u2013 ohne zus\u00e4tzlichen Sauerstoff.<br \/>\nKilian Jornet hat scheinbar spielend das Unm\u00f6gliche geschafft. Ein Rekord, der<br \/>\nihn weit \u00fcber die Grenzen des Bergsteigens hinaus bekannt gemacht hat.<\/p>\n<p>Seit seiner Geburt in einer Bergh\u00fctte auf 2000 Meter H\u00f6he sind die Berge<br \/>\nJornets Abenteuerspielplatz: Mit f\u00fcnf Jahren hat er seinen ersten 4000er<br \/>\nbestiegen und mit zehn die Pyren\u00e4en \u00fcberquert. Mit zahlreichen Erfolgen bei<br \/>\nden ber\u00fcchtigtsten Ultrabergl\u00e4ufen tastet er sich an die Grenzen des<br \/>\n(Un-)M\u00f6glichen heran und hat sich dabei physisch und psychisch seit Jahren auf<br \/>\nErfolg und Niederlage vorbereitet.<\/p>\n<p>Die doppelte Besteigung des Mount Everest im Jahr 2017, die der Extremsportler<br \/>\nin diesem Buch beschreibt, ist der H\u00f6hepunkt seines \u00bbSummits of my<br \/>\nlife\u00ab-Projektes, f\u00fcr das Jornet einige der h\u00f6chsten Berge der Welt in<br \/>\nRekordzeit bestiegen hat.<\/p>\n<p>\u00bbAlles ist m\u00f6glich\u00ab ermutigt uns, unsere Tr\u00e4ume wahr werden zu lassen, mit<br \/>\nLeidenschaft und Freude zu laufen und die Berge \u00fcber alles zu genie\u00dfen.<\/p>\n<p>Der Katalane Kilian Jornet, gerade einmal 31 Jahre alt, ist mehrfacher<br \/>\nWeltmeister im Trailrunning und Skibergsteigen. Er h\u00e4lt nicht nur die Bestzeit<br \/>\nbei einigen der schwierigsten Ultramarathons, sondern schaffte es auch in<br \/>\nRekordzeit auf Matterhorn, Montblanc und Denali \u2013 und auch wieder hinunter.<\/p>","protected":false},"excerpt":{"rendered":"<p>Der beste Moment ist jetzt Zweimal in einer Woche auf den Mount Everest \u2013 ohne zus\u00e4tzlichen Sauerstoff. Kilian Jornet hat scheinbar spielend das Unm\u00f6gliche geschafft. Ein Rekord, der ihn weit \u00fcber die Grenzen des Bergsteigens hinaus bekannt gemacht hat. Seit seiner Geburt in einer Bergh\u00fctte auf 2000 Meter H\u00f6he sind die Berge Jornets Abenteuerspielplatz: Mit [&#8230;]\n","protected":false},"featured_media":176864,"template":"","meta":[],"product_brand":[],"product_cat":[21542],"product_tag":[],"class_list":{"0":"post-148960","1":"product","2":"type-product","3":"status-publish","4":"has-post-thumbnail","6":"product_cat-sachbuecher-dokumentationen","7":"pa_autor-jornet","8":"pa_erscheinungsjahr-21586","9":"pa_region-oesterreich","10":"pa_sprache-de","12":"first","13":"instock","14":"taxable","15":"shipping-taxable","16":"purchasable","17":"product-type-simple"},"_links":{"self":[{"href":"https:\/\/pizbube.ch\/en\/wp-json\/wp\/v2\/product\/148960","targetHints":{"allow":["GET"]}}],"collection":[{"href":"https:\/\/pizbube.ch\/en\/wp-json\/wp\/v2\/product"}],"about":[{"href":"https:\/\/pizbube.ch\/en\/wp-json\/wp\/v2\/types\/product"}],"wp:featuredmedia":[{"embeddable":true,"href":"https:\/\/pizbube.ch\/en\/wp-json\/wp\/v2\/media\/176864"}],"wp:attachment":[{"href":"https:\/\/pizbube.ch\/en\/wp-json\/wp\/v2\/media?parent=148960"}],"wp:term":[{"taxonomy":"product_brand","embeddable":true,"href":"https:\/\/pizbube.ch\/en\/wp-json\/wp\/v2\/product_brand?post=148960"},{"taxonomy":"product_cat","embeddable":true,"href":"https:\/\/pizbube.ch\/en\/wp-json\/wp\/v2\/product_cat?post=148960"},{"taxonomy":"product_tag","embeddable":true,"href":"https:\/\/pizbube.ch\/en\/wp-json\/wp\/v2\/product_tag?post=148960"}],"curies":[{"name":"wp","href":"https:\/\/api.w.org\/{rel}","templated":true}]}}