{"id":148965,"date":"2021-01-15T10:58:31","date_gmt":"2021-01-15T10:58:31","guid":{"rendered":"https:\/\/codengine3.ch\/?product=import-placeholder-for-203878"},"modified":"2021-01-15T14:27:30","modified_gmt":"2021-01-15T14:27:30","slug":"guia-de-excursiones-a-la-cordillera-trekking-climbing-the-andes","status":"publish","type":"product","link":"https:\/\/pizbube.ch\/en\/shop\/guia-de-excursiones-a-la-cordillera-trekking-climbing-the-andes\/","title":{"rendered":"Guia de Excursiones a la Cordillera &#8211; Trekking &#038; climbing the Andes"},"content":{"rendered":"<p>This is the most complete guide to 75 excursions, 76 peaks to climb and 84<br \/>\nseperate ascent routes in the Andean Cordillera.<\/p>\n<p>Mit 78 Bergen und Vulkanen ist dieser F\u00fchrer die wohl umfangreichste Quelle<br \/>\nf\u00fcr klassische, einfache Bergbesteigungen in Chile. Alle Routenvorschl\u00e4ge sind<br \/>\nmit einem Bild des Berges, einem Satellitenbild mit eingezeichneter Route und<br \/>\neiner Beschreibung auf spanisch und englisch vorgestellt. Pomerape 6240m,<br \/>\nParinacota 6342m, Guallatire 6060m, San Pablo 6092m, Sairecabur 5970m,<br \/>\nLicancabur 5920m, Lascar 5400m, Ojos del Salado 6893m  <\/p>\n<p>Zentralchile: Nevado Juncal 5925m, Cerro Leonera 4954m, Cerro Plomo 5424m,<br \/>\nCerro la Paloma 4910m, Cerro Pir\u00e1mide 5500m, Nevado Piuquenes 6020m, Tupungato<br \/>\n6570m, Mes\u00f3n Alto 5260m, Marmolejo 6108m, San Jos\u00e9 5856m, Volc\u00e1n Maipo 5260m.<\/p>\n<p>Updated 2nd edition  <\/p>","protected":false},"excerpt":{"rendered":"<p>This is the most complete guide to 75 excursions, 76 peaks to climb and 84 seperate ascent routes in the Andean Cordillera. Mit 78 Bergen und Vulkanen ist dieser F\u00fchrer die wohl umfangreichste Quelle f\u00fcr klassische, einfache Bergbesteigungen in Chile. Alle Routenvorschl\u00e4ge sind mit einem Bild des Berges, einem Satellitenbild mit eingezeichneter Route und einer [&#8230;]\n","protected":false},"featured_media":31584,"template":"","meta":[],"product_brand":[],"product_cat":[21544],"product_tag":[],"class_list":{"0":"post-148965","1":"product","2":"type-product","3":"status-publish","4":"has-post-thumbnail","6":"product_cat-fuehrerliteratur-alpin-sommer","7":"pa_autor-purto-valle","8":"pa_erscheinungsjahr-22242","9":"pa_region-amerika-sued","10":"pa_sprache-es-en","12":"first","13":"instock","14":"taxable","15":"shipping-taxable","16":"purchasable","17":"product-type-simple"},"_links":{"self":[{"href":"https:\/\/pizbube.ch\/en\/wp-json\/wp\/v2\/product\/148965","targetHints":{"allow":["GET"]}}],"collection":[{"href":"https:\/\/pizbube.ch\/en\/wp-json\/wp\/v2\/product"}],"about":[{"href":"https:\/\/pizbube.ch\/en\/wp-json\/wp\/v2\/types\/product"}],"wp:featuredmedia":[{"embeddable":true,"href":"https:\/\/pizbube.ch\/en\/wp-json\/wp\/v2\/media\/31584"}],"wp:attachment":[{"href":"https:\/\/pizbube.ch\/en\/wp-json\/wp\/v2\/media?parent=148965"}],"wp:term":[{"taxonomy":"product_brand","embeddable":true,"href":"https:\/\/pizbube.ch\/en\/wp-json\/wp\/v2\/product_brand?post=148965"},{"taxonomy":"product_cat","embeddable":true,"href":"https:\/\/pizbube.ch\/en\/wp-json\/wp\/v2\/product_cat?post=148965"},{"taxonomy":"product_tag","embeddable":true,"href":"https:\/\/pizbube.ch\/en\/wp-json\/wp\/v2\/product_tag?post=148965"}],"curies":[{"name":"wp","href":"https:\/\/api.w.org\/{rel}","templated":true}]}}