{"id":148969,"date":"2021-01-15T10:58:31","date_gmt":"2021-01-15T10:58:31","guid":{"rendered":"https:\/\/codengine3.ch\/?product=import-placeholder-for-203144"},"modified":"2021-01-15T12:54:31","modified_gmt":"2021-01-15T12:54:31","slug":"cordilleres-andines","status":"publish","type":"product","link":"https:\/\/pizbube.ch\/en\/shop\/cordilleres-andines\/","title":{"rendered":"cordill\u00e8res andines"},"content":{"rendered":"<p>Sur les hauts sommets de Bolivie, du P\u00e9rou et d`\u00c9quateur!<br \/>\nDes sommets sacr\u00e9s des civilisations indiennes aux d\u00e9couvertes climatologiques<br \/>\nles plus r\u00e9centes, les auteurs, glaciologues et andinistes passionn\u00e9s, nous<br \/>\nentra\u00eenent \u00e0 leur suite dans un voyage visuel et litt\u00e9raire au coeur de<br \/>\nl`intimit\u00e9 secr\u00e8te des Andes, au d\u00e9tour des sentiers inconnus et des belles<br \/>\nascensions.<\/p>","protected":false},"excerpt":{"rendered":"<p>Sur les hauts sommets de Bolivie, du P\u00e9rou et d`\u00c9quateur! Des sommets sacr\u00e9s des civilisations indiennes aux d\u00e9couvertes climatologiques les plus r\u00e9centes, les auteurs, glaciologues et andinistes passionn\u00e9s, nous entra\u00eenent \u00e0 leur suite dans un voyage visuel et litt\u00e9raire au coeur de l`intimit\u00e9 secr\u00e8te des Andes, au d\u00e9tour des sentiers inconnus et des belles ascensions.<\/p>","protected":false},"featured_media":30681,"template":"","meta":[],"product_brand":[],"product_cat":[21542],"product_tag":[],"class_list":{"0":"post-148969","1":"product","2":"type-product","3":"status-publish","4":"has-post-thumbnail","6":"product_cat-sachbuecher-dokumentationen","7":"pa_autor-francou-wagnon","8":"pa_erscheinungsjahr-22060","9":"pa_region-amerika-sued","10":"pa_sprache-fr","12":"first","13":"instock","14":"taxable","15":"shipping-taxable","16":"purchasable","17":"product-type-simple"},"_links":{"self":[{"href":"https:\/\/pizbube.ch\/en\/wp-json\/wp\/v2\/product\/148969","targetHints":{"allow":["GET"]}}],"collection":[{"href":"https:\/\/pizbube.ch\/en\/wp-json\/wp\/v2\/product"}],"about":[{"href":"https:\/\/pizbube.ch\/en\/wp-json\/wp\/v2\/types\/product"}],"wp:featuredmedia":[{"embeddable":true,"href":"https:\/\/pizbube.ch\/en\/wp-json\/wp\/v2\/media\/30681"}],"wp:attachment":[{"href":"https:\/\/pizbube.ch\/en\/wp-json\/wp\/v2\/media?parent=148969"}],"wp:term":[{"taxonomy":"product_brand","embeddable":true,"href":"https:\/\/pizbube.ch\/en\/wp-json\/wp\/v2\/product_brand?post=148969"},{"taxonomy":"product_cat","embeddable":true,"href":"https:\/\/pizbube.ch\/en\/wp-json\/wp\/v2\/product_cat?post=148969"},{"taxonomy":"product_tag","embeddable":true,"href":"https:\/\/pizbube.ch\/en\/wp-json\/wp\/v2\/product_tag?post=148969"}],"curies":[{"name":"wp","href":"https:\/\/api.w.org\/{rel}","templated":true}]}}