{"id":148970,"date":"2021-01-15T10:58:31","date_gmt":"2021-01-15T10:58:31","guid":{"rendered":"https:\/\/codengine3.ch\/?product=import-placeholder-for-204224"},"modified":"2021-01-15T14:31:03","modified_gmt":"2021-01-15T14:31:03","slug":"guia-de-los-andes-vol-1-cordon-del-plata-parque-provincial-del-aconcagua","status":"publish","type":"product","link":"https:\/\/pizbube.ch\/en\/shop\/guia-de-los-andes-vol-1-cordon-del-plata-parque-provincial-del-aconcagua\/","title":{"rendered":"Gu\u00eda de los Andes. Vol. 1. Cord\u00f3n del Plata. Parque Provincial del Aconcagua"},"content":{"rendered":"<p>Trekkings- Ascensiones: Gu\u00eda del Parque Provincial del Aconcagua que nos<br \/>\npermitir\u00e1 familiarizarnos con la regi\u00f3n y su historia, a la vez que recorrerla<br \/>\ncon excursiones, circuitos y ascensiones a algunos de sus m\u00e1s importantes<br \/>\npicos. Hay muy pocas descripciones precisas de esta impresionante zona de la<br \/>\nCordillera de los Andes, esa es la raz\u00f3n de que los autores hayan decidido<br \/>\nrecorrerla anotando los tiempos y cotas a una velocidad media, para despu\u00e9s<br \/>\nconfeccionar los recorridos que nos ofrecen en esta gu\u00eda. En la gu\u00eda<br \/>\nencontraremos, a parte de las indicaciones necesarias sobre material y salud,<br \/>\ndescrita la ruta normal al Aconcagua, a la vez que diferentes ascensiones y<br \/>\ntrekkings a su alrededor, como son: Cerro Banderitas norte, Punta de Vacas &#8211;<br \/>\nPunta de Le\u00f1as, Pampa de Le\u00f1as &#8211; Casa de Piedra, Casa de Piedra: ascensi\u00f3n de<br \/>\nmorrena, Casa de Piedra &#8211; Plaza Argentina, Visita del Circo Ib\u00e1\u00f1ez, Collado<br \/>\nAmeghino, Collado Relinchos, Puente del Inca &#8211; Confluencia, Confluencia &#8211;<br \/>\nPlaza Francia, Confluencia &#8211; Plaza de Mulas, Morrenas entre Cuerno y Catedral,<br \/>\nCirco Sureste del Cuerno, Cerro Bonete, Cerro Catedral y por \u00faltimo Cerro<br \/>\nManso. Todas las rutas van acompa\u00f1adas de descripciones, fichas t\u00e9cnicas y<br \/>\nmapas de cordales.<\/p>","protected":false},"excerpt":{"rendered":"<p>Trekkings- Ascensiones: Gu\u00eda del Parque Provincial del Aconcagua que nos permitir\u00e1 familiarizarnos con la regi\u00f3n y su historia, a la vez que recorrerla con excursiones, circuitos y ascensiones a algunos de sus m\u00e1s importantes picos. Hay muy pocas descripciones precisas de esta impresionante zona de la Cordillera de los Andes, esa es la raz\u00f3n de [&#8230;]\n","protected":false},"featured_media":32015,"template":"","meta":[],"product_brand":[],"product_cat":[21605],"product_tag":[],"class_list":{"0":"post-148970","1":"product","2":"type-product","3":"status-publish","4":"has-post-thumbnail","6":"product_cat-wanderfuehrer-trekking","7":"pa_autor-tonner","8":"pa_erscheinungsjahr-22144","9":"pa_region-amerika-sued","10":"pa_sprache-sp","12":"first","13":"instock","14":"taxable","15":"shipping-taxable","16":"purchasable","17":"product-type-simple"},"_links":{"self":[{"href":"https:\/\/pizbube.ch\/en\/wp-json\/wp\/v2\/product\/148970","targetHints":{"allow":["GET"]}}],"collection":[{"href":"https:\/\/pizbube.ch\/en\/wp-json\/wp\/v2\/product"}],"about":[{"href":"https:\/\/pizbube.ch\/en\/wp-json\/wp\/v2\/types\/product"}],"wp:featuredmedia":[{"embeddable":true,"href":"https:\/\/pizbube.ch\/en\/wp-json\/wp\/v2\/media\/32015"}],"wp:attachment":[{"href":"https:\/\/pizbube.ch\/en\/wp-json\/wp\/v2\/media?parent=148970"}],"wp:term":[{"taxonomy":"product_brand","embeddable":true,"href":"https:\/\/pizbube.ch\/en\/wp-json\/wp\/v2\/product_brand?post=148970"},{"taxonomy":"product_cat","embeddable":true,"href":"https:\/\/pizbube.ch\/en\/wp-json\/wp\/v2\/product_cat?post=148970"},{"taxonomy":"product_tag","embeddable":true,"href":"https:\/\/pizbube.ch\/en\/wp-json\/wp\/v2\/product_tag?post=148970"}],"curies":[{"name":"wp","href":"https:\/\/api.w.org\/{rel}","templated":true}]}}