{"id":148971,"date":"2021-01-15T10:58:31","date_gmt":"2021-01-15T10:58:31","guid":{"rendered":"https:\/\/codengine3.ch\/?product=import-placeholder-for-201547"},"modified":"2025-08-15T09:50:38","modified_gmt":"2025-08-15T07:50:38","slug":"cordillera-blanca-sued-1-100-000","status":"publish","type":"product","link":"https:\/\/pizbube.ch\/en\/shop\/cordillera-blanca-sued-1-100-000\/","title":{"rendered":"Cordillera Blanca S\u00fcd, 1: 100&#8217;000"},"content":{"rendered":"<p>0\/3b Cordillera Blanca, S\u00fcdteil 1:100.000<\/p>\n<p>u.a. mit Nevados Toclaraju, Palcaraju, Chinchey, Pucaranra, Chopiranju,<br \/>\nCayesti, Huantsan, Rurec, Uruashraju, Shahuanca, Jarunllasca, Caullarayu<br \/>\nMa\u00dfstab 1:100.000; mit UTM-Gitter.&lt;<\/p>\n<p>V\u00f6llig \u00fcberarbeitete Neuauflage 2005<\/p>","protected":false},"excerpt":{"rendered":"<p>0\/3b Cordillera Blanca, S\u00fcdteil 1:100.000 u.a. mit Nevados Toclaraju, Palcaraju, Chinchey, Pucaranra, Chopiranju, Cayesti, Huantsan, Rurec, Uruashraju, Shahuanca, Jarunllasca, Caullarayu Ma\u00dfstab 1:100.000; mit UTM-Gitter.&lt; V\u00f6llig \u00fcberarbeitete Neuauflage 2005<\/p>","protected":false},"featured_media":180923,"template":"","meta":[],"product_brand":[],"product_cat":[21543],"product_tag":[],"class_list":{"0":"post-148971","1":"product","2":"type-product","3":"status-publish","4":"has-post-thumbnail","6":"product_cat-landkarten","7":"pa_autor-alpenverein","8":"pa_erscheinungsjahr-21776","9":"pa_region-amerika-sued","10":"pa_sprache-de","12":"first","13":"instock","14":"taxable","15":"shipping-taxable","16":"purchasable","17":"product-type-simple"},"_links":{"self":[{"href":"https:\/\/pizbube.ch\/en\/wp-json\/wp\/v2\/product\/148971","targetHints":{"allow":["GET"]}}],"collection":[{"href":"https:\/\/pizbube.ch\/en\/wp-json\/wp\/v2\/product"}],"about":[{"href":"https:\/\/pizbube.ch\/en\/wp-json\/wp\/v2\/types\/product"}],"wp:featuredmedia":[{"embeddable":true,"href":"https:\/\/pizbube.ch\/en\/wp-json\/wp\/v2\/media\/180923"}],"wp:attachment":[{"href":"https:\/\/pizbube.ch\/en\/wp-json\/wp\/v2\/media?parent=148971"}],"wp:term":[{"taxonomy":"product_brand","embeddable":true,"href":"https:\/\/pizbube.ch\/en\/wp-json\/wp\/v2\/product_brand?post=148971"},{"taxonomy":"product_cat","embeddable":true,"href":"https:\/\/pizbube.ch\/en\/wp-json\/wp\/v2\/product_cat?post=148971"},{"taxonomy":"product_tag","embeddable":true,"href":"https:\/\/pizbube.ch\/en\/wp-json\/wp\/v2\/product_tag?post=148971"}],"curies":[{"name":"wp","href":"https:\/\/api.w.org\/{rel}","templated":true}]}}