{"id":148974,"date":"2021-01-15T10:58:31","date_gmt":"2021-01-15T10:58:31","guid":{"rendered":"https:\/\/codengine3.ch\/?product=import-placeholder-for-200542"},"modified":"2021-01-15T10:58:36","modified_gmt":"2021-01-15T10:58:36","slug":"boulderfuehrer-chemnitztal","status":"publish","type":"product","link":"https:\/\/pizbube.ch\/en\/shop\/boulderfuehrer-chemnitztal\/","title":{"rendered":"Boulderf\u00fchrer Chemnitztal"},"content":{"rendered":"<p>Das 164 Seiten starke, farbige Buch beschreibt 300 Boulderprobleme im<br \/>\nidyllischen Chemnitztal (zwischen Leipzig und Chemnitz gelegen).<br \/>\nDie Teilgebiete B\u00e4renh\u00f6hle, Schweizerthal, Magischer Wald, Chemiefabrik,<br \/>\nTurnvater Jahn und Felsenstra\u00dfe bieten bestes Bouldern an solidem Gneis. Die<br \/>\nFelsen sind 2 bis 10 Meter hoch, die meisten Boulder steigen aus.<\/p>\n<p>Fingerkraft und gute Haut sind der Schl\u00fcssel zum Erfolg. Es ist ein gutes<br \/>\nGebiet f\u00fcr Fr\u00fchling, Sommer und Herbst. Viele Probleme sind unterm Bl\u00e4tterdach<br \/>\nund somit gut schattig. In den Teilgebieten mit Laubb\u00e4umen geht auch im Winter<br \/>\nrichtig was ab.<\/p>\n<p>164 S., komplett farbig, Fototopos, Fb-Skala, Karten, GPS-Daten<br \/>\n1. Auflage Chemnitz 2013<\/p>","protected":false},"excerpt":{"rendered":"<p>Das 164 Seiten starke, farbige Buch beschreibt 300 Boulderprobleme im idyllischen Chemnitztal (zwischen Leipzig und Chemnitz gelegen). Die Teilgebiete B\u00e4renh\u00f6hle, Schweizerthal, Magischer Wald, Chemiefabrik, Turnvater Jahn und Felsenstra\u00dfe bieten bestes Bouldern an solidem Gneis. Die Felsen sind 2 bis 10 Meter hoch, die meisten Boulder steigen aus. Fingerkraft und gute Haut sind der Schl\u00fcssel zum [&#8230;]\n","protected":false},"featured_media":27229,"template":"","meta":[],"product_brand":[],"product_cat":[21539],"product_tag":[],"class_list":{"0":"post-148974","1":"product","2":"type-product","3":"status-publish","4":"has-post-thumbnail","6":"product_cat-fuehrerliteratur-sportklettern-bouldern","7":"pa_autor-crasser-stoeckel-guenther-wagner","8":"pa_erscheinungsjahr-21568","9":"pa_region-deutschland","10":"pa_sprache-de","12":"first","13":"instock","14":"taxable","15":"shipping-taxable","16":"purchasable","17":"product-type-simple"},"_links":{"self":[{"href":"https:\/\/pizbube.ch\/en\/wp-json\/wp\/v2\/product\/148974","targetHints":{"allow":["GET"]}}],"collection":[{"href":"https:\/\/pizbube.ch\/en\/wp-json\/wp\/v2\/product"}],"about":[{"href":"https:\/\/pizbube.ch\/en\/wp-json\/wp\/v2\/types\/product"}],"wp:featuredmedia":[{"embeddable":true,"href":"https:\/\/pizbube.ch\/en\/wp-json\/wp\/v2\/media\/27229"}],"wp:attachment":[{"href":"https:\/\/pizbube.ch\/en\/wp-json\/wp\/v2\/media?parent=148974"}],"wp:term":[{"taxonomy":"product_brand","embeddable":true,"href":"https:\/\/pizbube.ch\/en\/wp-json\/wp\/v2\/product_brand?post=148974"},{"taxonomy":"product_cat","embeddable":true,"href":"https:\/\/pizbube.ch\/en\/wp-json\/wp\/v2\/product_cat?post=148974"},{"taxonomy":"product_tag","embeddable":true,"href":"https:\/\/pizbube.ch\/en\/wp-json\/wp\/v2\/product_tag?post=148974"}],"curies":[{"name":"wp","href":"https:\/\/api.w.org\/{rel}","templated":true}]}}