{"id":148975,"date":"2021-01-15T10:58:31","date_gmt":"2021-01-15T10:58:31","guid":{"rendered":"https:\/\/codengine3.ch\/?product=import-placeholder-for-204918"},"modified":"2021-01-15T14:37:16","modified_gmt":"2021-01-15T14:37:16","slug":"sportkletterfuehrer-sachsen-westteil","status":"publish","type":"product","link":"https:\/\/pizbube.ch\/en\/shop\/sportkletterfuehrer-sachsen-westteil\/","title":{"rendered":"Sportkletterf\u00fchrer  Sachsen Westteil"},"content":{"rendered":"<p>Das Standardwerk zum Sportklettern in Sachsen au\u00dferhalb von Elbsandstein +<br \/>\nZittauer Gebirge:  <\/p>\n<p>Inhalt: zB. Leipzig, Muldetal, Greifensteine u.a.<br \/>\nDas Felsklettern au\u00dferhalb des traditionsreichen Elbsandsteingebirges erfreut<br \/>\nsich zunehmender Beliebtheit.  <\/p>\n<p>Dass es in Sachsen nicht nur Routen zum F\u00fcrchten, sondern auch zahlreiche<br \/>\nSportkletterfelsen gibt, beweist der zweib\u00e4ndige Sportkletterf\u00fchrer \u00fcber<br \/>\nSachsen.<br \/>\nZahlreiche Piktogramme, \u00dcbersichtsskizzen und Infos sorgen f\u00fcr einen<br \/>\nunbeschwerten Aufenthalt an Sachsens Sportkletterfelsen.<br \/>\nIm Band West sind die Felsen rund um Chemnitz enthalten.<br \/>\n360 Seiten, schwarzwei\u00df<\/p>","protected":false},"excerpt":{"rendered":"<p>Das Standardwerk zum Sportklettern in Sachsen au\u00dferhalb von Elbsandstein + Zittauer Gebirge: Inhalt: zB. Leipzig, Muldetal, Greifensteine u.a. Das Felsklettern au\u00dferhalb des traditionsreichen Elbsandsteingebirges erfreut sich zunehmender Beliebtheit. Dass es in Sachsen nicht nur Routen zum F\u00fcrchten, sondern auch zahlreiche Sportkletterfelsen gibt, beweist der zweib\u00e4ndige Sportkletterf\u00fchrer \u00fcber Sachsen. Zahlreiche Piktogramme, \u00dcbersichtsskizzen und Infos sorgen f\u00fcr [&#8230;]\n","protected":false},"featured_media":33466,"template":"","meta":[],"product_brand":[],"product_cat":[21539],"product_tag":[],"class_list":{"0":"post-148975","1":"product","2":"type-product","3":"status-publish","4":"has-post-thumbnail","6":"product_cat-fuehrerliteratur-sportklettern-bouldern","7":"pa_autor-richter","8":"pa_erscheinungsjahr-21842","9":"pa_region-deutschland","10":"pa_sprache-de","12":"first","13":"outofstock","14":"taxable","15":"shipping-taxable","16":"purchasable","17":"product-type-simple"},"_links":{"self":[{"href":"https:\/\/pizbube.ch\/en\/wp-json\/wp\/v2\/product\/148975","targetHints":{"allow":["GET"]}}],"collection":[{"href":"https:\/\/pizbube.ch\/en\/wp-json\/wp\/v2\/product"}],"about":[{"href":"https:\/\/pizbube.ch\/en\/wp-json\/wp\/v2\/types\/product"}],"wp:featuredmedia":[{"embeddable":true,"href":"https:\/\/pizbube.ch\/en\/wp-json\/wp\/v2\/media\/33466"}],"wp:attachment":[{"href":"https:\/\/pizbube.ch\/en\/wp-json\/wp\/v2\/media?parent=148975"}],"wp:term":[{"taxonomy":"product_brand","embeddable":true,"href":"https:\/\/pizbube.ch\/en\/wp-json\/wp\/v2\/product_brand?post=148975"},{"taxonomy":"product_cat","embeddable":true,"href":"https:\/\/pizbube.ch\/en\/wp-json\/wp\/v2\/product_cat?post=148975"},{"taxonomy":"product_tag","embeddable":true,"href":"https:\/\/pizbube.ch\/en\/wp-json\/wp\/v2\/product_tag?post=148975"}],"curies":[{"name":"wp","href":"https:\/\/api.w.org\/{rel}","templated":true}]}}