{"id":148976,"date":"2021-01-15T10:58:31","date_gmt":"2021-01-15T10:58:31","guid":{"rendered":"https:\/\/codengine3.ch\/?product=import-placeholder-for-205618"},"modified":"2021-04-16T14:51:13","modified_gmt":"2021-04-16T12:51:13","slug":"sportkletter-und-boulderfuehrer-ostsachsen","status":"publish","type":"product","link":"https:\/\/pizbube.ch\/en\/shop\/sportkletter-und-boulderfuehrer-ostsachsen\/","title":{"rendered":"Sportkletter- und Boulderf\u00fchrer Ostsachsen"},"content":{"rendered":"<p>Beschrieben werden die Kletterm\u00f6glichkeiten zwischen der polnischen Grenze und<br \/>\ndem Gro\u00dfraum Dresden.<br \/>\nBesonders die neuen Felsen im Bautzner Spreetal und bei Oderwitz z\u00e4hlen zu den<br \/>\nherausragenden und neuen, nur in diesem F\u00fchrer beschriebenen<br \/>\nKletterm\u00f6glichkeiten. Der aufwendig gestaltete F\u00fchrer bietet ausf\u00fchrliche<br \/>\nverbale Wegbeschreibungen, Anstiegsskizzen zu jedem Gipfel, Farbfotos mit<br \/>\neingezeichneten Wegverl\u00e4ufen, farbige detailierte Karten und unz\u00e4hlige<br \/>\nNebeninformatinonen zu Gebieten und Wegen und machen ihn zum Standardwerk f\u00fcr<br \/>\nosts\u00e4chsische Sportklettergebiete. Viele Farbfotografien runden das Gesamtbild<br \/>\nab.<\/p>\n<p>Die Neuauflage von 2014 ist gegen\u00fcber der ersten von 2007 noch einmal um<br \/>\nsagenhafte 187 Seiten angeschwollen. Vor allem die detaillierte Beschreibung<br \/>\nzahlreicher Bouldergebiete, wie Breiter Stein, Teufelssteine bei Bautzen,<br \/>\nGemeindeberg bei Dobra und im Westteil der Dippser Heide ist in diesem Buch<br \/>\nerstmalig zu finden.<\/p>\n<p>Die 33 Kletter- und Bouldergebiete des neuen F\u00fchrers sind sachsenuntypisch,<br \/>\ndenn es handelt sich meist um hervorragend abgesicherte Felsen. Enthalten sind<br \/>\nalte Bekannte wie K\u00f6nigshain&#8230;aber auch 19 v\u00f6llig neue, nie beschriebene<br \/>\nGebiete. Infos pur f\u00fcr eine Vielzahl neuer Klettererlebnisse.<br \/>\n648 Seiten, Hardcover, laminiert, 1635 Kletterwege, Bouldergebiete, komplett<br \/>\nfarbig,<\/p>\n<p>2. Auflg. 2014<\/p>","protected":false},"excerpt":{"rendered":"<p>Beschrieben werden die Kletterm\u00f6glichkeiten zwischen der polnischen Grenze und dem Gro\u00dfraum Dresden. Besonders die neuen Felsen im Bautzner Spreetal und bei Oderwitz z\u00e4hlen zu den herausragenden und neuen, nur in diesem F\u00fchrer beschriebenen Kletterm\u00f6glichkeiten. Der aufwendig gestaltete F\u00fchrer bietet ausf\u00fchrliche verbale Wegbeschreibungen, Anstiegsskizzen zu jedem Gipfel, Farbfotos mit eingezeichneten Wegverl\u00e4ufen, farbige detailierte Karten und unz\u00e4hlige [&#8230;]\n","protected":false},"featured_media":156923,"template":"","meta":[],"product_brand":[],"product_cat":[21539],"product_tag":[],"class_list":{"0":"post-148976","1":"product","2":"type-product","3":"status-publish","4":"has-post-thumbnail","6":"product_cat-fuehrerliteratur-sportklettern-bouldern","7":"pa_autor-schmeisser","8":"pa_erscheinungsjahr-21550","9":"pa_region-deutschland","10":"pa_sprache-de","12":"first","13":"onbackorder","14":"taxable","15":"shipping-taxable","16":"purchasable","17":"product-type-simple"},"_links":{"self":[{"href":"https:\/\/pizbube.ch\/en\/wp-json\/wp\/v2\/product\/148976","targetHints":{"allow":["GET"]}}],"collection":[{"href":"https:\/\/pizbube.ch\/en\/wp-json\/wp\/v2\/product"}],"about":[{"href":"https:\/\/pizbube.ch\/en\/wp-json\/wp\/v2\/types\/product"}],"wp:featuredmedia":[{"embeddable":true,"href":"https:\/\/pizbube.ch\/en\/wp-json\/wp\/v2\/media\/156923"}],"wp:attachment":[{"href":"https:\/\/pizbube.ch\/en\/wp-json\/wp\/v2\/media?parent=148976"}],"wp:term":[{"taxonomy":"product_brand","embeddable":true,"href":"https:\/\/pizbube.ch\/en\/wp-json\/wp\/v2\/product_brand?post=148976"},{"taxonomy":"product_cat","embeddable":true,"href":"https:\/\/pizbube.ch\/en\/wp-json\/wp\/v2\/product_cat?post=148976"},{"taxonomy":"product_tag","embeddable":true,"href":"https:\/\/pizbube.ch\/en\/wp-json\/wp\/v2\/product_tag?post=148976"}],"curies":[{"name":"wp","href":"https:\/\/api.w.org\/{rel}","templated":true}]}}