{"id":148977,"date":"2021-01-15T10:58:31","date_gmt":"2021-01-15T10:58:31","guid":{"rendered":"https:\/\/codengine3.ch\/?product=import-placeholder-for-208330"},"modified":"2023-03-17T11:53:20","modified_gmt":"2023-03-17T10:53:20","slug":"glueck-auf-kletterfuehrer-erzgebirge","status":"publish","type":"product","link":"https:\/\/pizbube.ch\/en\/shop\/glueck-auf-kletterfuehrer-erzgebirge\/","title":{"rendered":"Gl\u00fcck Auf! &#8211; Kletterf\u00fchrer Erzgebirge"},"content":{"rendered":"<p>Die Felsen des Erzgebirges und seines Vorlandes.<\/p>\n<div id=\"tab-product-description\" class=\"ui-tabs-panel ui-widget-content ui-corner-bottom\" role=\"tabpanel\" aria-labelledby=\"ui-id-1\" aria-hidden=\"false\">\n<div class=\"description\">\n<p>Anfang Oktober 2022 ist der neue Gl\u00fcck-Auf!&#187;-Kletterf\u00fchrer f\u00fcr das Erzgebirge erschienen. In der Neuaflage werden alle Klettergebiete im Erzgebirge detailliert vorgestellt. Au\u00dfer das M\u00fcglitztal, das wird im Kletterf\u00fchrer &#171;Dresden und Umgebung&#187; beschrieben, der im Fr\u00fchjahr 2023 erscheint. In den letzten Jahren<\/p>\n<p>Autoren: Sebastian Flemmig, Lutz Zybell, Ingo R\u00f6ger, Sebastian Flemig, Gerald Krug\u00a0 incl. English translations.<\/p>\n<p>Die bekanntesten Ziele des <strong>Erzgebirge<\/strong>s sind wahrscheinlich die 6 Klettergipfel der <strong>Greifensteine<\/strong>, die Felsgruppe um den markanten Teufelsstein bei Johanngeorgenstadt und die bis zu 60 Meter hohen Felsen im Katzensteingebiet. In deren Schatten sind in den letzten Jahrzehnten zahlreiche weitere Kletterm\u00f6glichkeiten entwickelt worden, die Spa\u00df in allen Graden bei verbesserter Absicherung versprechen, wie zum Beispiel das nur 30 Minuten von Chemnitz entfernte <strong>Wolkensteiner Gebiet<\/strong>. Brandneu ist das M\u00e4rchenwandgebiet dazugekommen mit Routen in allen Graden.<\/p>\n<p>\u00dcbersicht der Klettergebiete:<\/p>\n<p><strong>Westerzgebirge<\/strong><br \/>\nAuersberggebiet<br \/>\nTalsperre Eibenstock<br \/>\nFelsen um Wilzschhaus<br \/>\nM\u00e4rchenwandgebiet<br \/>\nBreitenbrunner Gebiet<br \/>\nKammerstein<br \/>\nNonnenfelsen<br \/>\nTeufelssteingebiet<br \/>\nBlauenthal<br \/>\nBockau<br \/>\nMagnetenwand<\/p>\n<p><strong>Tschechisches Erzgebirge<\/strong><br \/>\nHeinrichsstein (Sk\u00e1ly na Stra\u0161idlech)<br \/>\nFelsenstadt im Silberbachtal<br \/>\nPressnitztal (deutsch-tschechisch)<\/p>\n<p><strong>Mittleres Erzgebirge<\/strong><br \/>\nGreifensteine<br \/>\nWolkensteiner Gebiet<br \/>\nWolkensteiner Schweiz<br \/>\nWolkensteiner W\u00e4nde<br \/>\nHimmelm\u00fchlenwand<br \/>\nFrauenholz<br \/>\nPlattenstein<br \/>\nKatzensteingebiet<\/p>\n<p>&nbsp;<\/p>\n<\/div>\n<\/div>","protected":false},"excerpt":{"rendered":"<p>Die Felsen des Erzgebirges und seines Vorlandes. Anfang Oktober 2022 ist der neue Gl\u00fcck-Auf!&#187;-Kletterf\u00fchrer f\u00fcr das Erzgebirge erschienen. In der Neuaflage werden alle Klettergebiete im Erzgebirge detailliert vorgestellt. Au\u00dfer das M\u00fcglitztal, das wird im Kletterf\u00fchrer &#171;Dresden und Umgebung&#187; beschrieben, der im Fr\u00fchjahr 2023 erscheint. In den letzten Jahren Autoren: Sebastian Flemmig, Lutz Zybell, Ingo R\u00f6ger, [&#8230;]\n","protected":false},"featured_media":163857,"template":"","meta":[],"product_brand":[],"product_cat":[21539],"product_tag":[],"class_list":{"0":"post-148977","1":"product","2":"type-product","3":"status-publish","4":"has-post-thumbnail","6":"product_cat-fuehrerliteratur-sportklettern-bouldern","7":"pa_autor-roeger-flemmig-krug","8":"pa_erscheinungsjahr-27013","9":"pa_region-deutschland","10":"pa_sprache-de-en","12":"first","13":"onbackorder","14":"taxable","15":"shipping-taxable","16":"purchasable","17":"product-type-simple"},"_links":{"self":[{"href":"https:\/\/pizbube.ch\/en\/wp-json\/wp\/v2\/product\/148977","targetHints":{"allow":["GET"]}}],"collection":[{"href":"https:\/\/pizbube.ch\/en\/wp-json\/wp\/v2\/product"}],"about":[{"href":"https:\/\/pizbube.ch\/en\/wp-json\/wp\/v2\/types\/product"}],"wp:featuredmedia":[{"embeddable":true,"href":"https:\/\/pizbube.ch\/en\/wp-json\/wp\/v2\/media\/163857"}],"wp:attachment":[{"href":"https:\/\/pizbube.ch\/en\/wp-json\/wp\/v2\/media?parent=148977"}],"wp:term":[{"taxonomy":"product_brand","embeddable":true,"href":"https:\/\/pizbube.ch\/en\/wp-json\/wp\/v2\/product_brand?post=148977"},{"taxonomy":"product_cat","embeddable":true,"href":"https:\/\/pizbube.ch\/en\/wp-json\/wp\/v2\/product_cat?post=148977"},{"taxonomy":"product_tag","embeddable":true,"href":"https:\/\/pizbube.ch\/en\/wp-json\/wp\/v2\/product_tag?post=148977"}],"curies":[{"name":"wp","href":"https:\/\/api.w.org\/{rel}","templated":true}]}}