{"id":148978,"date":"2021-01-15T10:58:31","date_gmt":"2021-01-15T10:58:31","guid":{"rendered":"https:\/\/codengine3.ch\/?product=import-placeholder-for-200543"},"modified":"2021-01-15T10:58:37","modified_gmt":"2021-01-15T10:58:37","slug":"snowsport-austria","status":"publish","type":"product","link":"https:\/\/pizbube.ch\/en\/shop\/snowsport-austria\/","title":{"rendered":"SNOWSPORT AUSTRIA"},"content":{"rendered":"<p>SNOWSPORT AUSTRIA \u2013 Die \u00d6sterreichische Skischule<br \/>\nvermittelt den aktuellen Lehrweg der \u00f6sterreichischen SchneesportlehrerInnen-<br \/>\nAusbildung.<\/p>\n<p>Der \u00f6sterreichische Weg der polysportiven Ausbildung stellt \u00adsicher, dass<br \/>\nmultifunktional ausgebildete Schneesport-LehrerInnen in den \u00f6sterreichischen<br \/>\nSkischulen f\u00fcr eine marktgerechte Betreuung der G\u00e4ste zur Verf\u00fcgung stehen \u2013<br \/>\nf\u00fcr alle Bereiche des modernen Wintersports!<\/p>\n<p>Kapitel\u00fcbersicht:<\/p>\n<p>&#8211; Die \u00d6sterreichischen Skischulen<br \/>\n&#8211; Sicherheit im Schneesport<br \/>\n&#8211; Alpiner Skilauf<br \/>\n&#8211; Praxis \u2013 Tipps \u2013 Technik<br \/>\n&#8211; Kinderskilauf<br \/>\n&#8211; Schneesport ohne Handicap<br \/>\n&#8211; Snowboard<br \/>\n&#8211; Snowboard f\u00fcr Kinder<br \/>\n&#8211; Freestyle<br \/>\n&#8211; Langlaufen<br \/>\n&#8211; Telemark<br \/>\n&#8211; Schneesport \u2013 Von den Anf\u00e4ngen bis heute<\/p>\n<p>Das 480 Seiten starke Werk umfasst nicht nur den alpinen Skilauf sondern auch<br \/>\nSnowboardfahren, Langlaufen und Telemarkfahren. Weitere Schwerpunkte sind dem<br \/>\n&#171;Schneesport ohne Handicap&#187;, dem boomenden Freestyle und Freeriden sowie dem<br \/>\nSkilauf und Snowboardfahren mit Kindern gewidmet. Beitr\u00e4ge zur alpinen<br \/>\nSicherheit und der Geschichte des \u00f6sterreichischen Skilehrerwesens runden das<br \/>\nreichhaltige Spektrum ab, das durch sein umfassendes Angebot wesentlich zum<br \/>\nErfolg und zur Qualit\u00e4t der \u00f6sterreichischen Skischulen beitr\u00e4gt.<\/p>\n<p>Das Buch enth\u00e4lt die anerkannten Lehrwege und Methoden des \u00f6sterreichischen<br \/>\nSki- und Schneesportlehrwesens, das traditionell internationaler Wegbereiter<br \/>\nwar &#8211; und immer noch ist. Zentraler Inhalt ist der bew\u00e4hrte \u00f6sterreichische<br \/>\nSkilehrweg vom &#171;Lernen&#187; \u00fcber das &#171;Anwenden&#187; hin zum &#171;Perfektionieren&#187;.<br \/>\nDie mittlerweile etablierten Techniken vom Kurven \u00fcber das Carven bis zum<br \/>\nRacecarven werden dabei durch die neuen Trends wie New School, Slopestyle,<br \/>\nPipe und Kickers erg\u00e4nzt. Anerkannte Experten vermitteln zu allen Elementen in<br \/>\n\u00fcbersichtlichen und reich bebilderten Kapiteln die wesentlichen Inhalte der<br \/>\n\u00f6sterreichischen Schneesportlehrer-Ausbildung.<\/p>\n<p>Besonders beeindruckend ist die bereits im historischen Lehrbuch von Arnold<br \/>\nFanck und Hannes Schneider (&#171;Wunder des Schneeschuhs&#187;, 1930) verwendete und<br \/>\nauch in den legend\u00e4ren Lehrpl\u00e4nen von Stefan Kruckenhauser und Franz<br \/>\nHoppichler gen\u00fctzte Technik der Serienbilder zur Veranschaulichung der<br \/>\nBewegungsabl\u00e4ufe. In perfekten Bildreihen kommt auch im aktuellen Werk die<br \/>\npr\u00e4zise Bewegungsdemonstration der besten Schneesportlehrer \u00d6sterreichs sehr<br \/>\ngut nachvollziehbar zur Geltung. Zusammen mit den detaillierten<br \/>\nBewegungsbeschreibungen in den Begleittexten veranschaulichen sie das moderne<br \/>\nLehrwesen der \u00f6sterreichischen Skischule in hervorragender Weise.<\/p>\n<p>F\u00fcr jeden professionellen Ski-, Snowboard- und Langlauflehrer ohnehin<br \/>\nunverzichtbar sollte das richtungsweisende Lehrbuch aber auch in keiner<br \/>\nBibliothek sonstiger Schneesportprofis fehlen, ist es doch als state of the<br \/>\nart die umfassendste und wohl beste Zusammenfassung des modernen<br \/>\nSkilehrwesens.<br \/>\n480 Seiten, Hardcover, 2. neu bearbeitete Auflage<\/p>","protected":false},"excerpt":{"rendered":"<ul>\n<li><a href=\"https:\/\/pizbube.ch\/wp-content\/uploads\/attachments\/a_004\/350CE558F13E78182ADCB0058658EA9D.pdf\" target=\"_blank\" rel=\"noopener\">PDF: snowsport austria inhaltsverzeichnis<\/a><\/li>\n<\/ul>\n<ul>\n<li><b>INFO: Neuauflage in Bearbeitung; Erscheinungsdatum unbestimmt<b><\/li>\n<\/ul>","protected":false},"featured_media":27232,"template":"","meta":[],"product_brand":[],"product_cat":[21538],"product_tag":[],"class_list":{"0":"post-148978","1":"product","2":"type-product","3":"status-publish","4":"has-post-thumbnail","6":"product_cat-lehrbuecher","7":"pa_autor-oesterreichische-skischulverband","8":"pa_erscheinungsjahr-21610","9":"pa_region-alpin-winter","10":"pa_sprache-de","12":"first","13":"outofstock","14":"taxable","15":"shipping-taxable","16":"purchasable","17":"product-type-simple"},"_links":{"self":[{"href":"https:\/\/pizbube.ch\/en\/wp-json\/wp\/v2\/product\/148978","targetHints":{"allow":["GET"]}}],"collection":[{"href":"https:\/\/pizbube.ch\/en\/wp-json\/wp\/v2\/product"}],"about":[{"href":"https:\/\/pizbube.ch\/en\/wp-json\/wp\/v2\/types\/product"}],"wp:featuredmedia":[{"embeddable":true,"href":"https:\/\/pizbube.ch\/en\/wp-json\/wp\/v2\/media\/27232"}],"wp:attachment":[{"href":"https:\/\/pizbube.ch\/en\/wp-json\/wp\/v2\/media?parent=148978"}],"wp:term":[{"taxonomy":"product_brand","embeddable":true,"href":"https:\/\/pizbube.ch\/en\/wp-json\/wp\/v2\/product_brand?post=148978"},{"taxonomy":"product_cat","embeddable":true,"href":"https:\/\/pizbube.ch\/en\/wp-json\/wp\/v2\/product_cat?post=148978"},{"taxonomy":"product_tag","embeddable":true,"href":"https:\/\/pizbube.ch\/en\/wp-json\/wp\/v2\/product_tag?post=148978"}],"curies":[{"name":"wp","href":"https:\/\/api.w.org\/{rel}","templated":true}]}}