{"id":148980,"date":"2021-01-15T10:58:37","date_gmt":"2021-01-15T10:58:37","guid":{"rendered":"https:\/\/codengine3.ch\/?product=import-placeholder-for-203938"},"modified":"2021-01-15T14:28:06","modified_gmt":"2021-01-15T14:28:06","slug":"atem-der-berge","status":"publish","type":"product","link":"https:\/\/pizbube.ch\/en\/shop\/atem-der-berge\/","title":{"rendered":"Atem der Berge"},"content":{"rendered":"<p>Dokumentation \u00fcber das Gebiet um die Jungfrau, den Aletschgletscher und das<br \/>\nBietschhorn, UNESCO-Welterbe-St\u00e4tte: weite, unber\u00fchrte Gletscherfl\u00e4chen,<br \/>\nschneegepanzerte Gipfel, eine bizarre, k\u00e4ltegeborene Landschaft im Kontrast zu<br \/>\nuralten W\u00e4ldern, bunten Bergwiesen, der nach Wasser lechzenden Felsensteppe.<br \/>\nUnd all das ist jetzt hautnah zu erleben: Lorenz Andreas Fischer &#8211; \u00d6kologe,<br \/>\nFotograf und Autor mit internationalem Renommee &#8211; hat mit seinem Buch ein<br \/>\nGesamtkunstwerk geschaffen. Bildband von der Eiger Nordwand bis zur Belalp mit<br \/>\n10 Tourenvorschl\u00e4gen 160 S.  <\/p>","protected":false},"excerpt":{"rendered":"<p>Dokumentation \u00fcber das Gebiet um die Jungfrau, den Aletschgletscher und das Bietschhorn, UNESCO-Welterbe-St\u00e4tte: weite, unber\u00fchrte Gletscherfl\u00e4chen, schneegepanzerte Gipfel, eine bizarre, k\u00e4ltegeborene Landschaft im Kontrast zu uralten W\u00e4ldern, bunten Bergwiesen, der nach Wasser lechzenden Felsensteppe. Und all das ist jetzt hautnah zu erleben: Lorenz Andreas Fischer &#8211; \u00d6kologe, Fotograf und Autor mit internationalem Renommee &#8211; hat [&#8230;]\n","protected":false},"featured_media":31652,"template":"","meta":[],"product_brand":[],"product_cat":[21542],"product_tag":[],"class_list":{"0":"post-148980","1":"product","2":"type-product","3":"status-publish","4":"has-post-thumbnail","6":"product_cat-sachbuecher-dokumentationen","7":"pa_autor-fischer","8":"pa_erscheinungsjahr-21776","9":"pa_region-schweiz","10":"pa_sprache-de","12":"first","13":"instock","14":"taxable","15":"shipping-taxable","16":"purchasable","17":"product-type-simple"},"_links":{"self":[{"href":"https:\/\/pizbube.ch\/en\/wp-json\/wp\/v2\/product\/148980","targetHints":{"allow":["GET"]}}],"collection":[{"href":"https:\/\/pizbube.ch\/en\/wp-json\/wp\/v2\/product"}],"about":[{"href":"https:\/\/pizbube.ch\/en\/wp-json\/wp\/v2\/types\/product"}],"wp:featuredmedia":[{"embeddable":true,"href":"https:\/\/pizbube.ch\/en\/wp-json\/wp\/v2\/media\/31652"}],"wp:attachment":[{"href":"https:\/\/pizbube.ch\/en\/wp-json\/wp\/v2\/media?parent=148980"}],"wp:term":[{"taxonomy":"product_brand","embeddable":true,"href":"https:\/\/pizbube.ch\/en\/wp-json\/wp\/v2\/product_brand?post=148980"},{"taxonomy":"product_cat","embeddable":true,"href":"https:\/\/pizbube.ch\/en\/wp-json\/wp\/v2\/product_cat?post=148980"},{"taxonomy":"product_tag","embeddable":true,"href":"https:\/\/pizbube.ch\/en\/wp-json\/wp\/v2\/product_tag?post=148980"}],"curies":[{"name":"wp","href":"https:\/\/api.w.org\/{rel}","templated":true}]}}