{"id":148983,"date":"2021-01-15T10:58:37","date_gmt":"2021-01-15T10:58:37","guid":{"rendered":"https:\/\/codengine3.ch\/?product=import-placeholder-for-200546"},"modified":"2022-12-24T09:34:59","modified_gmt":"2022-12-24T08:34:59","slug":"250-berg-und-seilbahnen-der-schweiz","status":"publish","type":"product","link":"https:\/\/pizbube.ch\/en\/shop\/250-berg-und-seilbahnen-der-schweiz\/","title":{"rendered":"250 Berg- und Seilbahnen der Schweiz"},"content":{"rendered":"<p>Zu den sch\u00f6nsten Aussichten, Wanderungen und Erlebnissen<\/p>\n<p>Mit eindr\u00fccklichen Transportmitteln zu den sch\u00f6nsten Aussichten, Wanderungen<br \/>\nund Erlebnissen!<\/p>\n<p>Nicht nur die sch\u00f6nsten Aussichtspunkte der Schweiz, sondern auch die<br \/>\nTransportmittel \u2013 eindr\u00fcckliche Werke der Technik \u2013, die uns dorthin<br \/>\nbef\u00f6rdern, werden in diesem neuen touristischen Standardwerk vorgestellt.<\/p>\n<p>Mit vielen Fotos illustrieren die rund 150 Portr\u00e4ts \u00fcber 250 Berg- und<br \/>\nSeilbahnen aus allen Regionen der Schweiz. Das Buch gibt praktische<br \/>\nInformationen zu Aussichtspunkten, Attraktionen, \u00dcbernachtungsm\u00f6glichkeiten<br \/>\nund Wanderungen. Der Geograf und Seilbahnexperte Roland Baumgartner erz\u00e4hlt<br \/>\nspannende Geschichten \u00fcber die Berge und deren Erschliessung. Aber nicht nur<br \/>\ndas \u2013 er weist Sie auch auf spektakul\u00e4re Aussichten oder empfehlenswerte<br \/>\nRundwanderungen hin.<\/p>\n<p>3. vollst\u00e4ndig \u00fcberarbeitete Auflage 2021<br \/>\n432 Seiten, 16,4 x 23,5 cm, gebunden, Softcover<br \/>\nMit 864 Abbildungen<\/p>","protected":false},"excerpt":{"rendered":"<p>Zu den sch\u00f6nsten Aussichten, Wanderungen und Erlebnissen Mit eindr\u00fccklichen Transportmitteln zu den sch\u00f6nsten Aussichten, Wanderungen und Erlebnissen! Nicht nur die sch\u00f6nsten Aussichtspunkte der Schweiz, sondern auch die Transportmittel \u2013 eindr\u00fcckliche Werke der Technik \u2013, die uns dorthin bef\u00f6rdern, werden in diesem neuen touristischen Standardwerk vorgestellt. Mit vielen Fotos illustrieren die rund 150 Portr\u00e4ts \u00fcber 250 [&#8230;]\n","protected":false},"featured_media":158292,"template":"","meta":[],"product_brand":[],"product_cat":[21542],"product_tag":[],"class_list":{"0":"post-148983","1":"product","2":"type-product","3":"status-publish","4":"has-post-thumbnail","6":"product_cat-sachbuecher-dokumentationen","7":"pa_autor-baumgartner","8":"pa_erscheinungsjahr-25440","9":"pa_region-schweiz","10":"pa_sprache-de","12":"first","13":"instock","14":"taxable","15":"shipping-taxable","16":"purchasable","17":"product-type-simple"},"_links":{"self":[{"href":"https:\/\/pizbube.ch\/en\/wp-json\/wp\/v2\/product\/148983","targetHints":{"allow":["GET"]}}],"collection":[{"href":"https:\/\/pizbube.ch\/en\/wp-json\/wp\/v2\/product"}],"about":[{"href":"https:\/\/pizbube.ch\/en\/wp-json\/wp\/v2\/types\/product"}],"wp:featuredmedia":[{"embeddable":true,"href":"https:\/\/pizbube.ch\/en\/wp-json\/wp\/v2\/media\/158292"}],"wp:attachment":[{"href":"https:\/\/pizbube.ch\/en\/wp-json\/wp\/v2\/media?parent=148983"}],"wp:term":[{"taxonomy":"product_brand","embeddable":true,"href":"https:\/\/pizbube.ch\/en\/wp-json\/wp\/v2\/product_brand?post=148983"},{"taxonomy":"product_cat","embeddable":true,"href":"https:\/\/pizbube.ch\/en\/wp-json\/wp\/v2\/product_cat?post=148983"},{"taxonomy":"product_tag","embeddable":true,"href":"https:\/\/pizbube.ch\/en\/wp-json\/wp\/v2\/product_tag?post=148983"}],"curies":[{"name":"wp","href":"https:\/\/api.w.org\/{rel}","templated":true}]}}