{"id":148984,"date":"2021-01-15T10:58:37","date_gmt":"2021-01-15T10:58:37","guid":{"rendered":"https:\/\/codengine3.ch\/?product=import-placeholder-for-202196"},"modified":"2021-01-15T12:34:15","modified_gmt":"2021-01-15T12:34:15","slug":"weltseilbahngeschichte-1","status":"publish","type":"product","link":"https:\/\/pizbube.ch\/en\/shop\/weltseilbahngeschichte-1\/","title":{"rendered":"Weltseilbahngeschichte 1"},"content":{"rendered":"<p>Schmoll beschreibt die Entwicklung von den fr\u00fchesten Zeugnissen der<br \/>\nBef\u00f6rderung von Mensch und Material am Seil von 250 v. Chr.<\/p>\n<p>In China bis zu den ersten Liften und Sesselbahnen vor 1945. DIN A4 mit weit<br \/>\n\u00fcber hundert meist unbekannten Zeichnungen und Fotos.<br \/>\nDie erste internationale Seilbahngeschichte, von den Uranf\u00e4ngen der<br \/>\nBef\u00f6rderung am Seil bis zu den 12.000 Materialseilbahnen und 100 Personen-<br \/>\nSchwebebahnen im Jahr 1945. 138 Seiten mit vielen Abbildungen<\/p>","protected":false},"excerpt":{"rendered":"<p>Schmoll beschreibt die Entwicklung von den fr\u00fchesten Zeugnissen der Bef\u00f6rderung von Mensch und Material am Seil von 250 v. Chr. In China bis zu den ersten Liften und Sesselbahnen vor 1945. DIN A4 mit weit \u00fcber hundert meist unbekannten Zeichnungen und Fotos. Die erste internationale Seilbahngeschichte, von den Uranf\u00e4ngen der Bef\u00f6rderung am Seil bis zu [&#8230;]\n","protected":false},"featured_media":29586,"template":"","meta":[],"product_brand":[],"product_cat":[21542],"product_tag":[],"class_list":{"0":"post-148984","1":"product","2":"type-product","3":"status-publish","4":"has-post-thumbnail","6":"product_cat-sachbuecher-dokumentationen","7":"pa_autor-schmoll","8":"pa_erscheinungsjahr-21750","9":"pa_region-oesterreich","10":"pa_sprache-de","12":"first","13":"outofstock","14":"taxable","15":"shipping-taxable","16":"purchasable","17":"product-type-simple"},"_links":{"self":[{"href":"https:\/\/pizbube.ch\/en\/wp-json\/wp\/v2\/product\/148984","targetHints":{"allow":["GET"]}}],"collection":[{"href":"https:\/\/pizbube.ch\/en\/wp-json\/wp\/v2\/product"}],"about":[{"href":"https:\/\/pizbube.ch\/en\/wp-json\/wp\/v2\/types\/product"}],"wp:featuredmedia":[{"embeddable":true,"href":"https:\/\/pizbube.ch\/en\/wp-json\/wp\/v2\/media\/29586"}],"wp:attachment":[{"href":"https:\/\/pizbube.ch\/en\/wp-json\/wp\/v2\/media?parent=148984"}],"wp:term":[{"taxonomy":"product_brand","embeddable":true,"href":"https:\/\/pizbube.ch\/en\/wp-json\/wp\/v2\/product_brand?post=148984"},{"taxonomy":"product_cat","embeddable":true,"href":"https:\/\/pizbube.ch\/en\/wp-json\/wp\/v2\/product_cat?post=148984"},{"taxonomy":"product_tag","embeddable":true,"href":"https:\/\/pizbube.ch\/en\/wp-json\/wp\/v2\/product_tag?post=148984"}],"curies":[{"name":"wp","href":"https:\/\/api.w.org\/{rel}","templated":true}]}}