{"id":148985,"date":"2021-01-15T10:58:37","date_gmt":"2021-01-15T10:58:37","guid":{"rendered":"https:\/\/codengine3.ch\/?product=import-placeholder-for-207751"},"modified":"2022-06-22T11:31:16","modified_gmt":"2022-06-22T09:31:16","slug":"seilbahn-wanderungen-bayerische-alpen","status":"publish","type":"product","link":"https:\/\/pizbube.ch\/en\/shop\/seilbahn-wanderungen-bayerische-alpen\/","title":{"rendered":"Seilbahn-Wanderungen Bayerische Alpen"},"content":{"rendered":"<p>50 Touren zwischen Berchtesgaden und Zugspitze<\/p>\n<p>Ob im Berchtesgadener Land, im Chiemgau, den Bayerischen Voralpen, zwischen<br \/>\nRofan, Karwendel und Wetterstein sowie in den Ammergauer Alpen \u2013 \u00fcberall<br \/>\nfindet man Bergbahnen, die einen bequem hinaufbringen in die<br \/>\nabwechslungsreiche Bergwelt der Bayerischen Alpen. Ob gem\u00fctliche Gipfeltour<br \/>\noder aussichtsreiche H\u00f6henwanderung, die 30 Bergbahnen zwischen Berchtesgaden<br \/>\nund Garmisch-Partenkirchen bieten unglaublich viele Tourenm\u00f6glichkeiten \u2013 die<br \/>\n50 sch\u00f6nsten stellt Stefan Herbke im neuen Rother Wanderbuch \u00bbSeilbahn-<br \/>\nWanderungen zwischen Berchtesgaden und Zugspitze\u00ab vor. Die Tourenauswahl<br \/>\nreicht von der leichten Genusswanderung \u00fcber aussichtsreiche<br \/>\nPanoramawanderungen bis hin zu leichten Bergtouren und Klettersteigen, wobei<br \/>\ndie Bergbahnen einen kraftsparenden Start mit hochgelegenem Ausgangspunkt<br \/>\nerm\u00f6glichen. Nat\u00fcrlich gibt es auch Tourenvorschl\u00e4ge, bei denen es sportlich<br \/>\nbergauf geht \u2013 und die Bergbahn einen gelenkschonenden Abstieg erm\u00f6glicht.<\/p>\n<p>Die ausf\u00fchrlichen Wegbeschreibungen werden erg\u00e4nzt durch Kurzinfos mit<br \/>\ndetaillierten Angaben zu den Bergbahnen, den Anforderungen des jeweiligen<br \/>\nTourengebietes, Einkehr- und \u00dcbernachtungsm\u00f6glichkeiten, Hinweisen f\u00fcr<br \/>\nFamilien mit Kindern und Wintertipps f\u00fcr Nicht-Skifahrer. Zu jedem<br \/>\nTourengebiet gibt es eine Karte (\u00fcberwiegend im Ma\u00dfstab 1:50.000), in die die<br \/>\nWanderungen farbig eingetragen sind. Die Umschlagklappe pr\u00e4sentiert alle<br \/>\nTouren mit Schwierigkeit, Gehzeit und den zu bew\u00e4ltigenden H\u00f6henmetern im<br \/>\n\u00dcberblick.<br \/>\nEin ideales Wanderbuch f\u00fcr alle, die die Berge ohne lange Anstiege genie\u00dfen<br \/>\nund ihre Tour m\u00f6glichst gleich auf Gipfelh\u00f6he starten m\u00f6chten!<\/p>\n<p>1. Auflage 2014; 184 Seiten mit 168 Farbabbildungen<br \/>\n30 Wanderk\u00e4rtchen im Ma\u00dfstab 1:50.000\/1:75.000, 50 H\u00f6henprofile,<br \/>\n\u00dcbersichtskarte, Tourenmatrix, GPS-Tracks zum Download<\/p>","protected":false},"excerpt":{"rendered":"<ul>\n<li><a href=\"https:\/\/pizbube.ch\/wp-content\/uploads\/attachments\/a_026\/A69E0F4E0BC84E28C1B54E9AC3506232.pdf\" target=\"_blank\" rel=\"noopener\">PDF: seilbahn-wandeungen bayerische alpen_inhalt<\/a><\/li>\n<\/ul>","protected":false},"featured_media":38370,"template":"","meta":[],"product_brand":[],"product_cat":[21605],"product_tag":[],"class_list":{"0":"post-148985","1":"product","2":"type-product","3":"status-publish","4":"has-post-thumbnail","6":"product_cat-wanderfuehrer-trekking","7":"pa_autor-herbke","8":"pa_erscheinungsjahr-21550","9":"pa_region-deutschland","10":"pa_sprache-de","12":"first","13":"instock","14":"taxable","15":"shipping-taxable","16":"purchasable","17":"product-type-simple"},"_links":{"self":[{"href":"https:\/\/pizbube.ch\/en\/wp-json\/wp\/v2\/product\/148985","targetHints":{"allow":["GET"]}}],"collection":[{"href":"https:\/\/pizbube.ch\/en\/wp-json\/wp\/v2\/product"}],"about":[{"href":"https:\/\/pizbube.ch\/en\/wp-json\/wp\/v2\/types\/product"}],"wp:featuredmedia":[{"embeddable":true,"href":"https:\/\/pizbube.ch\/en\/wp-json\/wp\/v2\/media\/38370"}],"wp:attachment":[{"href":"https:\/\/pizbube.ch\/en\/wp-json\/wp\/v2\/media?parent=148985"}],"wp:term":[{"taxonomy":"product_brand","embeddable":true,"href":"https:\/\/pizbube.ch\/en\/wp-json\/wp\/v2\/product_brand?post=148985"},{"taxonomy":"product_cat","embeddable":true,"href":"https:\/\/pizbube.ch\/en\/wp-json\/wp\/v2\/product_cat?post=148985"},{"taxonomy":"product_tag","embeddable":true,"href":"https:\/\/pizbube.ch\/en\/wp-json\/wp\/v2\/product_tag?post=148985"}],"curies":[{"name":"wp","href":"https:\/\/api.w.org\/{rel}","templated":true}]}}