{"id":148986,"date":"2021-01-15T10:58:38","date_gmt":"2021-01-15T10:58:38","guid":{"rendered":"https:\/\/codengine3.ch\/?product=import-placeholder-for-201043"},"modified":"2021-01-15T11:03:05","modified_gmt":"2021-01-15T11:03:05","slug":"so-wird-die-jungfrau-zur-demoiselle-gemacht","status":"publish","type":"product","link":"https:\/\/pizbube.ch\/en\/shop\/so-wird-die-jungfrau-zur-demoiselle-gemacht\/","title":{"rendered":"So wird die Jungfrau zur Demoiselle gemacht"},"content":{"rendered":"<p>Geschichte und Hintergrund \u00fcber Projektierung und Bau der Jungfraubahn  <\/p>\n<p>Am Ende des letzten Jahrhunderts schossen in der Schweiz Bergbahnen wie Pilze<br \/>\naus dem Boden. Den H\u00f6hepunkt dieses Baufiebers stellte zweifellos die im<br \/>\nSommer 1912 er\u00f6ffnete Jungfraubahn dar, die als einzige echte Hochgebirgsbahn<br \/>\nunseres Landes bis heute nichts von ihrer Faszination verloren hat.<br \/>\nTrotz dieser Anziehungskraft im In- und Ausland fehlte bislang eine<br \/>\nUntersuchung \u00fcber die Baugeschichte der Jungfraubahn. In diese L\u00fccke st\u00f6sst<br \/>\nnun diese Studie, die als Dissertation an der Universit\u00e4t Bern entstanden ist.<br \/>\nSie zeigt auf, dass das heute so wohldurchdacht wirkende Projekt stark vom<br \/>\nZufall gepr\u00e4gt war: Die Linienf\u00fchrung wurde w\u00e4hrend der Bauzeit mehrmals<br \/>\nge\u00e4ndert und immer wieder neu diskutiert; \u00e4hnlich wie beim Furkatunnel waren<br \/>\ndie Baukosten zu tief angesetzt, um die Akzeptanz des Projekts zu erh\u00f6hen.<br \/>\nHinzu gesellten sich logistische Probleme. Da Erfahrungen \u00fcber den Bahnbau im<br \/>\nHochgebirge weitgehend fehlten, kam es zu verschiedenen schweren Unf\u00e4llen. Ein<br \/>\nGrossteil der Studie befasst sich jedoch mit dem Schicksal der italienischen<br \/>\nBauarbeiter, die in \u00fcberf\u00fcllten und unzureichend geheizten Baracken am<br \/>\nEigergletscher wohnten. Die Arbeits- und Lebensbedingungen waren dermassen<br \/>\nschlecht, dass die Belegschaft beinahe t\u00e4glich wechselte, und mehrmals hatte<br \/>\ndie Bauleitung mit Streiks zu k\u00e4mpfen.<br \/>\nWohl zum ersten Mal ist die Entstehungsgeschichte eines Bergbahnunternehmens<br \/>\nso akribisch untersucht worden. Bewusst verzichtete der Autor dabei auf die in<br \/>\nder sonstigen Eisenbahnliteratur \u00fcblichen Heroisierungen.  <\/p>","protected":false},"excerpt":{"rendered":"<p>Geschichte und Hintergrund \u00fcber Projektierung und Bau der Jungfraubahn Am Ende des letzten Jahrhunderts schossen in der Schweiz Bergbahnen wie Pilze aus dem Boden. Den H\u00f6hepunkt dieses Baufiebers stellte zweifellos die im Sommer 1912 er\u00f6ffnete Jungfraubahn dar, die als einzige echte Hochgebirgsbahn unseres Landes bis heute nichts von ihrer Faszination verloren hat. Trotz dieser Anziehungskraft [&#8230;]\n","protected":false},"featured_media":41201,"template":"","meta":[],"product_brand":[],"product_cat":[21542],"product_tag":[],"class_list":{"0":"post-148986","1":"product","2":"type-product","3":"status-publish","4":"has-post-thumbnail","6":"product_cat-sachbuecher-dokumentationen","7":"pa_autor-moser","8":"pa_erscheinungsjahr-22133","9":"pa_region-schweiz","10":"pa_sprache-de","12":"first","13":"outofstock","14":"taxable","15":"shipping-taxable","16":"purchasable","17":"product-type-simple"},"_links":{"self":[{"href":"https:\/\/pizbube.ch\/en\/wp-json\/wp\/v2\/product\/148986","targetHints":{"allow":["GET"]}}],"collection":[{"href":"https:\/\/pizbube.ch\/en\/wp-json\/wp\/v2\/product"}],"about":[{"href":"https:\/\/pizbube.ch\/en\/wp-json\/wp\/v2\/types\/product"}],"wp:featuredmedia":[{"embeddable":true,"href":"https:\/\/pizbube.ch\/en\/wp-json\/wp\/v2\/media\/41201"}],"wp:attachment":[{"href":"https:\/\/pizbube.ch\/en\/wp-json\/wp\/v2\/media?parent=148986"}],"wp:term":[{"taxonomy":"product_brand","embeddable":true,"href":"https:\/\/pizbube.ch\/en\/wp-json\/wp\/v2\/product_brand?post=148986"},{"taxonomy":"product_cat","embeddable":true,"href":"https:\/\/pizbube.ch\/en\/wp-json\/wp\/v2\/product_cat?post=148986"},{"taxonomy":"product_tag","embeddable":true,"href":"https:\/\/pizbube.ch\/en\/wp-json\/wp\/v2\/product_tag?post=148986"}],"curies":[{"name":"wp","href":"https:\/\/api.w.org\/{rel}","templated":true}]}}