{"id":148987,"date":"2021-01-15T10:58:38","date_gmt":"2021-01-15T10:58:38","guid":{"rendered":"https:\/\/codengine3.ch\/?product=import-placeholder-for-203952"},"modified":"2021-05-29T13:53:11","modified_gmt":"2021-05-29T11:53:11","slug":"bergfahrt-75-jahre-bergbahnen-arosa","status":"publish","type":"product","link":"https:\/\/pizbube.ch\/en\/shop\/bergfahrt-75-jahre-bergbahnen-arosa\/","title":{"rendered":"BERGFAHRT &#8211; 75 Jahre Bergbahnen Arosa"},"content":{"rendered":"<p>Die Arosa Bergbahnen AG nimmt ihr 75-j\u00e4hriges Bestehen zum Anlass, eine<br \/>\nfaszinierende Geschichte zu erz\u00e4hlen. Darin geht es um die Anf\u00e4nge des<br \/>\nTourismus in Arosa, um einen gelben Autobus, der im Schanfigg 1930 f\u00fcr<br \/>\nAufregung sorgt und um den Bau der ersten Skilifte. In drei Epochen wird die<br \/>\ntouristische, wirtschaftliche und infrastrukturelle Entwicklung Arosas und der<br \/>\nBergbahnen aufgezeigt. Bilder aus den Jahren 1930 bis 2005 dokumentieren die<br \/>\nspannende und rasante Entwicklung eines verschlafenen Bergbauerndorfes zum<br \/>\nweltbekannten<\/p>","protected":false},"excerpt":{"rendered":"<p>Die Arosa Bergbahnen AG nimmt ihr 75-j\u00e4hriges Bestehen zum Anlass, eine faszinierende Geschichte zu erz\u00e4hlen. Darin geht es um die Anf\u00e4nge des Tourismus in Arosa, um einen gelben Autobus, der im Schanfigg 1930 f\u00fcr Aufregung sorgt und um den Bau der ersten Skilifte. In drei Epochen wird die touristische, wirtschaftliche und infrastrukturelle Entwicklung Arosas und [&#8230;]\n","protected":false},"featured_media":31669,"template":"","meta":[],"product_brand":[],"product_cat":[21542],"product_tag":[],"class_list":{"0":"post-148987","1":"product","2":"type-product","3":"status-publish","4":"has-post-thumbnail","6":"product_cat-sachbuecher-dokumentationen","7":"pa_erscheinungsjahr-21763","8":"pa_region-schweiz","9":"pa_sprache-de","11":"first","12":"outofstock","13":"taxable","14":"shipping-taxable","15":"purchasable","16":"product-type-simple"},"_links":{"self":[{"href":"https:\/\/pizbube.ch\/en\/wp-json\/wp\/v2\/product\/148987","targetHints":{"allow":["GET"]}}],"collection":[{"href":"https:\/\/pizbube.ch\/en\/wp-json\/wp\/v2\/product"}],"about":[{"href":"https:\/\/pizbube.ch\/en\/wp-json\/wp\/v2\/types\/product"}],"wp:featuredmedia":[{"embeddable":true,"href":"https:\/\/pizbube.ch\/en\/wp-json\/wp\/v2\/media\/31669"}],"wp:attachment":[{"href":"https:\/\/pizbube.ch\/en\/wp-json\/wp\/v2\/media?parent=148987"}],"wp:term":[{"taxonomy":"product_brand","embeddable":true,"href":"https:\/\/pizbube.ch\/en\/wp-json\/wp\/v2\/product_brand?post=148987"},{"taxonomy":"product_cat","embeddable":true,"href":"https:\/\/pizbube.ch\/en\/wp-json\/wp\/v2\/product_cat?post=148987"},{"taxonomy":"product_tag","embeddable":true,"href":"https:\/\/pizbube.ch\/en\/wp-json\/wp\/v2\/product_tag?post=148987"}],"curies":[{"name":"wp","href":"https:\/\/api.w.org\/{rel}","templated":true}]}}