{"id":148988,"date":"2021-01-15T10:58:38","date_gmt":"2021-01-15T10:58:38","guid":{"rendered":"https:\/\/codengine3.ch\/?product=import-placeholder-for-208719"},"modified":"2025-08-27T12:32:13","modified_gmt":"2025-08-27T10:32:13","slug":"visionaere-bahnprojekte-die-schweiz-im-aufbruch","status":"publish","type":"product","link":"https:\/\/pizbube.ch\/en\/shop\/visionaere-bahnprojekte-die-schweiz-im-aufbruch\/","title":{"rendered":"Vision\u00e4re Bahnprojekte &#8211; Die Schweiz im Aufbruch"},"content":{"rendered":"<p>In keinem Land der Welt sind derart viele Berg- und Talbahnen geplant worden<br \/>\nwie in der Schweiz. Vor \u00fcber hundert Jahren \u00fcberbieten sich Ingenieure und<br \/>\nIndus-trielle mit Pl\u00e4nen und Ideen. Der unersch\u00fctterliche Glaube an den<br \/>\ntechnischen Fortschritt siegt im ausgehenden 19. Jahrhundert \u00fcber alle Mahner<br \/>\nund Kritiker. Viele dieser pl\u00f6tzlichen Erleuchtungen pr\u00e4gen den Zeitgeist, die<br \/>\nInspirationen entspringen aber auch spekulativen Absichten mit verlockenden<br \/>\nAussichten auf hohe Gewinne und satte Dividenden. Euphorisch berichten die<br \/>\nZeitungen \u00fcber phantastische Pl\u00e4ne und l\u00f6sen damit im mittelst\u00e4ndischen<br \/>\nB\u00fcrgertum landesweite Begeisterung aus.<\/p>\n<p>Bis zur Jahrhundertwende werden von Nationalrat, St\u00e4nderat und Bundesrat<br \/>\nEisenbahn-Konzessionen beinahe \u00e0 discr\u00e9tion ausgestellt. In der Jungfrau-<br \/>\nRegion stapeln sich zwischen 1870 und 1914 (Belle Epoque) 74 Bergbahn-<br \/>\nProjekte. Auch in andern Landesteilen spriessen Ideen und Visionen aus dem<br \/>\nBoden, die auch aus heutiger Sicht interessant und vision\u00e4r sind.<\/p>\n<p>4 Beispiele:<br \/>\n&#8211; 1890: in 15 Minuten auf den Jungfrau-Gipfel<br \/>\n&#8211; 1892: Konzession f\u00fcr die Matterhorn-Bahn<br \/>\n&#8211; 1908 Wetterhornaufzug<br \/>\n&#8211; Von Morteratsch auf den Piz Bernina<\/p>\n<p>\u00dcber 100 spektakul\u00e4re Bahnprojekte \u2013 nie realisiert! Mit vielen unpublizierten<br \/>\nKarten, Pl\u00e4nen und Bildern<\/p>","protected":false},"excerpt":{"rendered":"<p>In keinem Land der Welt sind derart viele Berg- und Talbahnen geplant worden wie in der Schweiz. Vor \u00fcber hundert Jahren \u00fcberbieten sich Ingenieure und Indus-trielle mit Pl\u00e4nen und Ideen. Der unersch\u00fctterliche Glaube an den technischen Fortschritt siegt im ausgehenden 19. Jahrhundert \u00fcber alle Mahner und Kritiker. Viele dieser pl\u00f6tzlichen Erleuchtungen pr\u00e4gen den Zeitgeist, die [&#8230;]\n","protected":false},"featured_media":170812,"template":"","meta":[],"product_brand":[],"product_cat":[21542],"product_tag":[],"class_list":{"0":"post-148988","1":"product","2":"type-product","3":"status-publish","4":"has-post-thumbnail","6":"product_cat-sachbuecher-dokumentationen","7":"pa_autor-schild","8":"pa_erscheinungsjahr-21568","9":"pa_region-schweiz","10":"pa_sprache-de","12":"first","13":"instock","14":"taxable","15":"shipping-taxable","16":"purchasable","17":"product-type-simple"},"_links":{"self":[{"href":"https:\/\/pizbube.ch\/en\/wp-json\/wp\/v2\/product\/148988","targetHints":{"allow":["GET"]}}],"collection":[{"href":"https:\/\/pizbube.ch\/en\/wp-json\/wp\/v2\/product"}],"about":[{"href":"https:\/\/pizbube.ch\/en\/wp-json\/wp\/v2\/types\/product"}],"wp:featuredmedia":[{"embeddable":true,"href":"https:\/\/pizbube.ch\/en\/wp-json\/wp\/v2\/media\/170812"}],"wp:attachment":[{"href":"https:\/\/pizbube.ch\/en\/wp-json\/wp\/v2\/media?parent=148988"}],"wp:term":[{"taxonomy":"product_brand","embeddable":true,"href":"https:\/\/pizbube.ch\/en\/wp-json\/wp\/v2\/product_brand?post=148988"},{"taxonomy":"product_cat","embeddable":true,"href":"https:\/\/pizbube.ch\/en\/wp-json\/wp\/v2\/product_cat?post=148988"},{"taxonomy":"product_tag","embeddable":true,"href":"https:\/\/pizbube.ch\/en\/wp-json\/wp\/v2\/product_tag?post=148988"}],"curies":[{"name":"wp","href":"https:\/\/api.w.org\/{rel}","templated":true}]}}