{"id":148989,"date":"2021-01-15T10:58:38","date_gmt":"2021-01-15T10:58:38","guid":{"rendered":"https:\/\/codengine3.ch\/?product=import-placeholder-for-201230"},"modified":"2021-01-15T11:59:41","modified_gmt":"2021-01-15T11:59:41","slug":"immer-auf-draht-seilbahnen-vernetzen","status":"publish","type":"product","link":"https:\/\/pizbube.ch\/en\/shop\/immer-auf-draht-seilbahnen-vernetzen\/","title":{"rendered":"Immer auf Draht &#8211; Seilbahnen vernetzen"},"content":{"rendered":"<p>\nDie Seilbahnlandschaft in der Europaregion Tirol wird erstmals in einer<br \/>\nZusammenschau von Nord und S\u00fcd dokumentiert. \u00dcber 40 ausgew\u00e4hlte<br \/>\nSeilbahnprojekte, vom Wassertonnenaufzug in Ridnaun bis zu den modernen<br \/>\nStadtseilbahnen in Europa und S\u00fcdamerika, im Zeitfenster von 1870 bis heute,<br \/>\ngeben Einblick in die spannenden ingenieurtechnischen Meisterleistungen. Sie<br \/>\nhaben um die Jahrhundertwende zu innovativen Projekten angespornt.  <\/p>\n<p>Nach dem Motto &#171;Not macht erfinderisch&#187; wurzelt der Erfinderreichtum in der<br \/>\nHerausforderung durch die alpine Landschaft. Im historischen Tirol entstand<br \/>\nnicht nur die erste f\u00fcr den \u00f6ffentlichen Personenverkehr zugelassene<br \/>\nBergschwebebahn der Welt (Kohlern 1908), es war auch die Heimat gar mancher<br \/>\nSeilbahnpioniere wie Luis Zuegg, Karl H\u00f6lzl, Hans Trojer, Kurt und Ernst<br \/>\nLeitner, Arthur Doppelmayr, Erich Kostner oder Erich Kastlunger. Ihre<br \/>\nTradition und ihr Wissen f\u00fchrte zum Ausbau weltmarktf\u00fchrender Unternehmen.  <\/p>\n<p>\u00dcber 500 zum Teil unver\u00f6ffentlichte Fotos schildern von 1900 bis heute die<br \/>\nbewegte Seilbahngeschichte Tirols. In kurzen, pr\u00e4gnanten Texten werden<br \/>\nZukunftsvisionen reflektiert und anhand von umgesetzten Beispielen neue Wege<br \/>\nder Vernetzung aufgezeigt. Die konkreten Aussagen zu den verschiedenen<br \/>\nVisionen analysieren Nutzungspotenzial und langfristige Verkehrsinteressen.<br \/>\nNach den anf\u00e4nglichen Widerst\u00e4nden ist es gelungen, die unwegsamen Berge und<br \/>\nT\u00e4ler zu vernetzen. Dies hat unsere Lebens- und Freizeitgewohnheiten sowie<br \/>\nunseren Wirtschafts- und Landschaftsraum nachhaltig ver\u00e4ndert.  <\/p>","protected":false},"excerpt":{"rendered":"<ul>\n<li><a href=\"https:\/\/pizbube.ch\/wp-content\/uploads\/attachments\/a_006\/46CC7203C393EACE519956A2CB11EEF1.pdf\" target=\"_blank\" rel=\"noopener\">PDF: Immer_auf_Draht_Leseprobe<\/a><\/li>\n<\/ul>","protected":false},"featured_media":28485,"template":"","meta":[],"product_brand":[],"product_cat":[21542],"product_tag":[],"class_list":{"0":"post-148989","1":"product","2":"type-product","3":"status-publish","4":"has-post-thumbnail","6":"product_cat-sachbuecher-dokumentationen","7":"pa_autor-mitterer","8":"pa_erscheinungsjahr-21586","9":"pa_region-italien","10":"pa_sprache-de","12":"first","13":"instock","14":"taxable","15":"shipping-taxable","16":"purchasable","17":"product-type-simple"},"_links":{"self":[{"href":"https:\/\/pizbube.ch\/en\/wp-json\/wp\/v2\/product\/148989","targetHints":{"allow":["GET"]}}],"collection":[{"href":"https:\/\/pizbube.ch\/en\/wp-json\/wp\/v2\/product"}],"about":[{"href":"https:\/\/pizbube.ch\/en\/wp-json\/wp\/v2\/types\/product"}],"wp:featuredmedia":[{"embeddable":true,"href":"https:\/\/pizbube.ch\/en\/wp-json\/wp\/v2\/media\/28485"}],"wp:attachment":[{"href":"https:\/\/pizbube.ch\/en\/wp-json\/wp\/v2\/media?parent=148989"}],"wp:term":[{"taxonomy":"product_brand","embeddable":true,"href":"https:\/\/pizbube.ch\/en\/wp-json\/wp\/v2\/product_brand?post=148989"},{"taxonomy":"product_cat","embeddable":true,"href":"https:\/\/pizbube.ch\/en\/wp-json\/wp\/v2\/product_cat?post=148989"},{"taxonomy":"product_tag","embeddable":true,"href":"https:\/\/pizbube.ch\/en\/wp-json\/wp\/v2\/product_tag?post=148989"}],"curies":[{"name":"wp","href":"https:\/\/api.w.org\/{rel}","templated":true}]}}