{"id":148990,"date":"2021-01-15T10:58:38","date_gmt":"2021-01-15T10:58:38","guid":{"rendered":"https:\/\/codengine3.ch\/?product=import-placeholder-for-204585"},"modified":"2024-08-20T08:50:28","modified_gmt":"2024-08-20T06:50:28","slug":"200-kleinseilbahnen-schweiz","status":"publish","type":"product","link":"https:\/\/pizbube.ch\/en\/shop\/200-kleinseilbahnen-schweiz\/","title":{"rendered":"200 Kleinseilbahnen Schweiz"},"content":{"rendered":"<p>F\u00fcr die einen Nostalgie, f\u00fcr die anderen Abenteuer, wecken Kleinseilbahnen<br \/>\nunser Interesse. Dieses Buch beleuchtet illustrativ die vielgestaltigen<br \/>\nFacetten der kleinen Luftseilbahnen, zeigt aber auch auf, wie einheimische<br \/>\nBetreiber f\u00fcr den Erhalt dieser f\u00fcr die Schweiz typischen B\u00e4hnli zu k\u00e4mpfen<br \/>\nhaben.<\/p>\n<p>Alle 204 Kleinluftseilbahnen der Schweiz, die \u00fcber eine kantonale<br \/>\nBetriebsbewilligung f\u00fcr die Personenbef\u00f6rderung verf\u00fcgen, werden mit Bild und<br \/>\nKurztext vorgestellt, in rund 40 ausf\u00fchrlichen Portr\u00e4ts werden einzelne Bahnen<br \/>\nmit zahreichen Fotos illustriert. Weiter gibt das Buch mit einfach<br \/>\nverst\u00e4ndlichen Fachtexten Einblick in technische Besonderheiten, Geschichte<br \/>\nund gesetzliche Vorgaben.<\/p>\n<p>Kleinseilbahnen haben speziell in den Schweizer Berggebieten eine grosse<br \/>\nBedeutung &#8211; fr\u00fcher wie heute. Sie erschliessen als einfache, zuverl\u00e4ssige,<br \/>\nwirtschaftliche, \u00f6kologische, wintersichere und sehr sichere<br \/>\nTransporteinrichtungen Bergbauernh\u00f6fe, Alpen, Weiler, kleine D\u00f6rfer. Und wir<br \/>\nalle sch\u00e4tzen in der Freizeit den Zugang zu attraktiven Panoramawanderungen.<\/p>\n<p>Das vorliegende Buch pr\u00e4sentiert die Vielfalt der Kleinseilbahnen in der<br \/>\nSchweiz. Mit dreissig Portr\u00e4ts wird die Faszination f\u00fcr Wanderer und Geniesser<br \/>\nerlebbar. Es sind wahre Highlights f\u00fcr technisch Interessierte, aber auch f\u00fcr<br \/>\nalle, die ein \u00abAbenteuer\u00bb lieber in der freien Natur erleben als in einem<br \/>\nmodernen Freizeit-Park.<\/p>\n<p>356 Seiten, 16,3 \u00d7 23,4 cm, gebunden, Hardcover; Mit zahlreichen Abbildungen.<br \/>\n3. \u00fcberarbeit. Auflage 2024<\/p>","protected":false},"excerpt":{"rendered":"<p>F\u00fcr die einen Nostalgie, f\u00fcr die anderen Abenteuer, wecken Kleinseilbahnen unser Interesse. Dieses Buch beleuchtet illustrativ die vielgestaltigen Facetten der kleinen Luftseilbahnen, zeigt aber auch auf, wie einheimische Betreiber f\u00fcr den Erhalt dieser f\u00fcr die Schweiz typischen B\u00e4hnli zu k\u00e4mpfen haben. Alle 204 Kleinluftseilbahnen der Schweiz, die \u00fcber eine kantonale Betriebsbewilligung f\u00fcr die Personenbef\u00f6rderung verf\u00fcgen, [&#8230;]\n","protected":false},"featured_media":174495,"template":"","meta":[],"product_brand":[],"product_cat":[21542],"product_tag":[],"class_list":{"0":"post-148990","1":"product","2":"type-product","3":"status-publish","4":"has-post-thumbnail","6":"product_cat-sachbuecher-dokumentationen","7":"pa_autor-baumgartner-canale","8":"pa_erscheinungsjahr-27339","9":"pa_region-schweiz","10":"pa_sprache-de","12":"first","13":"instock","14":"taxable","15":"shipping-taxable","16":"purchasable","17":"product-type-simple"},"_links":{"self":[{"href":"https:\/\/pizbube.ch\/en\/wp-json\/wp\/v2\/product\/148990","targetHints":{"allow":["GET"]}}],"collection":[{"href":"https:\/\/pizbube.ch\/en\/wp-json\/wp\/v2\/product"}],"about":[{"href":"https:\/\/pizbube.ch\/en\/wp-json\/wp\/v2\/types\/product"}],"wp:featuredmedia":[{"embeddable":true,"href":"https:\/\/pizbube.ch\/en\/wp-json\/wp\/v2\/media\/174495"}],"wp:attachment":[{"href":"https:\/\/pizbube.ch\/en\/wp-json\/wp\/v2\/media?parent=148990"}],"wp:term":[{"taxonomy":"product_brand","embeddable":true,"href":"https:\/\/pizbube.ch\/en\/wp-json\/wp\/v2\/product_brand?post=148990"},{"taxonomy":"product_cat","embeddable":true,"href":"https:\/\/pizbube.ch\/en\/wp-json\/wp\/v2\/product_cat?post=148990"},{"taxonomy":"product_tag","embeddable":true,"href":"https:\/\/pizbube.ch\/en\/wp-json\/wp\/v2\/product_tag?post=148990"}],"curies":[{"name":"wp","href":"https:\/\/api.w.org\/{rel}","templated":true}]}}