{"id":148991,"date":"2021-01-15T10:58:38","date_gmt":"2021-01-15T10:58:38","guid":{"rendered":"https:\/\/codengine3.ch\/?product=import-placeholder-for-206679"},"modified":"2025-06-23T14:12:43","modified_gmt":"2025-06-23T12:12:43","slug":"die-schoensten-seilbahnwanderungen-in-der-schweiz","status":"publish","type":"product","link":"https:\/\/pizbube.ch\/en\/shop\/die-schoensten-seilbahnwanderungen-in-der-schweiz\/","title":{"rendered":"Die sch\u00f6nsten Seilbahnwanderungen in der Schweiz"},"content":{"rendered":"<p>Das Buch pr\u00e4sentiert 50 der sch\u00f6nsten Bergwanderungen von Seilbahn zu Seilbahn<br \/>\nin den Schweizer Bergen.<\/p>\n<p>Die Schweiz ist das Land der Seilbahnen. Von der luftigen Viererkiste bis zur<br \/>\nGrossgondel f\u00fcr 250 Personen, von kurzen Zubringerbahnen bis zur<br \/>\nLuftverbindung \u00fcber 1250 H\u00f6henmeter, vom musealen Holzmodell bis zur<br \/>\ntopmodernen Kunststoffkabine. Oft sind die Seilbahnen allein schon eine<br \/>\nEntdeckungsreise wert. Noch sch\u00f6ner jedoch ist es, zwei oder mehrere<br \/>\nSeilbahnstrecken mit einer Panoramawanderung zu verbinden. So entfallen der<br \/>\nschweisstreibende Auf- und der knieschlotternde Abstieg, und es bleibt der<br \/>\nreine Berggenuss.<\/p>\n<p>Dieses Buch pr\u00e4sentiert 50 der sch\u00f6nsten Wanderungen in der Schweiz von<br \/>\nSeilbahn zu Seilbahn, erg\u00e4nzt durch 34 zus\u00e4tzliche Varianten. Viele der<br \/>\nWanderungen sind einfach und gem\u00fctlich zu begehen, andere erfordern etwas mehr<br \/>\nKondition, technische Schwierigkeiten bieten aber die wenigsten der<br \/>\nvorgeschlagenen Touren. Mit allen n\u00f6tigen praktischen Informationen,<br \/>\n\u00dcbersichtskarte sowie genauen Hinweisen zu Schwierigkeit und Routencharakter.<\/p>","protected":false},"excerpt":{"rendered":"<p>Das Buch pr\u00e4sentiert 50 der sch\u00f6nsten Bergwanderungen von Seilbahn zu Seilbahn in den Schweizer Bergen. Die Schweiz ist das Land der Seilbahnen. Von der luftigen Viererkiste bis zur Grossgondel f\u00fcr 250 Personen, von kurzen Zubringerbahnen bis zur Luftverbindung \u00fcber 1250 H\u00f6henmeter, vom musealen Holzmodell bis zur topmodernen Kunststoffkabine. Oft sind die Seilbahnen allein schon eine [&#8230;]\n","protected":false},"featured_media":35808,"template":"","meta":[],"product_brand":[],"product_cat":[21605],"product_tag":[],"class_list":{"0":"post-148991","1":"product","2":"type-product","3":"status-publish","4":"has-post-thumbnail","6":"product_cat-wanderfuehrer-trekking","7":"pa_autor-coulin","8":"pa_erscheinungsjahr-21546","9":"pa_region-schweiz","10":"pa_sprache-de","12":"first","13":"outofstock","14":"taxable","15":"shipping-taxable","16":"purchasable","17":"product-type-simple"},"_links":{"self":[{"href":"https:\/\/pizbube.ch\/en\/wp-json\/wp\/v2\/product\/148991","targetHints":{"allow":["GET"]}}],"collection":[{"href":"https:\/\/pizbube.ch\/en\/wp-json\/wp\/v2\/product"}],"about":[{"href":"https:\/\/pizbube.ch\/en\/wp-json\/wp\/v2\/types\/product"}],"wp:featuredmedia":[{"embeddable":true,"href":"https:\/\/pizbube.ch\/en\/wp-json\/wp\/v2\/media\/35808"}],"wp:attachment":[{"href":"https:\/\/pizbube.ch\/en\/wp-json\/wp\/v2\/media?parent=148991"}],"wp:term":[{"taxonomy":"product_brand","embeddable":true,"href":"https:\/\/pizbube.ch\/en\/wp-json\/wp\/v2\/product_brand?post=148991"},{"taxonomy":"product_cat","embeddable":true,"href":"https:\/\/pizbube.ch\/en\/wp-json\/wp\/v2\/product_cat?post=148991"},{"taxonomy":"product_tag","embeddable":true,"href":"https:\/\/pizbube.ch\/en\/wp-json\/wp\/v2\/product_tag?post=148991"}],"curies":[{"name":"wp","href":"https:\/\/api.w.org\/{rel}","templated":true}]}}