{"id":148992,"date":"2021-01-15T10:58:38","date_gmt":"2021-01-15T10:58:38","guid":{"rendered":"https:\/\/codengine3.ch\/?product=import-placeholder-for-206776"},"modified":"2021-01-15T14:51:52","modified_gmt":"2021-01-15T14:51:52","slug":"technik-in-den-alpen","status":"publish","type":"product","link":"https:\/\/pizbube.ch\/en\/shop\/technik-in-den-alpen\/","title":{"rendered":"Technik in den Alpen"},"content":{"rendered":"<p>Von Seilbahnen, Staud\u00e4mmen und Schneekanonen<br \/>\nWie Menschen sich mithilfe technischer Errungenschaften den alpinen<br \/>\nHerausforderungen stellen.<\/p>\n<p>Atemberaubende Seilbahnkonstruktionen, ausgekl\u00fcgelte Skipistentechnik, k\u00fchne<br \/>\nEisenbahn- und Br\u00fcckenbauten sowie Hangsicherungen \u2013 der alpine Naturraum hat<br \/>\nsich in eine Hightech-Landschaft verwandelt. Dieses Jugendsachbuch erkl\u00e4rt<br \/>\nanhand von \u00fcber 250 Fotos, Infografiken, Zeichnungen und knappen Texten<br \/>\ntechnische Zusammenh\u00e4nge und Entwicklungen:<\/p>\n<p>Wie wird aus Wasserkraft Strom gewonnen? Wie treffen Tunnelbauer sich<br \/>\npunktgenau im Inneren eines Berges? Wie wird die Sicherheit von Staumauern<br \/>\nkontrolliert? Wie funktioniert eine Schneekanone? Mit welchem Ski kriege ich<br \/>\nleichter die Kurve?<\/p>\n<p>Gebunden,, mit zahlreichen Farbabb.und Illustrationen<br \/>\n128 S., 19 x 24,5 cm<\/p>","protected":false},"excerpt":{"rendered":"<p>Von Seilbahnen, Staud\u00e4mmen und Schneekanonen Wie Menschen sich mithilfe technischer Errungenschaften den alpinen Herausforderungen stellen. Atemberaubende Seilbahnkonstruktionen, ausgekl\u00fcgelte Skipistentechnik, k\u00fchne Eisenbahn- und Br\u00fcckenbauten sowie Hangsicherungen \u2013 der alpine Naturraum hat sich in eine Hightech-Landschaft verwandelt. Dieses Jugendsachbuch erkl\u00e4rt anhand von \u00fcber 250 Fotos, Infografiken, Zeichnungen und knappen Texten technische Zusammenh\u00e4nge und Entwicklungen: Wie wird aus [&#8230;]\n","protected":false},"featured_media":36097,"template":"","meta":[],"product_brand":[],"product_cat":[21542],"product_tag":[],"class_list":{"0":"post-148992","1":"product","2":"type-product","3":"status-publish","4":"has-post-thumbnail","6":"product_cat-sachbuecher-dokumentationen","7":"pa_autor-fritsche-putzer","8":"pa_erscheinungsjahr-21571","9":"pa_region-oesterreich","10":"pa_sprache-de","12":"first","13":"instock","14":"taxable","15":"shipping-taxable","16":"purchasable","17":"product-type-simple"},"_links":{"self":[{"href":"https:\/\/pizbube.ch\/en\/wp-json\/wp\/v2\/product\/148992","targetHints":{"allow":["GET"]}}],"collection":[{"href":"https:\/\/pizbube.ch\/en\/wp-json\/wp\/v2\/product"}],"about":[{"href":"https:\/\/pizbube.ch\/en\/wp-json\/wp\/v2\/types\/product"}],"wp:featuredmedia":[{"embeddable":true,"href":"https:\/\/pizbube.ch\/en\/wp-json\/wp\/v2\/media\/36097"}],"wp:attachment":[{"href":"https:\/\/pizbube.ch\/en\/wp-json\/wp\/v2\/media?parent=148992"}],"wp:term":[{"taxonomy":"product_brand","embeddable":true,"href":"https:\/\/pizbube.ch\/en\/wp-json\/wp\/v2\/product_brand?post=148992"},{"taxonomy":"product_cat","embeddable":true,"href":"https:\/\/pizbube.ch\/en\/wp-json\/wp\/v2\/product_cat?post=148992"},{"taxonomy":"product_tag","embeddable":true,"href":"https:\/\/pizbube.ch\/en\/wp-json\/wp\/v2\/product_tag?post=148992"}],"curies":[{"name":"wp","href":"https:\/\/api.w.org\/{rel}","templated":true}]}}