{"id":148994,"date":"2021-01-15T10:58:38","date_gmt":"2021-01-15T10:58:38","guid":{"rendered":"https:\/\/codengine3.ch\/?product=import-placeholder-for-207886"},"modified":"2021-01-15T16:59:42","modified_gmt":"2021-01-15T16:59:42","slug":"l-alpe-67-au-bout-du-fil","status":"publish","type":"product","link":"https:\/\/pizbube.ch\/en\/shop\/l-alpe-67-au-bout-du-fil\/","title":{"rendered":"L&#8216; Alpe 67 &#8211; Au bout du fil"},"content":{"rendered":"<p>Le c\u00e2ble \u00e0 l&#8217;assaut de la pente<\/p>\n<p>Pour vivre dans les Alpes, l\u2019homme a \u00e9t\u00e9 contraint de composer avec la pente.<br \/>\nDe longue date, il a ainsi imagin\u00e9 des syst\u00e8mes lui permettant, sinon de s\u2019en<br \/>\naffranchir, du moins d\u2019en jouer en se servant des lois de la pesanteur, que ce<br \/>\nsoit pour le transport des balles de foin, le d\u00e9bardage des billes de bois ou\u2026<br \/>\nle plaisir des sports d\u2019hiver.<\/p>\n<p>Et si une alternative plus douce \u00e0 nos modes de transports habituels voyait le<br \/>\njour dans les Alpes ? La transition \u00e9nerg\u00e9tique est aujourd\u2019hui dans tous les<br \/>\nesprits pour remplacer le tout-p\u00e9trole ou le tout-nucl\u00e9aire, mais on oublie<br \/>\nparfois d\u2019\u00e9voquer ces autres solutions plus douces que repr\u00e9sentent les<br \/>\ntransports par c\u00e2ble, nettement moins \u00e9nergivores et dont l\u2019impact sur le<br \/>\nfoncier est quasiment n\u00e9gligeable.<\/p>\n<p>Si les premiers syst\u00e8mes t\u00e9l\u00e9port\u00e9s r\u00e9alis\u00e9s \u00e0 partir de cordes de chanvre et<br \/>\nde traction animale sont av\u00e9r\u00e9s dans les Alpes japonaises d\u00e8s le XIIIe si\u00e8cle<br \/>\nou en Autriche au XVIe si\u00e8cle, funiculaires, t\u00e9l\u00e9ph\u00e9riques et autres remont\u00e9es<br \/>\nm\u00e9caniques ont bel et bien \u00e9t\u00e9 principalement d\u00e9velopp\u00e9s dans les Alpes (ainsi<br \/>\nqu\u2019en milieu urbain) bien avant que ne naisse la civilisation des loisirs,<br \/>\nlors de la r\u00e9volution industrielle et en parall\u00e8le avec la naissance du<br \/>\ntransport ferroviaire.<\/p>\n<p>Aujourd\u2019hui, le transport par c\u00e2ble revient sur le devant de la sc\u00e8ne avec des<br \/>\nr\u00e9alisations spectaculaires dans des villes comme Rio de Janeiro ou New York.<br \/>\nDes installations dont la conception utilise l\u2019exp\u00e9rience acquise en montagne<br \/>\ndans les stations de sport d\u2019hiver pour accro\u00eetre confort et s\u00e9curit\u00e9 des<br \/>\nusagers.<\/p>","protected":false},"excerpt":{"rendered":"<p>Le c\u00e2ble \u00e0 l&#8217;assaut de la pente Pour vivre dans les Alpes, l\u2019homme a \u00e9t\u00e9 contraint de composer avec la pente. De longue date, il a ainsi imagin\u00e9 des syst\u00e8mes lui permettant, sinon de s\u2019en affranchir, du moins d\u2019en jouer en se servant des lois de la pesanteur, que ce soit pour le transport des [&#8230;]\n","protected":false},"featured_media":38738,"template":"","meta":[],"product_brand":[],"product_cat":[21541],"product_tag":[],"class_list":{"0":"post-148994","1":"product","2":"type-product","3":"status-publish","4":"has-post-thumbnail","6":"product_cat-zeitschriften","7":"pa_autor-kober","8":"pa_erscheinungsjahr-21550","9":"pa_region-frankreich","10":"pa_sprache-fr","12":"first","13":"instock","14":"taxable","15":"shipping-taxable","16":"purchasable","17":"product-type-simple"},"_links":{"self":[{"href":"https:\/\/pizbube.ch\/en\/wp-json\/wp\/v2\/product\/148994","targetHints":{"allow":["GET"]}}],"collection":[{"href":"https:\/\/pizbube.ch\/en\/wp-json\/wp\/v2\/product"}],"about":[{"href":"https:\/\/pizbube.ch\/en\/wp-json\/wp\/v2\/types\/product"}],"wp:featuredmedia":[{"embeddable":true,"href":"https:\/\/pizbube.ch\/en\/wp-json\/wp\/v2\/media\/38738"}],"wp:attachment":[{"href":"https:\/\/pizbube.ch\/en\/wp-json\/wp\/v2\/media?parent=148994"}],"wp:term":[{"taxonomy":"product_brand","embeddable":true,"href":"https:\/\/pizbube.ch\/en\/wp-json\/wp\/v2\/product_brand?post=148994"},{"taxonomy":"product_cat","embeddable":true,"href":"https:\/\/pizbube.ch\/en\/wp-json\/wp\/v2\/product_cat?post=148994"},{"taxonomy":"product_tag","embeddable":true,"href":"https:\/\/pizbube.ch\/en\/wp-json\/wp\/v2\/product_tag?post=148994"}],"curies":[{"name":"wp","href":"https:\/\/api.w.org\/{rel}","templated":true}]}}