{"id":148995,"date":"2021-01-15T10:58:38","date_gmt":"2021-01-15T10:58:38","guid":{"rendered":"https:\/\/codengine3.ch\/?product=import-placeholder-for-208457"},"modified":"2025-12-13T14:41:36","modified_gmt":"2025-12-13T13:41:36","slug":"seilbahnquartett","status":"publish","type":"product","link":"https:\/\/pizbube.ch\/en\/shop\/seilbahnquartett\/","title":{"rendered":"Seilbahnquartett"},"content":{"rendered":"<p>Die H\u00fctten sind besucht, die Gipfel bestiegen, die Seen erkundet &#8211; die Gelenke<br \/>\nschmerzen, die F\u00fcsse brennen, die Muskeln sind \u00fcbers\u00e4uert. In einem solchen<br \/>\nMoment l\u00e4sst man sich gerne an einem &#171;d\u00fcnnen Faden&#187; hoch \u00fcber dem Abgrund<br \/>\ngondelnd nach unten tragen. Viele in unserem Spiel vorgestellte Bahnen sind<br \/>\nnichts f\u00fcr schwache Nerven und gleichen fast einer Mutprobe.<\/p>\n<p>Viel besser als ein Besuch im Europapark bieten sie als Teil einer Wanderung<br \/>\nKindern einen coolen Kick und Erwachsenen eine willkommene Verschnaufpause.<br \/>\nDas Seilbahnquartett fasst 32 Kleinseilbahnen aus dem gesamten Schweizer<br \/>\nAlpenraum zum Spiel zusammen. Lassen Sie sich von der besonderen Auswahl<br \/>\ninspirieren und g\u00f6nnen Sie sich schon bald ein luftiges Vergn\u00fcgen &#8211; wer weiss<br \/>\nwie lange diese gleichermassen kuriosen wie atemberaubenden B\u00e4hnchen noch<br \/>\nruckeln und zuckeln.<\/p>\n<p>Das Seilbahnquartett umfasst 33 Blatt, davon sind 32 Bildkarten, mit jeweils<br \/>\neinem exklusiven Bildmotiv sowie den wesentlichen Kennzahlen der abgebildeten<br \/>\nObjekte. Die 33. Karte enth\u00e4lt vorder- und r\u00fcckseitig die Spielanleitung und<br \/>\neine kurze Legende zu den Kennzahlen. Der Kartenstapel ist eingefasst in eine<br \/>\nschmuck gestaltete Spielkartonbox, die einen gut gesch\u00fctzten Transport<br \/>\nerm\u00f6glicht. Karten aus Spielkartenkarton 300gr\/m2, beidseitig lackiert,<br \/>\nBlattformat 62 mm x 100 mm.<\/p>","protected":false},"excerpt":{"rendered":"<p>Die H\u00fctten sind besucht, die Gipfel bestiegen, die Seen erkundet &#8211; die Gelenke schmerzen, die F\u00fcsse brennen, die Muskeln sind \u00fcbers\u00e4uert. In einem solchen Moment l\u00e4sst man sich gerne an einem &#171;d\u00fcnnen Faden&#187; hoch \u00fcber dem Abgrund gondelnd nach unten tragen. Viele in unserem Spiel vorgestellte Bahnen sind nichts f\u00fcr schwache Nerven und gleichen fast [&#8230;]\n","protected":false},"featured_media":40258,"template":"","meta":[],"product_brand":[],"product_cat":[21836],"product_tag":[],"class_list":{"0":"post-148995","1":"product","2":"type-product","3":"status-publish","4":"has-post-thumbnail","6":"product_cat-geschenkideen","7":"pa_autor-michel","8":"pa_erscheinungsjahr-21574","9":"pa_region-schweiz","10":"pa_sprache-de","12":"first","13":"outofstock","14":"taxable","15":"shipping-taxable","16":"purchasable","17":"product-type-simple"},"_links":{"self":[{"href":"https:\/\/pizbube.ch\/en\/wp-json\/wp\/v2\/product\/148995","targetHints":{"allow":["GET"]}}],"collection":[{"href":"https:\/\/pizbube.ch\/en\/wp-json\/wp\/v2\/product"}],"about":[{"href":"https:\/\/pizbube.ch\/en\/wp-json\/wp\/v2\/types\/product"}],"wp:featuredmedia":[{"embeddable":true,"href":"https:\/\/pizbube.ch\/en\/wp-json\/wp\/v2\/media\/40258"}],"wp:attachment":[{"href":"https:\/\/pizbube.ch\/en\/wp-json\/wp\/v2\/media?parent=148995"}],"wp:term":[{"taxonomy":"product_brand","embeddable":true,"href":"https:\/\/pizbube.ch\/en\/wp-json\/wp\/v2\/product_brand?post=148995"},{"taxonomy":"product_cat","embeddable":true,"href":"https:\/\/pizbube.ch\/en\/wp-json\/wp\/v2\/product_cat?post=148995"},{"taxonomy":"product_tag","embeddable":true,"href":"https:\/\/pizbube.ch\/en\/wp-json\/wp\/v2\/product_tag?post=148995"}],"curies":[{"name":"wp","href":"https:\/\/api.w.org\/{rel}","templated":true}]}}