{"id":148997,"date":"2021-01-15T10:58:38","date_gmt":"2021-01-15T10:58:38","guid":{"rendered":"https:\/\/codengine3.ch\/?product=import-placeholder-for-200547"},"modified":"2021-01-15T10:58:41","modified_gmt":"2021-01-15T10:58:41","slug":"les-plus-belles-courses-des-grands-alpinistes","status":"publish","type":"product","link":"https:\/\/pizbube.ch\/en\/shop\/les-plus-belles-courses-des-grands-alpinistes\/","title":{"rendered":"Les plus belles courses des grands alpinistes"},"content":{"rendered":"<p>Pour la premi\u00e8re fois, un livre rassemble le carnet de courses id\u00e9al des<br \/>\ngrands alpinistes.<\/p>\n<p>La haute montagne n\u2019est pas un voyage tranquille : les meilleurs alpinistes en<br \/>\nt\u00e9moignent dans cet ouvrage qui brosse en filigrane un portrait de l\u2019alpinisme<br \/>\nfran\u00e7ais actuel. Alpinistes passionn\u00e9s toujours, ouvreurs de voies parfois,<br \/>\nguides ou professeurs-guides tr\u00e8s souvent\u2026 au travers de ces trente-cinq<br \/>\nportraits se dresse la liste de courses id\u00e9ale : les plus belles voies, les<br \/>\nplus difficiles, les plus pures ou celles qui les ont marqu\u00e9s \u00e0 vie.<\/p>\n<p>De Lionel Daudet \u00e0 Yannick Graziani, en passant par Marc Batard, Philippe<br \/>\nBatoux, Jean-Michel Cambon ou Catherine Destivelle, une trentaine d\u2019alpinistes<br \/>\nparmi les plus forts livrent leurs secrets, leur m\u00e9moire et leurs topos. Ils<br \/>\nnous racontent le combat \u00e9pique \u2013 souvent teint\u00e9 de l\u2019amiti\u00e9 d\u2019une cord\u00e9e \u2013<br \/>\nqui a pu les mener au sommet d\u2019une voie des Alpes.<\/p>\n<p>Un r\u00e9cit illustr\u00e9 de photos souvent spectaculaires et du topo de la voie.<\/p>","protected":false},"excerpt":{"rendered":"<p>Pour la premi\u00e8re fois, un livre rassemble le carnet de courses id\u00e9al des grands alpinistes. La haute montagne n\u2019est pas un voyage tranquille : les meilleurs alpinistes en t\u00e9moignent dans cet ouvrage qui brosse en filigrane un portrait de l\u2019alpinisme fran\u00e7ais actuel. Alpinistes passionn\u00e9s toujours, ouvreurs de voies parfois, guides ou professeurs-guides tr\u00e8s souvent\u2026 au [&#8230;]\n","protected":false},"featured_media":27247,"template":"","meta":[],"product_brand":[],"product_cat":[21542],"product_tag":[],"class_list":{"0":"post-148997","1":"product","2":"type-product","3":"status-publish","4":"has-post-thumbnail","6":"product_cat-sachbuecher-dokumentationen","7":"pa_autor-chavy","8":"pa_erscheinungsjahr-21574","9":"pa_region-frankreich","10":"pa_sprache-fr","12":"first","13":"instock","14":"taxable","15":"shipping-taxable","16":"purchasable","17":"product-type-simple"},"_links":{"self":[{"href":"https:\/\/pizbube.ch\/en\/wp-json\/wp\/v2\/product\/148997","targetHints":{"allow":["GET"]}}],"collection":[{"href":"https:\/\/pizbube.ch\/en\/wp-json\/wp\/v2\/product"}],"about":[{"href":"https:\/\/pizbube.ch\/en\/wp-json\/wp\/v2\/types\/product"}],"wp:featuredmedia":[{"embeddable":true,"href":"https:\/\/pizbube.ch\/en\/wp-json\/wp\/v2\/media\/27247"}],"wp:attachment":[{"href":"https:\/\/pizbube.ch\/en\/wp-json\/wp\/v2\/media?parent=148997"}],"wp:term":[{"taxonomy":"product_brand","embeddable":true,"href":"https:\/\/pizbube.ch\/en\/wp-json\/wp\/v2\/product_brand?post=148997"},{"taxonomy":"product_cat","embeddable":true,"href":"https:\/\/pizbube.ch\/en\/wp-json\/wp\/v2\/product_cat?post=148997"},{"taxonomy":"product_tag","embeddable":true,"href":"https:\/\/pizbube.ch\/en\/wp-json\/wp\/v2\/product_tag?post=148997"}],"curies":[{"name":"wp","href":"https:\/\/api.w.org\/{rel}","templated":true}]}}