{"id":148998,"date":"2021-01-15T10:58:38","date_gmt":"2021-01-15T10:58:38","guid":{"rendered":"https:\/\/codengine3.ch\/?product=import-placeholder-for-207126"},"modified":"2024-08-16T10:07:25","modified_gmt":"2024-08-16T08:07:25","slug":"les-grandes-premieres-du-mont-blanc","status":"publish","type":"product","link":"https:\/\/pizbube.ch\/en\/shop\/les-grandes-premieres-du-mont-blanc\/","title":{"rendered":"Les grandes premi\u00e8res du Mont-Blanc"},"content":{"rendered":"<p>Le premier livre initiatique qui embrasse toute l\u2019histoire de l\u2019alpinisme dans<br \/>\nle massif du Mont-Blanc.<\/p>\n<p>C\u2019est sur le mont Blanc que tout a commenc\u00e9, le jour o\u00f9 Balmat et Paccard ont<br \/>\nd\u00e9rob\u00e9 \u00e0 Saussure &#8217;sa Montagne&#8216;.<br \/>\nC\u2019est autour du mont Blanc qu\u2019ensuite, des aventuriers devenus alpinistes ont<br \/>\nport\u00e9 leurs regards et \u00e9prouv\u00e9 leur audace.<br \/>\nVingt-deux premi\u00e8res choisies qui sont autant d\u2019exploits et d\u2019aventures<br \/>\nhumaines pour ces h\u00e9ros qui ont marqu\u00e9 leur \u00e9poque.<\/p>\n<p>&#8211; Chaque premi\u00e8re est un roman, une \u00e9pop\u00e9e qui fait battre le c\u0153ur. L\u2019auteur<br \/>\ndonne la vedette, dans chacun des chapitres, \u00e0 l\u2019ouvreur et \u00e0 la voie qu\u2019il a<br \/>\ntrac\u00e9e.<br \/>\n&#8211; Une r\u00e9flexion sur l\u2019alpinisme en parall\u00e8le au r\u00e9cit, des aper\u00e7us sur son<br \/>\nhistoire, sa sociologie, ses pratiques, ses techniques et son \u00e9volution.<\/p>\n<p>Un d\u00e9pliant couleur de 67 x 23 cm pr\u00e9sentant une photo unique de Philippe<br \/>\nFragnol: le plus grand panorama jamais photographi\u00e9 du massif du Mont-Blanc<br \/>\nsur lequel vous pourrez situer les vingt-deux grandes voies du Mont-Blanc!<\/p>","protected":false},"excerpt":{"rendered":"<p>Le premier livre initiatique qui embrasse toute l\u2019histoire de l\u2019alpinisme dans le massif du Mont-Blanc. C\u2019est sur le mont Blanc que tout a commenc\u00e9, le jour o\u00f9 Balmat et Paccard ont d\u00e9rob\u00e9 \u00e0 Saussure &#8217;sa Montagne&#8216;. C\u2019est autour du mont Blanc qu\u2019ensuite, des aventuriers devenus alpinistes ont port\u00e9 leurs regards et \u00e9prouv\u00e9 leur audace. Vingt-deux [&#8230;]\n","protected":false},"featured_media":36736,"template":"","meta":[],"product_brand":[],"product_cat":[21542],"product_tag":[],"class_list":{"0":"post-148998","1":"product","2":"type-product","3":"status-publish","4":"has-post-thumbnail","6":"product_cat-sachbuecher-dokumentationen","7":"pa_autor-modica","8":"pa_erscheinungsjahr-21610","9":"pa_region-frankreich","10":"pa_sprache-fr","12":"first","13":"outofstock","14":"taxable","15":"shipping-taxable","16":"purchasable","17":"product-type-simple"},"_links":{"self":[{"href":"https:\/\/pizbube.ch\/en\/wp-json\/wp\/v2\/product\/148998","targetHints":{"allow":["GET"]}}],"collection":[{"href":"https:\/\/pizbube.ch\/en\/wp-json\/wp\/v2\/product"}],"about":[{"href":"https:\/\/pizbube.ch\/en\/wp-json\/wp\/v2\/types\/product"}],"wp:featuredmedia":[{"embeddable":true,"href":"https:\/\/pizbube.ch\/en\/wp-json\/wp\/v2\/media\/36736"}],"wp:attachment":[{"href":"https:\/\/pizbube.ch\/en\/wp-json\/wp\/v2\/media?parent=148998"}],"wp:term":[{"taxonomy":"product_brand","embeddable":true,"href":"https:\/\/pizbube.ch\/en\/wp-json\/wp\/v2\/product_brand?post=148998"},{"taxonomy":"product_cat","embeddable":true,"href":"https:\/\/pizbube.ch\/en\/wp-json\/wp\/v2\/product_cat?post=148998"},{"taxonomy":"product_tag","embeddable":true,"href":"https:\/\/pizbube.ch\/en\/wp-json\/wp\/v2\/product_tag?post=148998"}],"curies":[{"name":"wp","href":"https:\/\/api.w.org\/{rel}","templated":true}]}}