{"id":148999,"date":"2021-01-15T10:58:38","date_gmt":"2021-01-15T10:58:38","guid":{"rendered":"https:\/\/codengine3.ch\/?product=import-placeholder-for-202878"},"modified":"2021-01-15T12:40:07","modified_gmt":"2021-01-15T12:40:07","slug":"die-neue-mentale-staerke","status":"publish","type":"product","link":"https:\/\/pizbube.ch\/en\/shop\/die-neue-mentale-staerke\/","title":{"rendered":"Die neue mentale St\u00e4rke"},"content":{"rendered":"<p>Sportliche Bestleistung durch mentale, emotionale und physische<br \/>\nKonditionierung  <\/p>\n<p>Neue Trainingsprogramme des weltbekannten Sportpsychologen, die innere St\u00e4rke,<br \/>\nDurchhalteverm\u00f6gen und Siegeswillen positiv beeinflussen &#8211; damit<br \/>\nHerausforderungen im Sport erfolgreich gemeistert werden k\u00f6nnen.  <\/p>\n<p>\u00bbDer Loehr\u00ab, das bew\u00e4hrte Standardwerk f\u00fcr Mentaltraining im Sport \u00b7 Mit<br \/>\npraktischen \u00dcbungen f\u00fcr Sportler jeder Leistungsst\u00e4rke, die ihr wahres<br \/>\nPotenzial erkennen und aussch\u00f6pfen wollen \u00b7 Das besondere Plus: sofort<br \/>\numsetzbar und ohne theoretischen Ballast.<\/p>","protected":false},"excerpt":{"rendered":"<p>Sportliche Bestleistung durch mentale, emotionale und physische Konditionierung Neue Trainingsprogramme des weltbekannten Sportpsychologen, die innere St\u00e4rke, Durchhalteverm\u00f6gen und Siegeswillen positiv beeinflussen &#8211; damit Herausforderungen im Sport erfolgreich gemeistert werden k\u00f6nnen. \u00bbDer Loehr\u00ab, das bew\u00e4hrte Standardwerk f\u00fcr Mentaltraining im Sport \u00b7 Mit praktischen \u00dcbungen f\u00fcr Sportler jeder Leistungsst\u00e4rke, die ihr wahres Potenzial erkennen und aussch\u00f6pfen wollen [&#8230;]\n","protected":false},"featured_media":30348,"template":"","meta":[],"product_brand":[],"product_cat":[21538],"product_tag":[],"class_list":{"0":"post-148999","1":"product","2":"type-product","3":"status-publish","4":"has-post-thumbnail","6":"product_cat-lehrbuecher","7":"pa_autor-loehr","8":"pa_erscheinungsjahr-21621","9":"pa_region-klettertechnik","10":"pa_sprache-de","12":"first","13":"outofstock","14":"taxable","15":"shipping-taxable","16":"purchasable","17":"product-type-simple"},"_links":{"self":[{"href":"https:\/\/pizbube.ch\/en\/wp-json\/wp\/v2\/product\/148999","targetHints":{"allow":["GET"]}}],"collection":[{"href":"https:\/\/pizbube.ch\/en\/wp-json\/wp\/v2\/product"}],"about":[{"href":"https:\/\/pizbube.ch\/en\/wp-json\/wp\/v2\/types\/product"}],"wp:featuredmedia":[{"embeddable":true,"href":"https:\/\/pizbube.ch\/en\/wp-json\/wp\/v2\/media\/30348"}],"wp:attachment":[{"href":"https:\/\/pizbube.ch\/en\/wp-json\/wp\/v2\/media?parent=148999"}],"wp:term":[{"taxonomy":"product_brand","embeddable":true,"href":"https:\/\/pizbube.ch\/en\/wp-json\/wp\/v2\/product_brand?post=148999"},{"taxonomy":"product_cat","embeddable":true,"href":"https:\/\/pizbube.ch\/en\/wp-json\/wp\/v2\/product_cat?post=148999"},{"taxonomy":"product_tag","embeddable":true,"href":"https:\/\/pizbube.ch\/en\/wp-json\/wp\/v2\/product_tag?post=148999"}],"curies":[{"name":"wp","href":"https:\/\/api.w.org\/{rel}","templated":true}]}}