{"id":149000,"date":"2021-01-15T10:58:38","date_gmt":"2021-01-15T10:58:38","guid":{"rendered":"https:\/\/codengine3.ch\/?product=import-placeholder-for-200549"},"modified":"2021-01-15T10:58:42","modified_gmt":"2021-01-15T10:58:42","slug":"schmetterlinge-der-alpen","status":"publish","type":"product","link":"https:\/\/pizbube.ch\/en\/shop\/schmetterlinge-der-alpen\/","title":{"rendered":"Schmetterlinge der Alpen"},"content":{"rendered":"<p>Der Bestimmungsf\u00fchrer f\u00fcr alle Arten<\/p>\n<p>So vielf\u00e4ltig wie die Lebensr\u00e4ume der Alpen, so einzigartig ist auch die<br \/>\nheimische Schmetterlingswelt! \u00abSchmetterlinge der Alpen\u00bb portr\u00e4tiert mit<br \/>\nsch\u00f6nen Fotos und informativen Texten alle 238 Arten des Alpenbogens. Mehrere<br \/>\nFotos von jeder Art verdeutlichen die charakteristischen Merkmale,<br \/>\nLandschaftsbilder und Grafiken vermitteln Informationen zum typischen<br \/>\nLebensraum, zu Ern\u00e4hrung, Fortpflanzung und Verbreitung in den Alpen.  <\/p>\n<p>Damit ist das Buch ein umfassender und detaillierter Bestimmungsf\u00fchrer &#8211; nicht<br \/>\nnur f\u00fcr bereits erfahrene Schmetterlingsliebhaber, sondern auch f\u00fcr Wanderer<br \/>\nund Bergsteiger, die sich mit diesen farbenpr\u00e4chtigen Insekten des Lebensraums<br \/>\nAlpen und ihrer \u00d6kologie vertraut machen wollen.<\/p>\n<p>1. Auflage 2015; 352 Seiten, rund 700 Fotos, 700 Pikto- und Ph\u00e4nogramme, 240<br \/>\nVerbreitungskarten<\/p>","protected":false},"excerpt":{"rendered":"<p>Der Bestimmungsf\u00fchrer f\u00fcr alle Arten So vielf\u00e4ltig wie die Lebensr\u00e4ume der Alpen, so einzigartig ist auch die heimische Schmetterlingswelt! \u00abSchmetterlinge der Alpen\u00bb portr\u00e4tiert mit sch\u00f6nen Fotos und informativen Texten alle 238 Arten des Alpenbogens. Mehrere Fotos von jeder Art verdeutlichen die charakteristischen Merkmale, Landschaftsbilder und Grafiken vermitteln Informationen zum typischen Lebensraum, zu Ern\u00e4hrung, Fortpflanzung und [&#8230;]\n","protected":false},"featured_media":27260,"template":"","meta":[],"product_brand":[],"product_cat":[21542],"product_tag":[],"class_list":{"0":"post-149000","1":"product","2":"type-product","3":"status-publish","4":"has-post-thumbnail","6":"product_cat-sachbuecher-dokumentationen","7":"pa_autor-ferretti","8":"pa_erscheinungsjahr-21597","9":"pa_region-fauna-flora-geologie-glaziologie","10":"pa_sprache-de","12":"first","13":"instock","14":"taxable","15":"shipping-taxable","16":"purchasable","17":"product-type-simple"},"_links":{"self":[{"href":"https:\/\/pizbube.ch\/en\/wp-json\/wp\/v2\/product\/149000","targetHints":{"allow":["GET"]}}],"collection":[{"href":"https:\/\/pizbube.ch\/en\/wp-json\/wp\/v2\/product"}],"about":[{"href":"https:\/\/pizbube.ch\/en\/wp-json\/wp\/v2\/types\/product"}],"wp:featuredmedia":[{"embeddable":true,"href":"https:\/\/pizbube.ch\/en\/wp-json\/wp\/v2\/media\/27260"}],"wp:attachment":[{"href":"https:\/\/pizbube.ch\/en\/wp-json\/wp\/v2\/media?parent=149000"}],"wp:term":[{"taxonomy":"product_brand","embeddable":true,"href":"https:\/\/pizbube.ch\/en\/wp-json\/wp\/v2\/product_brand?post=149000"},{"taxonomy":"product_cat","embeddable":true,"href":"https:\/\/pizbube.ch\/en\/wp-json\/wp\/v2\/product_cat?post=149000"},{"taxonomy":"product_tag","embeddable":true,"href":"https:\/\/pizbube.ch\/en\/wp-json\/wp\/v2\/product_tag?post=149000"}],"curies":[{"name":"wp","href":"https:\/\/api.w.org\/{rel}","templated":true}]}}