{"id":149002,"date":"2021-01-15T10:58:38","date_gmt":"2021-01-15T10:58:38","guid":{"rendered":"https:\/\/codengine3.ch\/?product=import-placeholder-for-203738"},"modified":"2021-01-15T14:26:07","modified_gmt":"2021-01-15T14:26:07","slug":"tiere-der-alpen-2","status":"publish","type":"product","link":"https:\/\/pizbube.ch\/en\/shop\/tiere-der-alpen-2\/","title":{"rendered":"Tiere der Alpen"},"content":{"rendered":"<p>Die Wirbeltiere;<br \/>\nWas Sie schon immer \u00fcber unsere Alpentiere wissen wollten!<br \/>\nMit allgemeinverst\u00e4ndlichen Texten von Jacques Gilli\u00e9ron und herrlichen<br \/>\nTierfotos von Claude Morerod.<\/p>\n<p>Es ist das erste Mal, dass ein Buch fast alle in den Alpen vorkommenden<br \/>\nWirbeltiere vorstellt, nicht weniger als 300 Arten, eingeteilt in<br \/>\nsystematische Gruppen: S\u00e4ugetiere, V\u00f6gel, Reptilien, Amphibien, Fische. Dank<br \/>\nden lehrreichen Texten, die das Wichtigste des bis heute bekannten Wissens<br \/>\n\u00fcber eine Art zusammenfassen, und einzigartigen, in der Natur aufgenommenen<br \/>\n215 Fotografien, ist dieses Buch ein unentbehrlicher F\u00fchrer f\u00fcr alle, die sich<br \/>\nin den Bergen bewegen und ihr Wissen \u00fcber die Fauna der Alpen vertiefen<br \/>\nwollen.<br \/>\n300 Arten, 215 Farbfotos.<\/p>","protected":false},"excerpt":{"rendered":"<p>Die Wirbeltiere; Was Sie schon immer \u00fcber unsere Alpentiere wissen wollten! Mit allgemeinverst\u00e4ndlichen Texten von Jacques Gilli\u00e9ron und herrlichen Tierfotos von Claude Morerod. Es ist das erste Mal, dass ein Buch fast alle in den Alpen vorkommenden Wirbeltiere vorstellt, nicht weniger als 300 Arten, eingeteilt in systematische Gruppen: S\u00e4ugetiere, V\u00f6gel, Reptilien, Amphibien, Fische. Dank den [&#8230;]\n","protected":false},"featured_media":31409,"template":"","meta":[],"product_brand":[],"product_cat":[21538],"product_tag":[],"class_list":{"0":"post-149002","1":"product","2":"type-product","3":"status-publish","4":"has-post-thumbnail","6":"product_cat-lehrbuecher","7":"pa_autor-gillieron-morerod","8":"pa_erscheinungsjahr-21776","9":"pa_region-fauna-flora-geologie-glaziologie","10":"pa_sprache-de","12":"first","13":"instock","14":"taxable","15":"shipping-taxable","16":"purchasable","17":"product-type-simple"},"_links":{"self":[{"href":"https:\/\/pizbube.ch\/en\/wp-json\/wp\/v2\/product\/149002","targetHints":{"allow":["GET"]}}],"collection":[{"href":"https:\/\/pizbube.ch\/en\/wp-json\/wp\/v2\/product"}],"about":[{"href":"https:\/\/pizbube.ch\/en\/wp-json\/wp\/v2\/types\/product"}],"wp:featuredmedia":[{"embeddable":true,"href":"https:\/\/pizbube.ch\/en\/wp-json\/wp\/v2\/media\/31409"}],"wp:attachment":[{"href":"https:\/\/pizbube.ch\/en\/wp-json\/wp\/v2\/media?parent=149002"}],"wp:term":[{"taxonomy":"product_brand","embeddable":true,"href":"https:\/\/pizbube.ch\/en\/wp-json\/wp\/v2\/product_brand?post=149002"},{"taxonomy":"product_cat","embeddable":true,"href":"https:\/\/pizbube.ch\/en\/wp-json\/wp\/v2\/product_cat?post=149002"},{"taxonomy":"product_tag","embeddable":true,"href":"https:\/\/pizbube.ch\/en\/wp-json\/wp\/v2\/product_tag?post=149002"}],"curies":[{"name":"wp","href":"https:\/\/api.w.org\/{rel}","templated":true}]}}