{"id":149003,"date":"2021-01-15T10:58:38","date_gmt":"2021-01-15T10:58:38","guid":{"rendered":"https:\/\/codengine3.ch\/?product=import-placeholder-for-204535"},"modified":"2023-04-29T14:23:02","modified_gmt":"2023-04-29T12:23:02","slug":"sehnsucht-alp-flix","status":"publish","type":"product","link":"https:\/\/pizbube.ch\/en\/shop\/sehnsucht-alp-flix\/","title":{"rendered":"Sehnsucht Alp Flix"},"content":{"rendered":"<p>Hochgenuss in Bildern und Rezepten<br \/>\nEinkehren auf der Alp Flix<\/p>\n<p>Die hochalpine Moorlandschaft liegt im Oberhalbstein im B\u00fcndnerland auf 2000 m<br \/>\n\u00fc. M. Die Pflanzen- und Tierwelt ist einzigartig und lockt Naturmenschen<br \/>\nganzj\u00e4hrig ins Paradies.<\/p>\n<p>Das Buch erz\u00e4hlt von einer Welt, die der Leser selber entdecken und geniessen<br \/>\nkann. Werner vom Berg hat das Leben auf der stillen Alp in atemberaubenden<br \/>\nBildern eingefangen, vom erwachenden Fr\u00fchling bis in den stillen Winter. Texte<br \/>\nvon Alp-Flixer-Fans sind eine Hommage an die Alp und ihre \u201eBewohner\u201c und eine<br \/>\nsch\u00f6ne, unterhaltsame Begleitung durch die Jahreszeiten.<\/p>\n<p>Im Berghaus Piz Platta darf man weitertr\u00e4umen und sich kulinarisch verw\u00f6hnen<br \/>\nlassen. Die K\u00fcche ist frisch und bodenst\u00e4ndig, mal hat sie \u00f6sterreichische,<br \/>\nmal italienische, mal schweizerische Wurzeln. Auch davon handelt dieses Buch.<\/p>","protected":false},"excerpt":{"rendered":"<ul>\n<li><a href=\"https:\/\/pizbube.ch\/wp-content\/uploads\/attachments\/a_015\/5FA97778043CBCBF6DBECF3CC0DA8624.pdf\" target=\"_blank\" rel=\"noopener\">PDF: Sehnsucht_AlpFlix_Leseprobe.pdf<\/a><\/li>\n<\/ul>","protected":false},"featured_media":32590,"template":"","meta":[],"product_brand":[],"product_cat":[21542],"product_tag":[],"class_list":{"0":"post-149003","1":"product","2":"type-product","3":"status-publish","4":"has-post-thumbnail","6":"product_cat-sachbuecher-dokumentationen","7":"pa_autor-vom-berg","8":"pa_erscheinungsjahr-21597","9":"pa_region-schweiz","10":"pa_sprache-de","12":"first","13":"instock","14":"taxable","15":"shipping-taxable","16":"purchasable","17":"product-type-simple"},"_links":{"self":[{"href":"https:\/\/pizbube.ch\/en\/wp-json\/wp\/v2\/product\/149003","targetHints":{"allow":["GET"]}}],"collection":[{"href":"https:\/\/pizbube.ch\/en\/wp-json\/wp\/v2\/product"}],"about":[{"href":"https:\/\/pizbube.ch\/en\/wp-json\/wp\/v2\/types\/product"}],"wp:featuredmedia":[{"embeddable":true,"href":"https:\/\/pizbube.ch\/en\/wp-json\/wp\/v2\/media\/32590"}],"wp:attachment":[{"href":"https:\/\/pizbube.ch\/en\/wp-json\/wp\/v2\/media?parent=149003"}],"wp:term":[{"taxonomy":"product_brand","embeddable":true,"href":"https:\/\/pizbube.ch\/en\/wp-json\/wp\/v2\/product_brand?post=149003"},{"taxonomy":"product_cat","embeddable":true,"href":"https:\/\/pizbube.ch\/en\/wp-json\/wp\/v2\/product_cat?post=149003"},{"taxonomy":"product_tag","embeddable":true,"href":"https:\/\/pizbube.ch\/en\/wp-json\/wp\/v2\/product_tag?post=149003"}],"curies":[{"name":"wp","href":"https:\/\/api.w.org\/{rel}","templated":true}]}}