{"id":149006,"date":"2021-01-15T10:58:38","date_gmt":"2021-01-15T10:58:38","guid":{"rendered":"https:\/\/codengine3.ch\/?product=import-placeholder-for-201370"},"modified":"2021-03-13T11:29:32","modified_gmt":"2021-03-13T10:29:32","slug":"kletterfuehrer-berner-oberland-nord","status":"publish","type":"product","link":"https:\/\/pizbube.ch\/en\/shop\/kletterfuehrer-berner-oberland-nord\/","title":{"rendered":"Kletterf\u00fchrer Berner Oberland Nord"},"content":{"rendered":"<p>Simmental \/ Diemtigtal \/ Kandertal \/ Region Thuner- und Brienzersee \/<br \/>\nL\u00fctschinent\u00e4ler \/ Haslital<\/p>\n<p>Diese Neuauflage erscheint in komplett neuem Kleid, deckt aber dasselbe Gebiet<br \/>\nab wie sein Vorg\u00e4nger \u00abBerner Voralpen\u00bb.<\/p>\n<p>Der vollkommen neu erarbeitete F\u00fchrer beinhaltet viel Bildmaterial, aus denen<br \/>\nder Charakter eines Klettergebietes ersichtlich wird. Die Texte sind m\u00f6glichst<br \/>\nkurz gehalten, trotzdem sollten alle notwendigen Informationen vorliegen. Die<br \/>\nMehrheit der Kletterfreunde bevorzugen heute gut abgesicherte, einfach zu<br \/>\nerreichende Kletterg\u00e4rten. Einseill\u00e4ngenrouten sind beliebter als lange<br \/>\nTouren. Es werden aber auch einige Touren auf Gipfel beschrieben, die sich<br \/>\nnicht an der Plaisir-Klettermode messen kann.<\/p>\n<p>Total werden rund 1800 Routen im Simmental, Diemtigtal, Kandertal, in den<br \/>\nL\u00fctschinent\u00e4lern, im Haslital und rund um die Oberl\u00e4nder Seen beschrieben. Wie<br \/>\nbei den SAC-Kletterf\u00fchrern Standard, wurden s\u00e4mtliche Gebiete und Sektoren in<br \/>\ndiesem Werk auf Naturvertr\u00e4glichkeit gepr\u00fcft.<\/p>\n<p>352 Seiten, rund 1800 Routen, ausf\u00fchrliche Topos, Routen und Kletterfotos,<br \/>\nNachfolgeband von \u201eBerner Voralpen\u201c<\/p>","protected":false},"excerpt":{"rendered":"<ul>\n<li><a href=\"https:\/\/pizbube.ch\/wp-content\/uploads\/attachments\/a_016\/62581961FAA6E667DA287CC19EF3E6EA.pdf\" target=\"_blank\" rel=\"noopener\">PDF: Leseprobe_Berner_Oberland_Nord<\/a><\/li>\n<\/ul>","protected":false},"featured_media":156393,"template":"","meta":[],"product_brand":[],"product_cat":[21539],"product_tag":[],"class_list":{"0":"post-149006","1":"product","2":"type-product","3":"status-publish","4":"has-post-thumbnail","6":"product_cat-fuehrerliteratur-sportklettern-bouldern","7":"pa_autor-gerber","8":"pa_erscheinungsjahr-21597","9":"pa_region-schweiz","10":"pa_sprache-de","12":"first","13":"instock","14":"taxable","15":"shipping-taxable","16":"purchasable","17":"product-type-simple"},"_links":{"self":[{"href":"https:\/\/pizbube.ch\/en\/wp-json\/wp\/v2\/product\/149006","targetHints":{"allow":["GET"]}}],"collection":[{"href":"https:\/\/pizbube.ch\/en\/wp-json\/wp\/v2\/product"}],"about":[{"href":"https:\/\/pizbube.ch\/en\/wp-json\/wp\/v2\/types\/product"}],"wp:featuredmedia":[{"embeddable":true,"href":"https:\/\/pizbube.ch\/en\/wp-json\/wp\/v2\/media\/156393"}],"wp:attachment":[{"href":"https:\/\/pizbube.ch\/en\/wp-json\/wp\/v2\/media?parent=149006"}],"wp:term":[{"taxonomy":"product_brand","embeddable":true,"href":"https:\/\/pizbube.ch\/en\/wp-json\/wp\/v2\/product_brand?post=149006"},{"taxonomy":"product_cat","embeddable":true,"href":"https:\/\/pizbube.ch\/en\/wp-json\/wp\/v2\/product_cat?post=149006"},{"taxonomy":"product_tag","embeddable":true,"href":"https:\/\/pizbube.ch\/en\/wp-json\/wp\/v2\/product_tag?post=149006"}],"curies":[{"name":"wp","href":"https:\/\/api.w.org\/{rel}","templated":true}]}}