{"id":149007,"date":"2021-01-15T10:58:38","date_gmt":"2021-01-15T10:58:38","guid":{"rendered":"https:\/\/codengine3.ch\/?product=import-placeholder-for-206340"},"modified":"2021-08-27T11:40:12","modified_gmt":"2021-08-27T09:40:12","slug":"sportklettern-berner-oberland","status":"publish","type":"product","link":"https:\/\/pizbube.ch\/en\/shop\/sportklettern-berner-oberland\/","title":{"rendered":"Sportklettern Berner Oberland"},"content":{"rendered":"<p>Hans Grossen pr\u00e4sentiert auf 240 Seiten mit 220 Bildern 71 Sportklettergebiete<br \/>\ndes Berner Oberlandes von den Wendenst\u00f6cken \u00fcber die Engelh\u00f6rner bis zur Roten<br \/>\nFluh in Wort und Bild<\/p>\n<p>Alpine Gipfel und W\u00e4nde, voralpine Gebiete und Kletterg\u00e4rten<br \/>\nErschliessungsgeschichte, Hintergrundberichte und wichtige Infos 29 bedeutende<br \/>\nErschliesser und Sportkletterer im Portr\u00e4t Klettergeschichte vom<br \/>\nEroberungsklettern zum Sportklettern<\/p>\n<p>Das Buch enth\u00e4lt keine Topos und Routenbeschreibungen 4-farbig \/ 240 Seiten<br \/>\n(21x28cm) \/ 71 Gebiete \/ Texte in D<\/p>","protected":false},"excerpt":{"rendered":"<ul>\n<li><a href=\"https:\/\/pizbube.ch\/wp-content\/uploads\/attachments\/a_002\/16E60ED802BC7A58E249406AC2D66DA4.pdf\" target=\"_blank\" rel=\"noopener\">PDF: Beispielseiten_Sportklettern Berner Oberland<\/a><\/li>\n<\/ul>","protected":false},"featured_media":158573,"template":"","meta":[],"product_brand":[],"product_cat":[21542],"product_tag":[],"class_list":{"0":"post-149007","1":"product","2":"type-product","3":"status-publish","4":"has-post-thumbnail","6":"product_cat-sachbuecher-dokumentationen","7":"pa_autor-grossen","8":"pa_erscheinungsjahr-21830","9":"pa_region-schweiz","10":"pa_sprache-de","12":"first","13":"instock","14":"taxable","15":"shipping-taxable","16":"purchasable","17":"product-type-simple"},"_links":{"self":[{"href":"https:\/\/pizbube.ch\/en\/wp-json\/wp\/v2\/product\/149007","targetHints":{"allow":["GET"]}}],"collection":[{"href":"https:\/\/pizbube.ch\/en\/wp-json\/wp\/v2\/product"}],"about":[{"href":"https:\/\/pizbube.ch\/en\/wp-json\/wp\/v2\/types\/product"}],"wp:featuredmedia":[{"embeddable":true,"href":"https:\/\/pizbube.ch\/en\/wp-json\/wp\/v2\/media\/158573"}],"wp:attachment":[{"href":"https:\/\/pizbube.ch\/en\/wp-json\/wp\/v2\/media?parent=149007"}],"wp:term":[{"taxonomy":"product_brand","embeddable":true,"href":"https:\/\/pizbube.ch\/en\/wp-json\/wp\/v2\/product_brand?post=149007"},{"taxonomy":"product_cat","embeddable":true,"href":"https:\/\/pizbube.ch\/en\/wp-json\/wp\/v2\/product_cat?post=149007"},{"taxonomy":"product_tag","embeddable":true,"href":"https:\/\/pizbube.ch\/en\/wp-json\/wp\/v2\/product_tag?post=149007"}],"curies":[{"name":"wp","href":"https:\/\/api.w.org\/{rel}","templated":true}]}}