{"id":149009,"date":"2021-01-15T10:58:39","date_gmt":"2021-01-15T10:58:39","guid":{"rendered":"https:\/\/codengine3.ch\/?product=import-placeholder-for-200551"},"modified":"2024-07-05T17:51:52","modified_gmt":"2024-07-05T15:51:52","slug":"aladaglar-hiking-map-140000","status":"publish","type":"product","link":"https:\/\/pizbube.ch\/en\/shop\/aladaglar-hiking-map-140000\/","title":{"rendered":"Aladaglar Hiking Map 1:40&#8217;000"},"content":{"rendered":"<p>Die erste und derzeit einzige orientierungstaugliche Wanderkarte des<br \/>\nAladaglar-Gebirges.<\/p>\n<p>Das Aladaglar-Massiv (Alada\u011flar) ist nach dem Hakkari Daglar im Osten des<br \/>\nLandes das h\u00f6chste Gebirgsmassiv der T\u00fcrkei. Es befindet sich im Zentralen<br \/>\nTaurusgbirge und stellt ein Eldorado f\u00fcr Kletterer, Alpinisten, Trekker und<br \/>\nWanderer dar.<br \/>\nDetails:<\/p>\n<p>H\u00f6henlinienabstand (\u00c4quidistanz) von 20m<br \/>\nGPS-Eignung durch UTM-Gitter<br \/>\nWanderwege nach Schwierigkeit und Genauigkeit klassifiziert<br \/>\nAuskunft \u00fcber Zelt- und Lagerpl\u00e4tze, Brunnen und Quellen, Gipfel, P\u00e4sse, Koten<br \/>\netc.<br \/>\nIntuitiv lesbare Gel\u00e4ndezeichnung durch Mehrfachschummerung<br \/>\nInklusive Kartenausschnitt der Kapuzbasi Wasserf\u00e4lle und H\u00f6henprofil des Trans<br \/>\nAladaglar West &lt;-&gt; Ost.<br \/>\nAuf leichtem rei\u00df- und wasserfestem, Papier gedruckt (Polyart).<\/p>","protected":false},"excerpt":{"rendered":"<p>Die erste und derzeit einzige orientierungstaugliche Wanderkarte des Aladaglar-Gebirges. Das Aladaglar-Massiv (Alada\u011flar) ist nach dem Hakkari Daglar im Osten des Landes das h\u00f6chste Gebirgsmassiv der T\u00fcrkei. Es befindet sich im Zentralen Taurusgbirge und stellt ein Eldorado f\u00fcr Kletterer, Alpinisten, Trekker und Wanderer dar. Details: H\u00f6henlinienabstand (\u00c4quidistanz) von 20m GPS-Eignung durch UTM-Gitter Wanderwege nach Schwierigkeit und [&#8230;]\n","protected":false},"featured_media":27265,"template":"","meta":[],"product_brand":[],"product_cat":[21543],"product_tag":[],"class_list":{"0":"post-149009","1":"product","2":"type-product","3":"status-publish","4":"has-post-thumbnail","6":"product_cat-landkarten","7":"pa_autor-hoepke","8":"pa_erscheinungsjahr-21568","9":"pa_region-osteuropa","10":"pa_sprache-de","12":"first","13":"instock","14":"taxable","15":"shipping-taxable","16":"purchasable","17":"product-type-simple"},"_links":{"self":[{"href":"https:\/\/pizbube.ch\/en\/wp-json\/wp\/v2\/product\/149009","targetHints":{"allow":["GET"]}}],"collection":[{"href":"https:\/\/pizbube.ch\/en\/wp-json\/wp\/v2\/product"}],"about":[{"href":"https:\/\/pizbube.ch\/en\/wp-json\/wp\/v2\/types\/product"}],"wp:featuredmedia":[{"embeddable":true,"href":"https:\/\/pizbube.ch\/en\/wp-json\/wp\/v2\/media\/27265"}],"wp:attachment":[{"href":"https:\/\/pizbube.ch\/en\/wp-json\/wp\/v2\/media?parent=149009"}],"wp:term":[{"taxonomy":"product_brand","embeddable":true,"href":"https:\/\/pizbube.ch\/en\/wp-json\/wp\/v2\/product_brand?post=149009"},{"taxonomy":"product_cat","embeddable":true,"href":"https:\/\/pizbube.ch\/en\/wp-json\/wp\/v2\/product_cat?post=149009"},{"taxonomy":"product_tag","embeddable":true,"href":"https:\/\/pizbube.ch\/en\/wp-json\/wp\/v2\/product_tag?post=149009"}],"curies":[{"name":"wp","href":"https:\/\/api.w.org\/{rel}","templated":true}]}}