{"id":149011,"date":"2021-01-15T10:58:39","date_gmt":"2021-01-15T10:58:39","guid":{"rendered":"https:\/\/codengine3.ch\/?product=import-placeholder-for-200552"},"modified":"2024-09-27T09:23:54","modified_gmt":"2024-09-27T07:23:54","slug":"escalade-au-marcoc-vallee-de-talambote","status":"publish","type":"product","link":"https:\/\/pizbube.ch\/en\/shop\/escalade-au-marcoc-vallee-de-talambote\/","title":{"rendered":"Escalade au Marcoc &#8211; Vall\u00e9e de TALAMBOTE"},"content":{"rendered":"<p>Situ\u00e9 au nord du Maroc, dans le parc national Talassemtane, au coeur du Rif et<br \/>\npr\u00e8s de Chefchaouen, on y d\u00e9nombre pr\u00e8s de 300 voies de 10 \u00e0 300 m\u00e8tres.<\/p>\n<p>Il recense les 291 voies de grimpe, r\u00e9parties en 42 secteurs que compte<br \/>\nactuellement la vall\u00e9e !<br \/>\n291 voies, allant du 4\u00e8me degr\u00e9 jusqu&#8217;au 8a+, et d&#8217;une hauteur allant de 10<br \/>\nm\u00e8tres -secteur El Capitan ( ! &#8230; ) \u00e0 320 m\u00e8tres dans la paroi de Ca\u00efat.<\/p>\n<p>Des voies m\u00e9ga-supra-bien \u00e9quip\u00e9es, des autres nettement plus engag\u00e9es, du<br \/>\nterrain d&#8217;aventure, quelques bouses innommables (il en faut, h\u00e9las) et surtout<br \/>\ndes petits joyaux trac\u00e9s sur un rocher magnifique pour de somptueuses balades<br \/>\nverticales!<\/p>\n<p>La cotation des voies a \u00e9t\u00e9 encadr\u00e9e selon un code-couleur, pour vous<br \/>\npermettre de voir du premier coup d&#8217;oeil si ce secteur est fait pour vous ou<br \/>\npas !<\/p>","protected":false},"excerpt":{"rendered":"<p>Situ\u00e9 au nord du Maroc, dans le parc national Talassemtane, au coeur du Rif et pr\u00e8s de Chefchaouen, on y d\u00e9nombre pr\u00e8s de 300 voies de 10 \u00e0 300 m\u00e8tres. Il recense les 291 voies de grimpe, r\u00e9parties en 42 secteurs que compte actuellement la vall\u00e9e ! 291 voies, allant du 4\u00e8me degr\u00e9 jusqu&#8217;au 8a+, [&#8230;]\n","protected":false},"featured_media":173702,"template":"","meta":[],"product_brand":[],"product_cat":[21539],"product_tag":[],"class_list":{"0":"post-149011","1":"product","2":"type-product","3":"status-publish","4":"has-post-thumbnail","6":"product_cat-fuehrerliteratur-sportklettern-bouldern","7":"pa_autor-boimond","8":"pa_erscheinungsjahr-21597","9":"pa_region-afrika","10":"pa_sprache-fr","12":"first","13":"outofstock","14":"taxable","15":"shipping-taxable","16":"purchasable","17":"product-type-simple"},"_links":{"self":[{"href":"https:\/\/pizbube.ch\/en\/wp-json\/wp\/v2\/product\/149011","targetHints":{"allow":["GET"]}}],"collection":[{"href":"https:\/\/pizbube.ch\/en\/wp-json\/wp\/v2\/product"}],"about":[{"href":"https:\/\/pizbube.ch\/en\/wp-json\/wp\/v2\/types\/product"}],"wp:featuredmedia":[{"embeddable":true,"href":"https:\/\/pizbube.ch\/en\/wp-json\/wp\/v2\/media\/173702"}],"wp:attachment":[{"href":"https:\/\/pizbube.ch\/en\/wp-json\/wp\/v2\/media?parent=149011"}],"wp:term":[{"taxonomy":"product_brand","embeddable":true,"href":"https:\/\/pizbube.ch\/en\/wp-json\/wp\/v2\/product_brand?post=149011"},{"taxonomy":"product_cat","embeddable":true,"href":"https:\/\/pizbube.ch\/en\/wp-json\/wp\/v2\/product_cat?post=149011"},{"taxonomy":"product_tag","embeddable":true,"href":"https:\/\/pizbube.ch\/en\/wp-json\/wp\/v2\/product_tag?post=149011"}],"curies":[{"name":"wp","href":"https:\/\/api.w.org\/{rel}","templated":true}]}}