{"id":149012,"date":"2021-01-15T10:58:39","date_gmt":"2021-01-15T10:58:39","guid":{"rendered":"https:\/\/codengine3.ch\/?product=import-placeholder-for-204827"},"modified":"2024-11-13T12:38:39","modified_gmt":"2024-11-13T11:38:39","slug":"taghia-et-autres-montagnes-berberes","status":"publish","type":"product","link":"https:\/\/pizbube.ch\/en\/shop\/taghia-et-autres-montagnes-berberes\/","title":{"rendered":"Taghia et autres Montagnes Berb\u00e8res"},"content":{"rendered":"<p>Situ\u00e9 dans le Haut Atlas \u00e0 200 kilom\u00e8tres \u00e0 l&#8217;est de Marrakech, Taghia est un<br \/>\npetit village de 400 habitants, perch\u00e9 \u00e0 1900m d&#8217;altitude et entour\u00e9 d&#8217;un<br \/>\ncirque de parois variant entre 300 et 800m de hauteurs. Des sources abondantes<br \/>\noffrent aux habitants une relative prosp\u00e9rit\u00e9 gr\u00e2ce aux nombreuses plantations<br \/>\nirrigu\u00e9es d&#8217;un savant r\u00e9seau de canaux.<\/p>\n<p>Depuis l\u2019\u00e9dition du premier topo-guide en 2008, unnombre consid\u00e9rable de voies<br \/>\nnouvelles ont vu le jour.Taghia est devenue en quelques ann\u00e9es un des lieux<br \/>\ndepr\u00e9dilection pour les grimpeurs voyageurs. Si lesquelques 300 itin\u00e9raires<br \/>\naujourd\u2019hui recens\u00e9s seconcentrent autour du petit village de Taghia,<br \/>\ncetouvrage l\u00e8ve le voile sur des ouvertures r\u00e9centesr\u00e9alis\u00e9es autour de Zaouia<br \/>\nAhanesal, non loind\u2019Assemsouk, sous l\u2019\u00e9nigmatique plateau de Maskou ou surles<br \/>\nflancs de l\u2019\u00e9loquente Amesfrane.<\/p>\n<p>Enfin, au del\u00e0 de l\u2019esth\u00e9tique de la pierre, ici, dansces montagnes du Haut<br \/>\nAtlas, la beaut\u00e9 des paysages etla grande humanit\u00e9 des gens qui les peuplent<br \/>\nvous droitau c\u0153ur en une franche \u00e9vidence.<\/p>","protected":false},"excerpt":{"rendered":"<p>Situ\u00e9 dans le Haut Atlas \u00e0 200 kilom\u00e8tres \u00e0 l&#8217;est de Marrakech, Taghia est un petit village de 400 habitants, perch\u00e9 \u00e0 1900m d&#8217;altitude et entour\u00e9 d&#8217;un cirque de parois variant entre 300 et 800m de hauteurs. Des sources abondantes offrent aux habitants une relative prosp\u00e9rit\u00e9 gr\u00e2ce aux nombreuses plantations irrigu\u00e9es d&#8217;un savant r\u00e9seau de [&#8230;]\n","protected":false},"featured_media":161806,"template":"","meta":[],"product_brand":[],"product_cat":[21539],"product_tag":[27466,27465],"class_list":{"0":"post-149012","1":"product","2":"type-product","3":"status-publish","4":"has-post-thumbnail","6":"product_cat-fuehrerliteratur-sportklettern-bouldern","7":"product_tag-marocco","8":"product_tag-marokko","9":"pa_autor-ravier","10":"pa_erscheinungsjahr-21586","11":"pa_region-afrika","12":"pa_sprache-fr","14":"first","15":"instock","16":"taxable","17":"shipping-taxable","18":"purchasable","19":"product-type-simple"},"_links":{"self":[{"href":"https:\/\/pizbube.ch\/en\/wp-json\/wp\/v2\/product\/149012","targetHints":{"allow":["GET"]}}],"collection":[{"href":"https:\/\/pizbube.ch\/en\/wp-json\/wp\/v2\/product"}],"about":[{"href":"https:\/\/pizbube.ch\/en\/wp-json\/wp\/v2\/types\/product"}],"wp:featuredmedia":[{"embeddable":true,"href":"https:\/\/pizbube.ch\/en\/wp-json\/wp\/v2\/media\/161806"}],"wp:attachment":[{"href":"https:\/\/pizbube.ch\/en\/wp-json\/wp\/v2\/media?parent=149012"}],"wp:term":[{"taxonomy":"product_brand","embeddable":true,"href":"https:\/\/pizbube.ch\/en\/wp-json\/wp\/v2\/product_brand?post=149012"},{"taxonomy":"product_cat","embeddable":true,"href":"https:\/\/pizbube.ch\/en\/wp-json\/wp\/v2\/product_cat?post=149012"},{"taxonomy":"product_tag","embeddable":true,"href":"https:\/\/pizbube.ch\/en\/wp-json\/wp\/v2\/product_tag?post=149012"}],"curies":[{"name":"wp","href":"https:\/\/api.w.org\/{rel}","templated":true}]}}