{"id":149016,"date":"2021-01-15T10:58:39","date_gmt":"2021-01-15T10:58:39","guid":{"rendered":"https:\/\/codengine3.ch\/?product=import-placeholder-for-208209"},"modified":"2024-03-02T13:28:32","modified_gmt":"2024-03-02T12:28:32","slug":"globi-in-der-bergwelt","status":"publish","type":"product","link":"https:\/\/pizbube.ch\/en\/shop\/globi-in-der-bergwelt\/","title":{"rendered":"Globi in der Bergwelt"},"content":{"rendered":"<p>Mitten in der Stadt trifft Globi auf die G\u00e4mse Zima. Sie hat sich verirrt und<br \/>\nm\u00f6chte nach Hause. Globi begleitet sie zur\u00fcck in die Berge.<br \/>\nAngekommen, marschieren sie los, und Globi taucht ein in die vielf\u00e4ltige<br \/>\nBergwelt und lernt Natur, Tiere und Pflanzen kennen.<\/p>\n<p>Globi \u00fcbt sich im Kartenlesen, lernt Wanderwege und deren Markierungen kennen<br \/>\nund sieht, wie die Menschen in den Bergen leben und arbeiten. Zima, die kecke<br \/>\nund lustige G\u00e4mse, ist immer mit dabei, bis am Ende eine r\u00fchrende<br \/>\nVerabschiedung unvermeidbar ist.<\/p>\n<p>Das Buch greift alle relevanten Themen rund um die Bergwelt auf, und<br \/>\ngleichzeitig werden praktische Informationen spielerisch erkl\u00e4rt. Globis Buch<br \/>\nist eine tolle Bereicherung f\u00fcr Familien, die gerne in die Berge gehen. Es<br \/>\nbirgt eine F\u00fclle von Informationen, Ideen und tollen Geschichten rund um die<br \/>\nBergwelt.<\/p>\n<p>Globi Wissen Band 10<\/p>","protected":false},"excerpt":{"rendered":"<p>Mitten in der Stadt trifft Globi auf die G\u00e4mse Zima. Sie hat sich verirrt und m\u00f6chte nach Hause. Globi begleitet sie zur\u00fcck in die Berge. Angekommen, marschieren sie los, und Globi taucht ein in die vielf\u00e4ltige Bergwelt und lernt Natur, Tiere und Pflanzen kennen. Globi \u00fcbt sich im Kartenlesen, lernt Wanderwege und deren Markierungen kennen [&#8230;]\n","protected":false},"featured_media":164322,"template":"","meta":[],"product_brand":[],"product_cat":[21542],"product_tag":[26864,26863],"class_list":{"0":"post-149016","1":"product","2":"type-product","3":"status-publish","4":"has-post-thumbnail","6":"product_cat-sachbuecher-dokumentationen","7":"product_tag-kinderbuch","8":"product_tag-kinderbuecher","9":"pa_autor-coulin-mueller","10":"pa_erscheinungsjahr-21574","11":"pa_region-schweiz","12":"pa_sprache-de","14":"first","15":"outofstock","16":"taxable","17":"shipping-taxable","18":"purchasable","19":"product-type-simple"},"_links":{"self":[{"href":"https:\/\/pizbube.ch\/en\/wp-json\/wp\/v2\/product\/149016","targetHints":{"allow":["GET"]}}],"collection":[{"href":"https:\/\/pizbube.ch\/en\/wp-json\/wp\/v2\/product"}],"about":[{"href":"https:\/\/pizbube.ch\/en\/wp-json\/wp\/v2\/types\/product"}],"wp:featuredmedia":[{"embeddable":true,"href":"https:\/\/pizbube.ch\/en\/wp-json\/wp\/v2\/media\/164322"}],"wp:attachment":[{"href":"https:\/\/pizbube.ch\/en\/wp-json\/wp\/v2\/media?parent=149016"}],"wp:term":[{"taxonomy":"product_brand","embeddable":true,"href":"https:\/\/pizbube.ch\/en\/wp-json\/wp\/v2\/product_brand?post=149016"},{"taxonomy":"product_cat","embeddable":true,"href":"https:\/\/pizbube.ch\/en\/wp-json\/wp\/v2\/product_cat?post=149016"},{"taxonomy":"product_tag","embeddable":true,"href":"https:\/\/pizbube.ch\/en\/wp-json\/wp\/v2\/product_tag?post=149016"}],"curies":[{"name":"wp","href":"https:\/\/api.w.org\/{rel}","templated":true}]}}