{"id":149018,"date":"2021-01-15T10:58:39","date_gmt":"2021-01-15T10:58:39","guid":{"rendered":"https:\/\/codengine3.ch\/?product=import-placeholder-for-204972"},"modified":"2025-08-23T13:39:06","modified_gmt":"2025-08-23T11:39:06","slug":"vrenelis-gaertli","status":"publish","type":"product","link":"https:\/\/pizbube.ch\/en\/shop\/vrenelis-gaertli\/","title":{"rendered":"Vrenelis G\u00e4rtli"},"content":{"rendered":"<p>Roman; Das Vreneli ist nicht wie andere Kinder. Schon \u00fcber seine Eltern<br \/>\nkursieren im Tal die seltsamsten Ger\u00fcchte, und als die Mutter fr\u00fch stirbt,<br \/>\nhei\u00dft es, der Vater habe mit b\u00f6sen M\u00e4chten paktiert. Das Vreneli soll fort von<br \/>\nihm und auf die Schule, doch lernt es lieber das zwielichtige Handwerk des<br \/>\nZauberns und streicht in Gestalt eines roten F\u00fcchsleins \u00fcber die zerkl\u00fcfteten<br \/>\nBerge und Gletscher.<\/p>\n<p>Nachdem es die Tochter eines reichen Fabrikanten aus der Gefangenschaft eines<br \/>\nHexers gerettet hat, verfolgt der es mit Wut und Ausdauer. Bald darauf trifft<br \/>\ndas Vreneli den Waisenknaben Melk, einen jungen Sennen, ein Quatemberkind wie<br \/>\nsie &#8211; und sp\u00fcrt ein Sehnen, das sie bis dahin nicht gekannt hat. Doch bringt<br \/>\nder Fluch des Hexers auch den Melk in Gefahr?<\/p>\n<p>Wie in Ovids Metamorphosen die klassischen Mythen, so tauchen in Tim Krohns<br \/>\nRoman die schweizerischen Sagenstoffe auf und gewinnen in der poetischen<br \/>\nVerwandlung neue Gestalt. In einer faszinierenden schwiizerd\u00fc\u00fctsch-<br \/>\nhochdeutschen Kunstsprache Glarner Pr\u00e4gung erz\u00e4hlt er ohne Moralisieren und<br \/>\njenseits aller Folklore seine wilden, anr\u00fchrenden und &#8218;meineidig sch\u00f6nen&#8216;<br \/>\nGeschichten.<\/p>","protected":false},"excerpt":{"rendered":"<p>Roman; Das Vreneli ist nicht wie andere Kinder. Schon \u00fcber seine Eltern kursieren im Tal die seltsamsten Ger\u00fcchte, und als die Mutter fr\u00fch stirbt, hei\u00dft es, der Vater habe mit b\u00f6sen M\u00e4chten paktiert. Das Vreneli soll fort von ihm und auf die Schule, doch lernt es lieber das zwielichtige Handwerk des Zauberns und streicht in [&#8230;]\n","protected":false},"featured_media":181059,"template":"","meta":[],"product_brand":[],"product_cat":[21629],"product_tag":[],"class_list":{"0":"post-149018","1":"product","2":"type-product","3":"status-publish","4":"has-post-thumbnail","6":"product_cat-belletristik","7":"pa_autor-krohn","8":"pa_erscheinungsjahr-21574","9":"pa_region-schweiz","10":"pa_sprache-de","12":"first","13":"instock","14":"taxable","15":"shipping-taxable","16":"purchasable","17":"product-type-simple"},"_links":{"self":[{"href":"https:\/\/pizbube.ch\/en\/wp-json\/wp\/v2\/product\/149018","targetHints":{"allow":["GET"]}}],"collection":[{"href":"https:\/\/pizbube.ch\/en\/wp-json\/wp\/v2\/product"}],"about":[{"href":"https:\/\/pizbube.ch\/en\/wp-json\/wp\/v2\/types\/product"}],"wp:featuredmedia":[{"embeddable":true,"href":"https:\/\/pizbube.ch\/en\/wp-json\/wp\/v2\/media\/181059"}],"wp:attachment":[{"href":"https:\/\/pizbube.ch\/en\/wp-json\/wp\/v2\/media?parent=149018"}],"wp:term":[{"taxonomy":"product_brand","embeddable":true,"href":"https:\/\/pizbube.ch\/en\/wp-json\/wp\/v2\/product_brand?post=149018"},{"taxonomy":"product_cat","embeddable":true,"href":"https:\/\/pizbube.ch\/en\/wp-json\/wp\/v2\/product_cat?post=149018"},{"taxonomy":"product_tag","embeddable":true,"href":"https:\/\/pizbube.ch\/en\/wp-json\/wp\/v2\/product_tag?post=149018"}],"curies":[{"name":"wp","href":"https:\/\/api.w.org\/{rel}","templated":true}]}}