{"id":149021,"date":"2021-01-15T10:58:39","date_gmt":"2021-01-15T10:58:39","guid":{"rendered":"https:\/\/codengine3.ch\/?product=import-placeholder-for-204618"},"modified":"2021-01-15T14:34:55","modified_gmt":"2021-01-15T14:34:55","slug":"trekking-im-oetztal-pitztal","status":"publish","type":"product","link":"https:\/\/pizbube.ch\/en\/shop\/trekking-im-oetztal-pitztal\/","title":{"rendered":"Trekking im \u00d6tztal &#8211; Pitztal"},"content":{"rendered":"<p>37 Etappen<br \/>\nDie Niederungen des Alltags hinter sich zu lassen und tagelang durch<br \/>\nunber\u00fchrte Bergnatur zu wandern, stets aufs Neue in herrlichen Ausblicken zu<br \/>\nschwelgen und das urige H\u00fcttenflair in geselliger Runde mit Gleichgesinnten zu<br \/>\nteilen \u2013 das erm\u00f6glicht einem das alpine Trekking, im Sinne von mehrt\u00e4gigen<br \/>\nGebirgsdurchquerungen.<\/p>\n<p>Der Rother Wanderf\u00fchrer Trekking im \u00d6tztal und Pitztal beschreibt f\u00fcnf<br \/>\nmehrt\u00e4gige Routen von H\u00fctte zu H\u00fctte rund um bekannte Orte wie Oetz, S\u00f6lden,<br \/>\nVent und Obergurgl. Wo es sich anbietet, wird auch die eine oder andere<br \/>\nlohnende Gipfeltour eingestreut. Bergwanderer mit gehobenen Anspr\u00fcchen k\u00f6nnen<br \/>\nalso aus dem Vollen sch\u00f6pfen. Kaum irgendwo in den Ostalpen erreichen sie auf<br \/>\nmarkierten Routen vergleichbare H\u00f6hen bis ins Dreitausenderniveau!<\/p>\n<p>Mark Zahel, Autor zahlreicher Wander- und Klettersteigf\u00fchrer, kennt sich in<br \/>\nden Ostalpen bestens aus. Die Beschreibung der Etappen erfolgt akribisch nach<br \/>\naktuellen Erkundungen, erg\u00e4nzt durch viele n\u00fctzliche Infos, detaillierte<br \/>\nKartenausschnitte, aussagekr\u00e4ftige H\u00f6henprofile und zum Download<br \/>\nbereitgestellte GPS-Tracks. Portr\u00e4ts aller besuchten H\u00fctten sowie ein<br \/>\n\u00bbSpecial\u00ab \u00fcber den ultralangen \u00d6tztal-Trek, dem die meisten Etappen ohnehin<br \/>\nangeh\u00f6ren, runden diesen F\u00fchrer ab.  <\/p>\n<p>1. Auflage 2016<br \/>\n184 Seiten mit 158 Farbabbildungen; 37 H\u00f6henprofile, 37 Wanderk\u00e4rtchen im<br \/>\nMa\u00dfstab 1:75.000, zwei \u00dcbersichtskarten, GPS-Tracks zum Download<\/p>","protected":false},"excerpt":{"rendered":"<ul>\n<li><a href=\"https:\/\/pizbube.ch\/wp-content\/uploads\/attachments\/a_015\/56F5D5B8E9426C0A49A969D58435F724.pdf\" target=\"_blank\" rel=\"noopener\">PDF: oetztal_pitztal_inhalt.pdf<\/a><\/li>\n<\/ul>","protected":false},"featured_media":32811,"template":"","meta":[],"product_brand":[],"product_cat":[21605],"product_tag":[],"class_list":{"0":"post-149021","1":"product","2":"type-product","3":"status-publish","4":"has-post-thumbnail","6":"product_cat-wanderfuehrer-trekking","7":"pa_autor-zahel","8":"pa_erscheinungsjahr-21571","9":"pa_region-oesterreich","10":"pa_sprache-de","12":"first","13":"instock","14":"taxable","15":"shipping-taxable","16":"purchasable","17":"product-type-simple"},"_links":{"self":[{"href":"https:\/\/pizbube.ch\/en\/wp-json\/wp\/v2\/product\/149021","targetHints":{"allow":["GET"]}}],"collection":[{"href":"https:\/\/pizbube.ch\/en\/wp-json\/wp\/v2\/product"}],"about":[{"href":"https:\/\/pizbube.ch\/en\/wp-json\/wp\/v2\/types\/product"}],"wp:featuredmedia":[{"embeddable":true,"href":"https:\/\/pizbube.ch\/en\/wp-json\/wp\/v2\/media\/32811"}],"wp:attachment":[{"href":"https:\/\/pizbube.ch\/en\/wp-json\/wp\/v2\/media?parent=149021"}],"wp:term":[{"taxonomy":"product_brand","embeddable":true,"href":"https:\/\/pizbube.ch\/en\/wp-json\/wp\/v2\/product_brand?post=149021"},{"taxonomy":"product_cat","embeddable":true,"href":"https:\/\/pizbube.ch\/en\/wp-json\/wp\/v2\/product_cat?post=149021"},{"taxonomy":"product_tag","embeddable":true,"href":"https:\/\/pizbube.ch\/en\/wp-json\/wp\/v2\/product_tag?post=149021"}],"curies":[{"name":"wp","href":"https:\/\/api.w.org\/{rel}","templated":true}]}}