{"id":149022,"date":"2021-01-15T10:58:39","date_gmt":"2021-01-15T10:58:39","guid":{"rendered":"https:\/\/codengine3.ch\/?product=import-placeholder-for-208265"},"modified":"2021-01-15T17:52:05","modified_gmt":"2021-01-15T17:52:05","slug":"panoramawege-und-aussichtsberge-suedtirol","status":"publish","type":"product","link":"https:\/\/pizbube.ch\/en\/shop\/panoramawege-und-aussichtsberge-suedtirol\/","title":{"rendered":"Panoramawege und Aussichtsberge S\u00fcdtirol"},"content":{"rendered":"<p>\nGipfelpanoramen mit Rundum-Sicht und imposante Fern- und Tiefblicke: Von weit<br \/>\noben die Aussicht zu genie\u00dfen, ist ein unvergleichliches Gef\u00fchl! Ganz<br \/>\nbesonders, wenn man in einer traumhaften Bergregion wie S\u00fcdtirol unterwegs<br \/>\nist. Dieser Band versammelt mehr als 56 der sch\u00f6nsten Panoramawege und<br \/>\nAussichtsberge, die \u00fcber ganz S\u00fcdtirol verteilt liegen.<\/p>\n<p>Es geht in die eisbewehrte Ortlergruppe, auf den Alpenhauptkamm und seine<br \/>\nvorgelagerten Berge, in die weitl\u00e4ufigen Sarntaler Alpen und nat\u00fcrlich auch in<br \/>\ndie popul\u00e4ren Dolomiten, die ihrer Einzigartigkeit wegen zum Weltnaturerbe<br \/>\ngeh\u00f6ren. Wanderer, die genussreiche H\u00f6henwege wie den Reiner oder die Drei-<br \/>\nZinnen-Runde sch\u00e4tzen, werden ebenso f\u00fcndig wie jene, die auch mal eine<br \/>\nstrammere Bergtour unternehmen wollen.<\/p>\n<p>Die Auswahl deckt ein weites Spektrum von leicht bis anspruchsvoll ab. Sie<br \/>\nbeinhaltet viele beliebte Klassiker, die man einfach kennen will, daneben aber<br \/>\nauch einige \u00bbGeheimtipps\u00ab, die S\u00fcdtirol-Kenner Mark Zahel ganz besonders am<br \/>\nHerzen liegen. Neben den ausf\u00fchrlichen, zuverl\u00e4ssigen Beschreibungen der<br \/>\neinzelnen Touren dienen detaillierte Kartenausschnitte und H\u00f6henprofile sowie<br \/>\nGPS-Tracks der optimalen Planung und Durchf\u00fchrung. Nicht zuletzt l\u00e4sst eine<br \/>\nreichhaltige Bebilderung schon daheim eine unb\u00e4ndige Lust aufkommen, die<br \/>\ngro\u00dfartigen Panoramen in S\u00fcdtirols Bergwelt selbst zu erleben.  <\/p>\n<p>1. Auflage 2020<br \/>\n216 Seiten mit 100 Farbabbildungen<br \/>\n56 Wanderk\u00e4rtchen im Ma\u00dfstab 1:50.000, 56 H\u00f6henprofile, eine \u00dcbersichtskarte,<br \/>\nGPS-Daten zum Downloa  <\/p>","protected":false},"excerpt":{"rendered":"<ul>\n<li><a href=\"https:\/\/pizbube.ch\/wp-content\/uploads\/attachments\/a_029\/D04D9B7CF380827135F22398812E6E98.pdf\" target=\"_blank\" rel=\"noopener\">PDF: Inhalt_Panoramawege_Suedtirol<\/a><\/li>\n<\/ul>","protected":false},"featured_media":39818,"template":"","meta":[],"product_brand":[],"product_cat":[21605],"product_tag":[],"class_list":{"0":"post-149022","1":"product","2":"type-product","3":"status-publish","4":"has-post-thumbnail","6":"product_cat-wanderfuehrer-trekking","7":"pa_autor-zahel","8":"pa_erscheinungsjahr-21558","9":"pa_region-italien","10":"pa_sprache-de","12":"first","13":"instock","14":"taxable","15":"shipping-taxable","16":"purchasable","17":"product-type-simple"},"_links":{"self":[{"href":"https:\/\/pizbube.ch\/en\/wp-json\/wp\/v2\/product\/149022","targetHints":{"allow":["GET"]}}],"collection":[{"href":"https:\/\/pizbube.ch\/en\/wp-json\/wp\/v2\/product"}],"about":[{"href":"https:\/\/pizbube.ch\/en\/wp-json\/wp\/v2\/types\/product"}],"wp:featuredmedia":[{"embeddable":true,"href":"https:\/\/pizbube.ch\/en\/wp-json\/wp\/v2\/media\/39818"}],"wp:attachment":[{"href":"https:\/\/pizbube.ch\/en\/wp-json\/wp\/v2\/media?parent=149022"}],"wp:term":[{"taxonomy":"product_brand","embeddable":true,"href":"https:\/\/pizbube.ch\/en\/wp-json\/wp\/v2\/product_brand?post=149022"},{"taxonomy":"product_cat","embeddable":true,"href":"https:\/\/pizbube.ch\/en\/wp-json\/wp\/v2\/product_cat?post=149022"},{"taxonomy":"product_tag","embeddable":true,"href":"https:\/\/pizbube.ch\/en\/wp-json\/wp\/v2\/product_tag?post=149022"}],"curies":[{"name":"wp","href":"https:\/\/api.w.org\/{rel}","templated":true}]}}