{"id":149025,"date":"2021-01-15T10:58:39","date_gmt":"2021-01-15T10:58:39","guid":{"rendered":"https:\/\/codengine3.ch\/?product=import-placeholder-for-204706"},"modified":"2025-12-12T11:56:44","modified_gmt":"2025-12-12T10:56:44","slug":"escalade-en-isere-tome-2","status":"publish","type":"product","link":"https:\/\/pizbube.ch\/en\/shop\/escalade-en-isere-tome-2\/","title":{"rendered":"Escalade en Is\u00e8re &#8211; Tome 2"},"content":{"rendered":"<p>Escalade en Is\u00e8re Tome 2<\/p>\n<p>Escalade en Is\u00e8re Tome 2 \u00e9dit\u00e9 par la FFME Is\u00e8re reprend 66 sites d&#8217;escalade<br \/>\ndu Vercors, Belledonne, Oisans et Valbonnais.<br \/>\nJoli bouquin de 384 pages en couleur, il d\u00e9crit de nombreux sites et secteur<br \/>\nd\u2019escalade.<\/p>\n<p>Agr\u00e9able \u00e0 lire, vous trouverez sur ce topo, les acc\u00e8s, parking, acc\u00e8s aux<br \/>\nfalaises, le trac\u00e9 des voies sur photos et\/ou croquis et bien sur leurs<br \/>\ncotations\u2026<\/p>\n<p>&#8211; Vercors<br \/>\n&#8211; Belledonne Oisans<br \/>\n&#8211; Valbonnais Matheysine<\/p>\n<p>Dans ce topo :<\/p>\n<ul>\n<li>Vercors ( L&#8217;Albenc, les Ecouges, Malleval en Vercors, la R\u00e9serve, Petits Goulets, le Charmeil, les Nugues, Tina Dalle, D\u00e9gueuloir, Balme Etrange, Pierrot Beach, la Crique, la Goulandi\u00e8re, Saint-Nizier &#8211; la Roche, les Trois Pucelles &#8211; le Couteau, le Rocher de l&#8217;Ane, Lolette, Lans-en-Vercors, Le Col de l&#8217;Arc, les Alli\u00e8res, les Ram\u00e9es, le Vallon de la Fauge, Corren\u00e7on &#8211; Combeauvieux, Saint-Ange, Saint-Paul-de-Varces, les Saillants du Gua, Chez Maman, le Merl\u00e9, Gresse-en-Vercors : le Serpaton, Col des deux &#8211; Rocher des 5 t\u00eates, Combe de Gresse, Tr\u00e9zanne, Chichilianne : Chateaux-Vieux, Pierres triples)<\/li>\n<li>Belledonne &#8211; Oisans &#8211; Valbonnais, matheysine, tri\u00e8ves ( L&#8217;arselle, Bachat Bouloud, La croix de Chamrousse, La grotte de Casse Rousse, la Betta, Super Collet, Rocher des Biassus, le Ch\u00e2teau de S\u00e9chilienne, Secteur EDF, Livet, les Petites Jorrasses, La carri\u00e8re d&#8217;Allemont, les Sables, le Vert, le Vernis, la Grave : la Rivoire, les Fr\u00e9aux, les Ayes, Arsine, l&#8217;Alpe d&#8217;Huez &#8211; Lac Besson, la Dalle de la Fare, Vaujauny &#8211; la Fare, les Ougiers, Venosc &#8211; les Etroits, Saint Christophe en Oisans &#8211; le Collet, Le Ranc de la Marsare, La B\u00e9rarde : T\u00eataille, la Maye, Super Maye, le Torrent, Petite Rochaille, Grande Rochaille, l&#8216; Eblouis, la Dalle Rouge, Grande Aiguille, Mens &#8211; le Ch\u00e2tel, Cord\u00e9ac, Pont de Ponsonnas, Roche Corbeyre, le Versennat, le Villaret , La cascade &#8211; la Morte, les Mirets, Chauvetat, Rocher des 11 heures, le Pont du Pr\u00eatre, les Pinets, la Chalp, Grande Dalle, Dalle de Chantelouve )<\/li>\n<\/ul>","protected":false},"excerpt":{"rendered":"<p>Escalade en Is\u00e8re Tome 2 Escalade en Is\u00e8re Tome 2 \u00e9dit\u00e9 par la FFME Is\u00e8re reprend 66 sites d&#8217;escalade du Vercors, Belledonne, Oisans et Valbonnais. Joli bouquin de 384 pages en couleur, il d\u00e9crit de nombreux sites et secteur d\u2019escalade. Agr\u00e9able \u00e0 lire, vous trouverez sur ce topo, les acc\u00e8s, parking, acc\u00e8s aux falaises, le [&#8230;]\n","protected":false},"featured_media":160447,"template":"","meta":[],"product_brand":[],"product_cat":[21539],"product_tag":[],"class_list":{"0":"post-149025","1":"product","2":"type-product","3":"status-publish","4":"has-post-thumbnail","6":"product_cat-fuehrerliteratur-sportklettern-bouldern","7":"pa_autor-meyer-ffme","8":"pa_erscheinungsjahr-25440","9":"pa_region-frankreich","10":"pa_sprache-fr","12":"first","13":"instock","14":"taxable","15":"shipping-taxable","16":"purchasable","17":"product-type-simple"},"_links":{"self":[{"href":"https:\/\/pizbube.ch\/en\/wp-json\/wp\/v2\/product\/149025","targetHints":{"allow":["GET"]}}],"collection":[{"href":"https:\/\/pizbube.ch\/en\/wp-json\/wp\/v2\/product"}],"about":[{"href":"https:\/\/pizbube.ch\/en\/wp-json\/wp\/v2\/types\/product"}],"wp:featuredmedia":[{"embeddable":true,"href":"https:\/\/pizbube.ch\/en\/wp-json\/wp\/v2\/media\/160447"}],"wp:attachment":[{"href":"https:\/\/pizbube.ch\/en\/wp-json\/wp\/v2\/media?parent=149025"}],"wp:term":[{"taxonomy":"product_brand","embeddable":true,"href":"https:\/\/pizbube.ch\/en\/wp-json\/wp\/v2\/product_brand?post=149025"},{"taxonomy":"product_cat","embeddable":true,"href":"https:\/\/pizbube.ch\/en\/wp-json\/wp\/v2\/product_cat?post=149025"},{"taxonomy":"product_tag","embeddable":true,"href":"https:\/\/pizbube.ch\/en\/wp-json\/wp\/v2\/product_tag?post=149025"}],"curies":[{"name":"wp","href":"https:\/\/api.w.org\/{rel}","templated":true}]}}