{"id":149027,"date":"2021-01-15T10:58:39","date_gmt":"2021-01-15T10:58:39","guid":{"rendered":"https:\/\/codengine3.ch\/?product=import-placeholder-for-200558"},"modified":"2021-01-15T10:58:46","modified_gmt":"2021-01-15T10:58:46","slug":"auf-stillen-wegen-an-starke-orte","status":"publish","type":"product","link":"https:\/\/pizbube.ch\/en\/shop\/auf-stillen-wegen-an-starke-orte\/","title":{"rendered":"Auf stillen Wegen an starke Orte"},"content":{"rendered":"<p>Ruhe finden und Kraft sch\u00f6pfen auf Wanderungen durch vertr\u00e4umte<br \/>\nNaturlandschaften der Schweiz<\/p>\n<p>In der heutigen lauten und hektischen, von Terminen und Stress gepr\u00e4gten<br \/>\nAlltagswelt sehnen sich viele Menschen nach Tagen der Ruhe, um K\u00f6rper und<br \/>\nGeist zu entspannen und neue Kraft zu sch\u00f6pfen. Und am sch\u00f6nsten und besten<br \/>\nentspannt man sich in der Natur. Dieses Buch bietet rund 40 sorgf\u00e4ltig<br \/>\nausgew\u00e4hlte Wanderungen, die sich ideal dazu eignen. Auf stillen Wegen abseits<br \/>\nder Massenstr\u00f6me l\u00e4sst es sich wunderbar abschalten &#8211; auf Wegen durch<br \/>\nm\u00e4rchenhafte W\u00e4lder, entlang vertr\u00e4umter Fl\u00fcsse und durch urt\u00fcmliche<br \/>\nBergwelten.<\/p>\n<p>An starken Orten wie versteckten<br \/>\nWasserf\u00e4llen, uralten Baumhainen oder verborgenen Bergseen kann man in<br \/>\nRuhe auftanken und zu frischen Kr\u00e4ften kommen. Die Wanderungen sind \u00fcber die<br \/>\nganze Schweiz verteilt, nie zu lang oder zu schwierig, und alle sind mit<br \/>\n\u00f6ffentlichen Verkehrsmitteln gut zu erreichen. Zehn Inspirationen und Tipps<br \/>\nzum Thema Achtsamkeit und Entspannung helfen, die Wanderungen besonders<br \/>\nerholsam zu machen. So wird jeder Tag in der Natur zu einer Quelle der Ruhe,<br \/>\nder Freude und des inneren Gl\u00fccks.<\/p>","protected":false},"excerpt":{"rendered":"<p>Ruhe finden und Kraft sch\u00f6pfen auf Wanderungen durch vertr\u00e4umte Naturlandschaften der Schweiz In der heutigen lauten und hektischen, von Terminen und Stress gepr\u00e4gten Alltagswelt sehnen sich viele Menschen nach Tagen der Ruhe, um K\u00f6rper und Geist zu entspannen und neue Kraft zu sch\u00f6pfen. Und am sch\u00f6nsten und besten entspannt man sich in der Natur. Dieses [&#8230;]\n","protected":false},"featured_media":27285,"template":"","meta":[],"product_brand":[],"product_cat":[21605],"product_tag":[],"class_list":{"0":"post-149027","1":"product","2":"type-product","3":"status-publish","4":"has-post-thumbnail","6":"product_cat-wanderfuehrer-trekking","7":"pa_autor-staffelbach","8":"pa_erscheinungsjahr-21568","9":"pa_region-schweiz","10":"pa_sprache-de","12":"first","13":"instock","14":"taxable","15":"shipping-taxable","16":"purchasable","17":"product-type-simple"},"_links":{"self":[{"href":"https:\/\/pizbube.ch\/en\/wp-json\/wp\/v2\/product\/149027","targetHints":{"allow":["GET"]}}],"collection":[{"href":"https:\/\/pizbube.ch\/en\/wp-json\/wp\/v2\/product"}],"about":[{"href":"https:\/\/pizbube.ch\/en\/wp-json\/wp\/v2\/types\/product"}],"wp:featuredmedia":[{"embeddable":true,"href":"https:\/\/pizbube.ch\/en\/wp-json\/wp\/v2\/media\/27285"}],"wp:attachment":[{"href":"https:\/\/pizbube.ch\/en\/wp-json\/wp\/v2\/media?parent=149027"}],"wp:term":[{"taxonomy":"product_brand","embeddable":true,"href":"https:\/\/pizbube.ch\/en\/wp-json\/wp\/v2\/product_brand?post=149027"},{"taxonomy":"product_cat","embeddable":true,"href":"https:\/\/pizbube.ch\/en\/wp-json\/wp\/v2\/product_cat?post=149027"},{"taxonomy":"product_tag","embeddable":true,"href":"https:\/\/pizbube.ch\/en\/wp-json\/wp\/v2\/product_tag?post=149027"}],"curies":[{"name":"wp","href":"https:\/\/api.w.org\/{rel}","templated":true}]}}