{"id":149028,"date":"2021-01-15T10:58:40","date_gmt":"2021-01-15T10:58:40","guid":{"rendered":"https:\/\/codengine3.ch\/?product=import-placeholder-for-207468"},"modified":"2025-03-24T13:29:35","modified_gmt":"2025-03-24T12:29:35","slug":"naturdenkmaeler-der-schweiz","status":"publish","type":"product","link":"https:\/\/pizbube.ch\/en\/shop\/naturdenkmaeler-der-schweiz\/","title":{"rendered":"Naturdenkm\u00e4ler der Schweiz"},"content":{"rendered":"<p>Das grosse Wander- und Erlebnisbuch<\/p>\n<p>Die landschaftliche Vielfalt der Schweiz ist auch im weltweiten Vergleich<br \/>\neinzigartig. Selbst das Meer findet hier einen w\u00fcrdigen Ersatz durch die<br \/>\nvielen Seen, deren Farbenspiel es ohne weiteres mit jenem der Karibik<br \/>\naufnehmen kann. Sie sind als \u00dcberbleibsel der letzten Eiszeit ebenso<br \/>\nlandschaftspr\u00e4gend wie Schluchten, Wasserf\u00e4lle, H\u00f6hlen, Gletscher, glaziale<br \/>\nLandschaften oder Erdpyramiden. Die Kraft und Geduld der Natur hat sie in<br \/>\ngrosser Vielfalt geformt. Manche von ihnen geniessen den Status eines Denkmals<br \/>\nder Natur.<\/p>\n<p>Dieses Buch vereint 39 Schweizer Naturdenkm\u00e4ler. Einige, etwa die<br \/>\nViamalaschlucht, der Aletschgletscher oder die Tr\u00fcmmelbachf\u00e4lle, sind<br \/>\nweltber\u00fchmt, andere, darunter das Ofenloch im Toggenburg, die T\u00fcfelschilen bei<br \/>\nWinterthur oder die Erdpyramiden im Val Sinestra im Unterengadin, sind nur<br \/>\nInsidern bekannt. Der Naturfotograf Roland Gerth r\u00fcckt die Naturdenkm\u00e4ler ins<br \/>\nrechte, oft spektakul\u00e4re Licht. Die Autoren Ronald Decker, Martin Arnold und<br \/>\nUrs Fitze beschreiben sie in Reportagen, die auch das nicht immer<br \/>\nkonfliktfreie Verh\u00e4ltnis des Menschen zur Natur zum Thema haben. Wandertipps<br \/>\nmit Karte, Hinweise zu Anreise, Gastronomie, Hotellerie runden die Beitr\u00e4ge<br \/>\nab.<\/p>","protected":false},"excerpt":{"rendered":"<p>Das grosse Wander- und Erlebnisbuch Die landschaftliche Vielfalt der Schweiz ist auch im weltweiten Vergleich einzigartig. Selbst das Meer findet hier einen w\u00fcrdigen Ersatz durch die vielen Seen, deren Farbenspiel es ohne weiteres mit jenem der Karibik aufnehmen kann. Sie sind als \u00dcberbleibsel der letzten Eiszeit ebenso landschaftspr\u00e4gend wie Schluchten, Wasserf\u00e4lle, H\u00f6hlen, Gletscher, glaziale Landschaften [&#8230;]\n","protected":false},"featured_media":37549,"template":"","meta":[],"product_brand":[],"product_cat":[21605],"product_tag":[],"class_list":{"0":"post-149028","1":"product","2":"type-product","3":"status-publish","4":"has-post-thumbnail","6":"product_cat-wanderfuehrer-trekking","7":"pa_autor-arnold","8":"pa_erscheinungsjahr-21568","9":"pa_region-schweiz","10":"pa_sprache-de","12":"first","13":"outofstock","14":"taxable","15":"shipping-taxable","16":"purchasable","17":"product-type-simple"},"_links":{"self":[{"href":"https:\/\/pizbube.ch\/en\/wp-json\/wp\/v2\/product\/149028","targetHints":{"allow":["GET"]}}],"collection":[{"href":"https:\/\/pizbube.ch\/en\/wp-json\/wp\/v2\/product"}],"about":[{"href":"https:\/\/pizbube.ch\/en\/wp-json\/wp\/v2\/types\/product"}],"wp:featuredmedia":[{"embeddable":true,"href":"https:\/\/pizbube.ch\/en\/wp-json\/wp\/v2\/media\/37549"}],"wp:attachment":[{"href":"https:\/\/pizbube.ch\/en\/wp-json\/wp\/v2\/media?parent=149028"}],"wp:term":[{"taxonomy":"product_brand","embeddable":true,"href":"https:\/\/pizbube.ch\/en\/wp-json\/wp\/v2\/product_brand?post=149028"},{"taxonomy":"product_cat","embeddable":true,"href":"https:\/\/pizbube.ch\/en\/wp-json\/wp\/v2\/product_cat?post=149028"},{"taxonomy":"product_tag","embeddable":true,"href":"https:\/\/pizbube.ch\/en\/wp-json\/wp\/v2\/product_tag?post=149028"}],"curies":[{"name":"wp","href":"https:\/\/api.w.org\/{rel}","templated":true}]}}