{"id":149029,"date":"2021-01-15T10:58:40","date_gmt":"2021-01-15T10:58:40","guid":{"rendered":"https:\/\/codengine3.ch\/?product=import-placeholder-for-201202"},"modified":"2021-08-04T14:42:03","modified_gmt":"2021-08-04T12:42:03","slug":"alpenkloester","status":"publish","type":"product","link":"https:\/\/pizbube.ch\/en\/shop\/alpenkloester\/","title":{"rendered":"Alpenkl\u00f6ster"},"content":{"rendered":"<p>25 kraftvolle Orte der Stille<\/p>\n<p>Klosterferien &#8211; Ferien f\u00fcr Seele und Sinne &#8211; Freir\u00e4ume f\u00fcrs Wesentliche &#8211;<br \/>\nAngebote f\u00fcr Auszeiten in Kl\u00f6stern &#8211; Klosterg\u00e4rten &#8211; Erholung f\u00fcr einen Tag &#8211;<br \/>\nKonfession kein Thema: Orte der Stille in den Alpen Ein Kloster ist eine Welt<br \/>\nf\u00fcr sich. In kurzen oder l\u00e4ngeren Auszeiten abseits vom pers\u00f6nlichen Alltag<br \/>\nfinden immer mehr Menschen in der Stille zu den f\u00fcr sie wesentlichen Fragen.<br \/>\nOb bei einem Tagesausflug im Klostergarten, in der Klostermanufaktur, einer<br \/>\ngem\u00fctlichen Einkehr in der Klosterschenke oder bei einer l\u00e4ngeren Retraite:<br \/>\nKl\u00f6ster sind h\u00e4ufig Orte der Kraft, die sowohl belebend und inspirierend als<br \/>\nauch ganzheitlich entspannend wirken. Die 30 sch\u00f6nsten Kl\u00f6ster aus dem<br \/>\nAlpenraum finden sich in diesem besonderen F\u00fchrer.<\/p>\n<p>Inhalt:<br \/>\n&#8211; Benediktinerinnenkloster St. Niklaus von Fl\u00fce, Melchtal, CH &#8211;<br \/>\nBenediktinnerinnen Kloster St. Johann, M\u00fcstair, CH &#8211; Jesuiten Lassalle-Haus,<br \/>\nBad Sch\u00f6nbrunn, CH &#8211; Bildungshaus Fernblick, Teufen; Zen, Mystik, CH &#8211;<br \/>\nStiftung Felsentor, Vitznau; interreligi\u00f6se Gemeinschaft, CH &#8211; Retreat-<br \/>\nZentrum, Amden; Buddhismus, CH &#8211; Rabten Choeling, Le Mont-P\u00e8lerin; Buddhismus,<br \/>\nCH &#8211; Propstei St. Gerold, Sankt Gerold, A &#8211; Maria Weissenstein, Petersberg, I<br \/>\n&#8211; Benediktinerinnen-Abtei Frauenw\u00f6rth im Chiemsee, Chiemsee, D &#8211;<br \/>\nBenediktinerabtei Ettal, Ettal, D, u.v.m.<\/p>\n<p>Ausf\u00fchrliche Portr\u00e4ts sowie Informationen zum Angebot Aufenthalt, Laden,<br \/>\nGarten, Kurse, Exerzitien, Essen, Wander- und Ausflugsziele in der Umgebung<\/p>","protected":false},"excerpt":{"rendered":"<ul>\n<li><a href=\"https:\/\/pizbube.ch\/wp-content\/uploads\/attachments\/a_006\/446230CFFF944FACAF52A350ADB9E6F5.pdf\" target=\"_blank\" rel=\"noopener\">PDF: Leseprobe_Alpenkloester.pdf<\/a><\/li>\n<\/ul>","protected":false},"featured_media":28416,"template":"","meta":[],"product_brand":[],"product_cat":[22143],"product_tag":[],"class_list":{"0":"post-149029","1":"product","2":"type-product","3":"status-publish","4":"has-post-thumbnail","6":"product_cat-huettenverzeichnisse-hotelfuehrer","7":"pa_autor-mueller","8":"pa_erscheinungsjahr-21597","9":"pa_region-schweiz","10":"pa_sprache-de","12":"first","13":"instock","14":"taxable","15":"shipping-taxable","16":"purchasable","17":"product-type-simple"},"_links":{"self":[{"href":"https:\/\/pizbube.ch\/en\/wp-json\/wp\/v2\/product\/149029","targetHints":{"allow":["GET"]}}],"collection":[{"href":"https:\/\/pizbube.ch\/en\/wp-json\/wp\/v2\/product"}],"about":[{"href":"https:\/\/pizbube.ch\/en\/wp-json\/wp\/v2\/types\/product"}],"wp:featuredmedia":[{"embeddable":true,"href":"https:\/\/pizbube.ch\/en\/wp-json\/wp\/v2\/media\/28416"}],"wp:attachment":[{"href":"https:\/\/pizbube.ch\/en\/wp-json\/wp\/v2\/media?parent=149029"}],"wp:term":[{"taxonomy":"product_brand","embeddable":true,"href":"https:\/\/pizbube.ch\/en\/wp-json\/wp\/v2\/product_brand?post=149029"},{"taxonomy":"product_cat","embeddable":true,"href":"https:\/\/pizbube.ch\/en\/wp-json\/wp\/v2\/product_cat?post=149029"},{"taxonomy":"product_tag","embeddable":true,"href":"https:\/\/pizbube.ch\/en\/wp-json\/wp\/v2\/product_tag?post=149029"}],"curies":[{"name":"wp","href":"https:\/\/api.w.org\/{rel}","templated":true}]}}